{"id":574,"date":"2016-04-16T19:51:42","date_gmt":"2016-04-16T17:51:42","guid":{"rendered":"http:\/\/aic-giovannetti.info\/?page_id=574"},"modified":"2022-03-10T11:02:52","modified_gmt":"2022-03-10T10:02:52","slug":"liens-web","status":"publish","type":"page","link":"https:\/\/aic-giovannetti.info\/index.php\/liens-web\/","title":{"rendered":"Liens web"},"content":{"rendered":"<div class=\"wpb-content-wrapper\"><p>[vc_row][vc_column][vc_column_text]<\/p>\n<h3 style=\"text-align: justify;\">Sites web de partenaires ou sites recommand\u00e9s<\/h3>\n<ul>\n<li><a href=\"https:\/\/fr-fr.facebook.com\/aicgiovannetti\/\">https:\/\/fr-fr.facebook.com\/aicgiovannetti\/<\/a><\/li>\n<\/ul>\n<p>&nbsp;<\/p>\n<ul>\n<li>\u00a0<a href=\"http:\/\/sp-boulangerieparis.fr\/\" target=\"_blank\" rel=\"noopener noreferrer\"><strong>Chambre patronale boulangers-p\u00e2tissiers du Grand\u00a0Paris<\/strong><\/a><\/li>\n<\/ul>\n<p>&nbsp;<\/p>\n<ul>\n<li style=\"text-align: left;\"><strong><a href=\"http:\/\/asdepic.eu\/\" target=\"_blank\" rel=\"noopener noreferrer\">As de pic<\/a><\/strong>, soci\u00e9t\u00e9 de lutte contre les nuisible<\/li>\n<\/ul>\n<p>&nbsp;<\/p>\n<ul>\n<li style=\"text-align: left;\"><strong><span style=\"color: #ff6600;\">Alc-consultant<\/span> <\/strong>: (Vendre, acheter des boulangeries) <a href=\"http:\/\/www.alc-consultants.fr\">http:\/\/www.alc-consultants.fr<\/a><\/li>\n<\/ul>\n<p>&nbsp;<\/p>\n<ul>\n<li><a href=\"https:\/\/pco75.com\/\">Paris Cycliste Olympique<\/a><\/li>\n<\/ul>\n<p>&nbsp;<\/p>\n<p>&nbsp;<\/p>\n<ul>\n<li><a href=\"https:\/\/pco75.com\/\" target=\"_blank\" rel=\"noopener\"><img loading=\"lazy\" decoding=\"async\" class=\"aligncenter wp-image-1733 size-medium\" src=\"https:\/\/aic-giovannetti.info\/wp-content\/uploads\/2022\/03\/Logo-Paris-Cycliste-Olympique-sans-fond-278x300.png\" alt=\"\" width=\"278\" height=\"300\" srcset=\"https:\/\/aic-giovannetti.info\/wp-content\/uploads\/2022\/03\/Logo-Paris-Cycliste-Olympique-sans-fond-278x300.png 278w, https:\/\/aic-giovannetti.info\/wp-content\/uploads\/2022\/03\/Logo-Paris-Cycliste-Olympique-sans-fond-768x829.png 768w, https:\/\/aic-giovannetti.info\/wp-content\/uploads\/2022\/03\/Logo-Paris-Cycliste-Olympique-sans-fond.png 939w\" sizes=\"auto, (max-width: 278px) 100vw, 278px\" \/><\/a><\/li>\n<\/ul>\n<p>[\/vc_column_text][\/vc_column][\/vc_row][vc_row][vc_column][vc_column_text]&nbsp;[\/vc_column_text][\/vc_column][\/vc_row]<\/p>\n<\/div>","protected":false},"excerpt":{"rendered":"<p>[vc_row][vc_column][vc_column_text] Sites web de partenaires ou sites recommand\u00e9s https:\/\/fr-fr.facebook.com\/aicgiovannetti\/ &nbsp; \u00a0Chambre patronale boulangers-p\u00e2tissiers du Grand\u00a0Paris &nbsp; As de pic, soci\u00e9t\u00e9 de lutte contre les nuisible &nbsp; Alc-consultant : (Vendre, acheter des boulangeries) http:\/\/www.alc-consultants.fr &nbsp; Paris Cycliste Olympique &nbsp; &nbsp; [\/vc_column_text][\/vc_column][\/vc_row][vc_row][vc_column][vc_column_text]&nbsp;[\/vc_column_text][\/vc_column][\/vc_row]<\/p>\n","protected":false},"author":1,"featured_media":0,"parent":0,"menu_order":0,"comment_status":"closed","ping_status":"closed","template":"","meta":{"footnotes":""},"class_list":["post-574","page","type-page","status-publish","hentry"],"yoast_head":"<!-- This site is optimized with the Yoast SEO plugin v27.4 - https:\/\/yoast.com\/product\/yoast-seo-wordpress\/ -->\n<title>Liens web - Courtier g\u00e9n\u00e9raliste en assurances, sp\u00e9cialiste des boulangers et des m\u00e9tiers de bouche<\/title>\n<meta name=\"robots\" content=\"index, follow, max-snippet:-1, max-image-preview:large, max-video-preview:-1\" \/>\n<link rel=\"canonical\" href=\"https:\/\/aic-giovannetti.info\/index.php\/liens-web\/\" \/>\n<meta property=\"og:locale\" content=\"fr_FR\" \/>\n<meta property=\"og:type\" content=\"article\" \/>\n<meta property=\"og:title\" content=\"Liens web - Courtier g\u00e9n\u00e9raliste en assurances, sp\u00e9cialiste des boulangers et des m\u00e9tiers de bouche\" \/>\n<meta property=\"og:description\" content=\"[vc_row][vc_column][vc_column_text] Sites web de partenaires ou sites recommand\u00e9s https:\/\/fr-fr.facebook.com\/aicgiovannetti\/ &nbsp; \u00a0Chambre patronale boulangers-p\u00e2tissiers du Grand\u00a0Paris &nbsp; As de pic, soci\u00e9t\u00e9 de lutte contre les nuisible &nbsp; Alc-consultant : (Vendre, acheter des boulangeries) http:\/\/www.alc-consultants.fr &nbsp; Paris Cycliste Olympique &nbsp; &nbsp; [\/vc_column_text][\/vc_column][\/vc_row][vc_row][vc_column][vc_column_text]&nbsp;[\/vc_column_text][\/vc_column][\/vc_row]\" \/>\n<meta property=\"og:url\" content=\"https:\/\/aic-giovannetti.info\/index.php\/liens-web\/\" \/>\n<meta property=\"og:site_name\" content=\"Courtier g\u00e9n\u00e9raliste en assurances, sp\u00e9cialiste des boulangers et des m\u00e9tiers de bouche\" \/>\n<meta property=\"article:publisher\" content=\"https:\/\/www.facebook.com\/aicgiovannetti\/\" \/>\n<meta property=\"article:modified_time\" content=\"2022-03-10T10:02:52+00:00\" \/>\n<meta property=\"og:image\" content=\"http:\/\/aic-giovannetti.info\/wp-content\/uploads\/2022\/03\/Logo-Paris-Cycliste-Olympique-sans-fond-278x300.png\" \/>\n<meta name=\"twitter:card\" content=\"summary_large_image\" \/>\n<script type=\"application\/ld+json\" class=\"yoast-schema-graph\">{\"@context\":\"https:\\\/\\\/schema.org\",\"@graph\":[{\"@type\":\"WebPage\",\"@id\":\"https:\\\/\\\/aic-giovannetti.info\\\/index.php\\\/liens-web\\\/\",\"url\":\"https:\\\/\\\/aic-giovannetti.info\\\/index.php\\\/liens-web\\\/\",\"name\":\"Liens web - Courtier g\u00e9n\u00e9raliste en assurances, sp\u00e9cialiste des boulangers et des m\u00e9tiers de bouche\",\"isPartOf\":{\"@id\":\"https:\\\/\\\/aic-giovannetti.info\\\/#website\"},\"primaryImageOfPage\":{\"@id\":\"https:\\\/\\\/aic-giovannetti.info\\\/index.php\\\/liens-web\\\/#primaryimage\"},\"image\":{\"@id\":\"https:\\\/\\\/aic-giovannetti.info\\\/index.php\\\/liens-web\\\/#primaryimage\"},\"thumbnailUrl\":\"http:\\\/\\\/aic-giovannetti.info\\\/wp-content\\\/uploads\\\/2022\\\/03\\\/Logo-Paris-Cycliste-Olympique-sans-fond-278x300.png\",\"datePublished\":\"2016-04-16T17:51:42+00:00\",\"dateModified\":\"2022-03-10T10:02:52+00:00\",\"breadcrumb\":{\"@id\":\"https:\\\/\\\/aic-giovannetti.info\\\/index.php\\\/liens-web\\\/#breadcrumb\"},\"inLanguage\":\"fr-FR\",\"potentialAction\":[{\"@type\":\"ReadAction\",\"target\":[\"https:\\\/\\\/aic-giovannetti.info\\\/index.php\\\/liens-web\\\/\"]}]},{\"@type\":\"ImageObject\",\"inLanguage\":\"fr-FR\",\"@id\":\"https:\\\/\\\/aic-giovannetti.info\\\/index.php\\\/liens-web\\\/#primaryimage\",\"url\":\"http:\\\/\\\/aic-giovannetti.info\\\/wp-content\\\/uploads\\\/2022\\\/03\\\/Logo-Paris-Cycliste-Olympique-sans-fond-278x300.png\",\"contentUrl\":\"http:\\\/\\\/aic-giovannetti.info\\\/wp-content\\\/uploads\\\/2022\\\/03\\\/Logo-Paris-Cycliste-Olympique-sans-fond-278x300.png\"},{\"@type\":\"BreadcrumbList\",\"@id\":\"https:\\\/\\\/aic-giovannetti.info\\\/index.php\\\/liens-web\\\/#breadcrumb\",\"itemListElement\":[{\"@type\":\"ListItem\",\"position\":1,\"name\":\"Accueil\",\"item\":\"https:\\\/\\\/aic-giovannetti.info\\\/\"},{\"@type\":\"ListItem\",\"position\":2,\"name\":\"Liens web\"}]},{\"@type\":\"WebSite\",\"@id\":\"https:\\\/\\\/aic-giovannetti.info\\\/#website\",\"url\":\"https:\\\/\\\/aic-giovannetti.info\\\/\",\"name\":\"AIC-Giovannetti\",\"description\":\"Particuliers, entreprises, artisans, commer\u00e7ants et professions lib\u00e9rales\",\"publisher\":{\"@id\":\"https:\\\/\\\/aic-giovannetti.info\\\/#organization\"},\"potentialAction\":[{\"@type\":\"SearchAction\",\"target\":{\"@type\":\"EntryPoint\",\"urlTemplate\":\"https:\\\/\\\/aic-giovannetti.info\\\/?s={search_term_string}\"},\"query-input\":{\"@type\":\"PropertyValueSpecification\",\"valueRequired\":true,\"valueName\":\"search_term_string\"}}],\"inLanguage\":\"fr-FR\"},{\"@type\":\"Organization\",\"@id\":\"https:\\\/\\\/aic-giovannetti.info\\\/#organization\",\"name\":\"AIC-Giovannetti Courtier g\u00e9n\u00e9raliste en assurances, sp\u00e9cialiste des boulangers et des m\u00e9tiers de bouche\",\"url\":\"https:\\\/\\\/aic-giovannetti.info\\\/\",\"logo\":{\"@type\":\"ImageObject\",\"inLanguage\":\"fr-FR\",\"@id\":\"https:\\\/\\\/aic-giovannetti.info\\\/#\\\/schema\\\/logo\\\/image\\\/\",\"url\":\"http:\\\/\\\/aic-giovannetti.info\\\/wp-content\\\/uploads\\\/2023\\\/02\\\/aic.jpg\",\"contentUrl\":\"http:\\\/\\\/aic-giovannetti.info\\\/wp-content\\\/uploads\\\/2023\\\/02\\\/aic.jpg\",\"width\":180,\"height\":180,\"caption\":\"AIC-Giovannetti Courtier g\u00e9n\u00e9raliste en assurances, sp\u00e9cialiste des boulangers et des m\u00e9tiers de bouche\"},\"image\":{\"@id\":\"https:\\\/\\\/aic-giovannetti.info\\\/#\\\/schema\\\/logo\\\/image\\\/\"},\"sameAs\":[\"https:\\\/\\\/www.facebook.com\\\/aicgiovannetti\\\/\"]}]}<\/script>\n<!-- \/ Yoast SEO plugin. -->","yoast_head_json":{"title":"Liens web - Courtier g\u00e9n\u00e9raliste en assurances, sp\u00e9cialiste des boulangers et des m\u00e9tiers de bouche","robots":{"index":"index","follow":"follow","max-snippet":"max-snippet:-1","max-image-preview":"max-image-preview:large","max-video-preview":"max-video-preview:-1"},"canonical":"https:\/\/aic-giovannetti.info\/index.php\/liens-web\/","og_locale":"fr_FR","og_type":"article","og_title":"Liens web - Courtier g\u00e9n\u00e9raliste en assurances, sp\u00e9cialiste des boulangers et des m\u00e9tiers de bouche","og_description":"[vc_row][vc_column][vc_column_text] Sites web de partenaires ou sites recommand\u00e9s https:\/\/fr-fr.facebook.com\/aicgiovannetti\/ &nbsp; \u00a0Chambre patronale boulangers-p\u00e2tissiers du Grand\u00a0Paris &nbsp; As de pic, soci\u00e9t\u00e9 de lutte contre les nuisible &nbsp; Alc-consultant : (Vendre, acheter des boulangeries) http:\/\/www.alc-consultants.fr &nbsp; Paris Cycliste Olympique &nbsp; &nbsp; [\/vc_column_text][\/vc_column][\/vc_row][vc_row][vc_column][vc_column_text]&nbsp;[\/vc_column_text][\/vc_column][\/vc_row]","og_url":"https:\/\/aic-giovannetti.info\/index.php\/liens-web\/","og_site_name":"Courtier g\u00e9n\u00e9raliste en assurances, sp\u00e9cialiste des boulangers et des m\u00e9tiers de bouche","article_publisher":"https:\/\/www.facebook.com\/aicgiovannetti\/","article_modified_time":"2022-03-10T10:02:52+00:00","og_image":[{"url":"http:\/\/aic-giovannetti.info\/wp-content\/uploads\/2022\/03\/Logo-Paris-Cycliste-Olympique-sans-fond-278x300.png","type":"","width":"","height":""}],"twitter_card":"summary_large_image","schema":{"@context":"https:\/\/schema.org","@graph":[{"@type":"WebPage","@id":"https:\/\/aic-giovannetti.info\/index.php\/liens-web\/","url":"https:\/\/aic-giovannetti.info\/index.php\/liens-web\/","name":"Liens web - Courtier g\u00e9n\u00e9raliste en assurances, sp\u00e9cialiste des boulangers et des m\u00e9tiers de bouche","isPartOf":{"@id":"https:\/\/aic-giovannetti.info\/#website"},"primaryImageOfPage":{"@id":"https:\/\/aic-giovannetti.info\/index.php\/liens-web\/#primaryimage"},"image":{"@id":"https:\/\/aic-giovannetti.info\/index.php\/liens-web\/#primaryimage"},"thumbnailUrl":"http:\/\/aic-giovannetti.info\/wp-content\/uploads\/2022\/03\/Logo-Paris-Cycliste-Olympique-sans-fond-278x300.png","datePublished":"2016-04-16T17:51:42+00:00","dateModified":"2022-03-10T10:02:52+00:00","breadcrumb":{"@id":"https:\/\/aic-giovannetti.info\/index.php\/liens-web\/#breadcrumb"},"inLanguage":"fr-FR","potentialAction":[{"@type":"ReadAction","target":["https:\/\/aic-giovannetti.info\/index.php\/liens-web\/"]}]},{"@type":"ImageObject","inLanguage":"fr-FR","@id":"https:\/\/aic-giovannetti.info\/index.php\/liens-web\/#primaryimage","url":"http:\/\/aic-giovannetti.info\/wp-content\/uploads\/2022\/03\/Logo-Paris-Cycliste-Olympique-sans-fond-278x300.png","contentUrl":"http:\/\/aic-giovannetti.info\/wp-content\/uploads\/2022\/03\/Logo-Paris-Cycliste-Olympique-sans-fond-278x300.png"},{"@type":"BreadcrumbList","@id":"https:\/\/aic-giovannetti.info\/index.php\/liens-web\/#breadcrumb","itemListElement":[{"@type":"ListItem","position":1,"name":"Accueil","item":"https:\/\/aic-giovannetti.info\/"},{"@type":"ListItem","position":2,"name":"Liens web"}]},{"@type":"WebSite","@id":"https:\/\/aic-giovannetti.info\/#website","url":"https:\/\/aic-giovannetti.info\/","name":"AIC-Giovannetti","description":"Particuliers, entreprises, artisans, commer\u00e7ants et professions lib\u00e9rales","publisher":{"@id":"https:\/\/aic-giovannetti.info\/#organization"},"potentialAction":[{"@type":"SearchAction","target":{"@type":"EntryPoint","urlTemplate":"https:\/\/aic-giovannetti.info\/?s={search_term_string}"},"query-input":{"@type":"PropertyValueSpecification","valueRequired":true,"valueName":"search_term_string"}}],"inLanguage":"fr-FR"},{"@type":"Organization","@id":"https:\/\/aic-giovannetti.info\/#organization","name":"AIC-Giovannetti Courtier g\u00e9n\u00e9raliste en assurances, sp\u00e9cialiste des boulangers et des m\u00e9tiers de bouche","url":"https:\/\/aic-giovannetti.info\/","logo":{"@type":"ImageObject","inLanguage":"fr-FR","@id":"https:\/\/aic-giovannetti.info\/#\/schema\/logo\/image\/","url":"http:\/\/aic-giovannetti.info\/wp-content\/uploads\/2023\/02\/aic.jpg","contentUrl":"http:\/\/aic-giovannetti.info\/wp-content\/uploads\/2023\/02\/aic.jpg","width":180,"height":180,"caption":"AIC-Giovannetti Courtier g\u00e9n\u00e9raliste en assurances, sp\u00e9cialiste des boulangers et des m\u00e9tiers de bouche"},"image":{"@id":"https:\/\/aic-giovannetti.info\/#\/schema\/logo\/image\/"},"sameAs":["https:\/\/www.facebook.com\/aicgiovannetti\/"]}]}},"_links":{"self":[{"href":"https:\/\/aic-giovannetti.info\/index.php\/wp-json\/wp\/v2\/pages\/574","targetHints":{"allow":["GET"]}}],"collection":[{"href":"https:\/\/aic-giovannetti.info\/index.php\/wp-json\/wp\/v2\/pages"}],"about":[{"href":"https:\/\/aic-giovannetti.info\/index.php\/wp-json\/wp\/v2\/types\/page"}],"author":[{"embeddable":true,"href":"https:\/\/aic-giovannetti.info\/index.php\/wp-json\/wp\/v2\/users\/1"}],"replies":[{"embeddable":true,"href":"https:\/\/aic-giovannetti.info\/index.php\/wp-json\/wp\/v2\/comments?post=574"}],"version-history":[{"count":24,"href":"https:\/\/aic-giovannetti.info\/index.php\/wp-json\/wp\/v2\/pages\/574\/revisions"}],"predecessor-version":[{"id":1735,"href":"https:\/\/aic-giovannetti.info\/index.php\/wp-json\/wp\/v2\/pages\/574\/revisions\/1735"}],"wp:attachment":[{"href":"https:\/\/aic-giovannetti.info\/index.php\/wp-json\/wp\/v2\/media?parent=574"}],"curies":[{"name":"wp","href":"https:\/\/api.w.org\/{rel}","templated":true}]}}