{"id":321,"date":"2016-01-29T19:49:31","date_gmt":"2016-01-29T18:49:31","guid":{"rendered":"http:\/\/aic-giovannetti.info\/?page_id=321"},"modified":"2016-04-18T16:46:24","modified_gmt":"2016-04-18T14:46:24","slug":"notre-offre-auto-moto-pour-les-professionnels","status":"publish","type":"page","link":"https:\/\/aic-giovannetti.info\/index.php\/notre-offre-auto-moto-pour-les-professionnels\/","title":{"rendered":"Notre offre Auto-moto pour les professionnels"},"content":{"rendered":"<div class=\"wpb-content-wrapper\"><p>[vc_row][vc_column width=\u00a0\u00bb2\/3&Prime;][vc_custom_heading text=\u00a0\u00bb\u00a0\u00bb google_fonts=\u00a0\u00bbfont_family:Montserrat%3Aregular%2C700|font_style:400%20regular%3A400%3Anormal\u00a0\u00bb][vc_column_text]En tant que courtier d\u2019assurance de r\u00e9f\u00e9rence sur le march\u00e9 de la multirisque\u00a0professionnelle des artisans commer\u00e7ants, nous avons pu n\u00e9gocier avec les\u00a0assureurs des tarifs pr\u00e9f\u00e9rentiels en fonction des diff\u00e9rents types de v\u00e9hicule (de\u00a0la petite citadine au v\u00e9hicule Haut de gamme, du scooter \u00e0 la moto de route)\u00a0avec des garanties compl\u00e8tes sur les protections du v\u00e9hicule, du conducteur et\u00a0des passagers.<\/p>\n<p><strong>R\u00e9duction jusqu\u2019\u00e0 30 % compl\u00e9mentaire<\/strong> sur le tarif propos\u00e9\u00a0g\u00e9n\u00e9ralement par les assureurs.<\/p>\n<p>Garantie du contenu professionnel dans le v\u00e9hicule sans majoration de\u00a0prime si assurance du commerce assur\u00e9 aupr\u00e8s de la m\u00eame compagnie.<\/p>\n<ul>\n<li>Assistance 0 kilom\u00e8tre<\/li>\n<li>garantie du conducteur jusqu\u2019\u00e0 1\u00a0000\u00a0000 \u20ac<\/li>\n<li>v\u00e9hicule de remplacement<\/li>\n<li>valeur \u00e0 neuf de votre v\u00e9hicule en cas de perte\u00a0totale avec option jusqu\u2019\u00e0 48 mois<\/li>\n<li>am\u00e9nagement du v\u00e9hicule<\/li>\n<li>protection\u00a0juridique pour litige li\u00e9 \u00e0 l\u2019auto<\/li>\n<li>formule kilom\u00e9trique pour les particuliers et le\u00a0professionnel.<\/li>\n<\/ul>\n<p>Gestion des sinistres directement par notre cabinet avec un service d\u00e9di\u00e9.<\/p>\n<p>Gestion des prises en charge. Mise en relation avec les garages agr\u00e9\u00e9s\u00a0(possibilit\u00e9 de prise en charge de votre v\u00e9hicule sur votre lieu de travail, ou votre\u00a0domicile, r\u00e9cup\u00e9ration et retour). R\u00e8glement direct au r\u00e9parateur ou \u00e0 votre\u00a0profit.<\/p>\n<p><strong>Tarif sp\u00e9cifique pour les jeunes conducteurs, enfants de nos clients<\/strong>. Accord\u00a0avec des assureurs sp\u00e9cialis\u00e9s pour les malus\u00e9s et les r\u00e9sili\u00e9s pour non\u00a0paiement.<\/p>\n<p>Nous pouvons \u00e9galement assurer les engins \u00e0 moteur suivant, votre Quad,\u00a0votre Jet Ski votre v\u00e9hicule de collection (\u00e0 partir de 150 \u20ac par an TTC), votre\u00a0tracteur \u00e0 la campagne etc. Et aussi cr\u00e9er un contrat Flotte automobile avec\u00a0v\u00e9hicules de l\u2019entreprise et personnel \u00e0 partir de 5 v\u00e9hicules.<\/p>\n<p>Les crit\u00e8res de tarification \u00e9tant divers et tr\u00e8s important pour l\u2019assurance\u00a0des v\u00e9hicules, nous vous demandons de bien vouloir nous contacter directement\u00a0afin d\u2019obtenir un devis personnalis\u00e9 et au plus juste prix en fonction de votre\u00a0situation et de votre besoin.<\/p>\n<p>Contrairement \u00e0 un comparateur, nous mettons \u00e0 votre service nos comp\u00e9tences en assurance, afin d&rsquo;\u00e9viter les erreurs de souscription qui peuvent entrainer, dans certains cas de sinistre, des d\u00e9ch\u00e9ances de garantie de la part de l&rsquo;assureur.[\/vc_column_text][\/vc_column][vc_column width=\u00a0\u00bb1\/3&Prime;][vc_row_inner][vc_column_inner][vc_column_text]<\/p>\n<h2><a href=\"https:\/\/aic-giovannetti.info\/index.php\/appointment-booking\/\"><img loading=\"lazy\" decoding=\"async\" class=\"alignleft size-full wp-image-359\" src=\"https:\/\/aic-giovannetti.info\/wp-content\/uploads\/2016\/01\/telephone-150pix.jpg\" alt=\"telephone-150pix\" width=\"150\" height=\"150\" \/><\/a><span style=\"text-decoration: underline;\"><a href=\"https:\/\/aic-giovannetti.info\/index.php\/appointment-booking\/\" target=\"_blank\">Je souhaite \u00eatre rappel\u00e9 par t\u00e9l\u00e9phone<\/a><\/span><\/h2>\n<p>Choisissez votre plage horaire[\/vc_column_text][\/vc_column_inner][\/vc_row_inner][vc_row_inner][vc_column_inner][vc_column_text]<\/p>\n<h2>Merci de remplir ce formulaire pour obtenir un devis.<\/h2>\n<div class=\"wpcf7 no-js\" id=\"wpcf7-f352-o1\" lang=\"fr-FR\" dir=\"ltr\" data-wpcf7-id=\"352\">\n<div class=\"screen-reader-response\"><p role=\"status\" aria-live=\"polite\" aria-atomic=\"true\"><\/p> <ul><\/ul><\/div>\n<form action=\"\/index.php\/wp-json\/wp\/v2\/pages\/321#wpcf7-f352-o1\" method=\"post\" class=\"wpcf7-form init\" aria-label=\"Formulaire de contact\" novalidate=\"novalidate\" data-status=\"init\">\n<fieldset class=\"hidden-fields-container\"><input type=\"hidden\" name=\"_wpcf7\" value=\"352\" \/><input type=\"hidden\" name=\"_wpcf7_version\" value=\"6.1.5\" \/><input type=\"hidden\" name=\"_wpcf7_locale\" value=\"fr_FR\" \/><input type=\"hidden\" name=\"_wpcf7_unit_tag\" value=\"wpcf7-f352-o1\" \/><input type=\"hidden\" name=\"_wpcf7_container_post\" value=\"0\" \/><input type=\"hidden\" name=\"_wpcf7_posted_data_hash\" value=\"\" \/><input type=\"hidden\" name=\"_wpcf7_recaptcha_response\" value=\"\" \/>\n<\/fieldset>\n<h3>Les champs marqu\u00e9s d'un ast\u00e9risque sont obligatoires\n<\/h3>\n<p>Votre pr\u00e9nom et votre NOM (*)\n<\/p>\n<p><span class=\"wpcf7-form-control-wrap\" data-name=\"your-name\"><input size=\"40\" maxlength=\"400\" class=\"wpcf7-form-control wpcf7-text wpcf7-validates-as-required\" aria-required=\"true\" aria-invalid=\"false\" value=\"\" type=\"text\" name=\"your-name\" \/><\/span>\n<\/p>\n<p>Entreprise\n<\/p>\n<p><span class=\"wpcf7-form-control-wrap\" data-name=\"your-entreprise\"><input size=\"40\" maxlength=\"400\" class=\"wpcf7-form-control wpcf7-text\" aria-invalid=\"false\" value=\"\" type=\"text\" name=\"your-entreprise\" \/><\/span>\n<\/p>\n<p>Sujet\n<\/p>\n<p><span class=\"wpcf7-form-control-wrap\" data-name=\"your-subject\"><input size=\"40\" maxlength=\"400\" class=\"wpcf7-form-control wpcf7-text wpcf7-validates-as-required\" aria-required=\"true\" aria-invalid=\"false\" value=\"\" type=\"text\" name=\"your-subject\" \/><\/span>\n<\/p>\n<p>Adresse\n<\/p>\n<p><span class=\"wpcf7-form-control-wrap\" data-name=\"your-address\"><input size=\"40\" maxlength=\"400\" class=\"wpcf7-form-control wpcf7-text wpcf7-validates-as-required\" aria-required=\"true\" aria-invalid=\"false\" value=\"\" type=\"text\" name=\"your-address\" \/><\/span>\n<\/p>\n<p>Code postal (*)\n<\/p>\n<p><span class=\"wpcf7-form-control-wrap\" data-name=\"codepostal\"><input class=\"wpcf7-form-control wpcf7-number wpcf7-validates-as-required wpcf7-validates-as-number\" aria-required=\"true\" aria-invalid=\"false\" value=\"\" type=\"number\" name=\"codepostal\" \/><\/span>\n<\/p>\n<p>Ville\n<\/p>\n<p><span class=\"wpcf7-form-control-wrap\" data-name=\"your-name\"><input size=\"40\" maxlength=\"400\" class=\"wpcf7-form-control wpcf7-text\" aria-invalid=\"false\" value=\"\" type=\"text\" name=\"your-name\" \/><\/span>\n<\/p>\n<p>T\u00e9l\u00e9phone\n<\/p>\n<p><span class=\"wpcf7-form-control-wrap\" data-name=\"Telephone\"><input size=\"40\" maxlength=\"400\" class=\"wpcf7-form-control wpcf7-tel wpcf7-text wpcf7-validates-as-tel\" aria-invalid=\"false\" value=\"\" type=\"tel\" name=\"Telephone\" \/><\/span>\n<\/p>\n<p>T\u00e9l\u00e9phone portable\n<\/p>\n<p><span class=\"wpcf7-form-control-wrap\" data-name=\"Telephone\"><input size=\"40\" maxlength=\"400\" class=\"wpcf7-form-control wpcf7-tel wpcf7-text wpcf7-validates-as-tel\" aria-invalid=\"false\" value=\"\" type=\"tel\" name=\"Telephone\" \/><\/span>\n<\/p>\n<p>Votre email (*)\n<\/p>\n<p><span class=\"wpcf7-form-control-wrap\" data-name=\"your-email\"><input size=\"40\" maxlength=\"400\" class=\"wpcf7-form-control wpcf7-email wpcf7-validates-as-required wpcf7-text wpcf7-validates-as-email\" aria-required=\"true\" aria-invalid=\"false\" value=\"\" type=\"email\" name=\"your-email\" \/><\/span>\n<\/p>\n<p>Votre message\n<\/p>\n<p><span class=\"wpcf7-form-control-wrap\" data-name=\"your-message\"><textarea cols=\"40\" rows=\"10\" maxlength=\"2000\" class=\"wpcf7-form-control wpcf7-textarea\" aria-invalid=\"false\" name=\"your-message\"><\/textarea><\/span>\n<\/p>\n<p><input class=\"wpcf7-form-control wpcf7-submit has-spinner\" type=\"submit\" value=\"Envoyer\" \/>\n<\/p><p style=\"display: none !important;\" class=\"akismet-fields-container\" data-prefix=\"_wpcf7_ak_\"><label>&#916;<textarea name=\"_wpcf7_ak_hp_textarea\" cols=\"45\" rows=\"8\" maxlength=\"100\"><\/textarea><\/label><input type=\"hidden\" id=\"ak_js_1\" name=\"_wpcf7_ak_js\" value=\"185\"\/><script>document.getElementById( \"ak_js_1\" ).setAttribute( \"value\", ( new Date() ).getTime() );<\/script><\/p><div class=\"wpcf7-response-output\" aria-hidden=\"true\"><\/div>\n<\/form>\n<\/div>\n[\/vc_column_text][\/vc_column_inner][\/vc_row_inner][vc_separator][\/vc_column][\/vc_row]<\/p>\n<\/div>","protected":false},"excerpt":{"rendered":"<p>[vc_row][vc_column width=\u00a0\u00bb2\/3&Prime;][vc_custom_heading text=\u00a0\u00bb\u00a0\u00bb google_fonts=\u00a0\u00bbfont_family:Montserrat%3Aregular%2C700|font_style:400%20regular%3A400%3Anormal\u00a0\u00bb][vc_column_text]En tant que courtier d\u2019assurance de r\u00e9f\u00e9rence sur le march\u00e9 de la multirisque\u00a0professionnelle des artisans commer\u00e7ants, nous avons pu n\u00e9gocier avec les\u00a0assureurs des tarifs pr\u00e9f\u00e9rentiels en fonction des diff\u00e9rents types de v\u00e9hicule (de\u00a0la petite citadine au v\u00e9hicule Haut de gamme, du scooter \u00e0 la moto de route)\u00a0avec des garanties compl\u00e8tes sur les [&hellip;]<\/p>\n","protected":false},"author":1,"featured_media":0,"parent":0,"menu_order":0,"comment_status":"closed","ping_status":"closed","template":"","meta":{"footnotes":""},"class_list":["post-321","page","type-page","status-publish","hentry"],"yoast_head":"<!-- This site is optimized with the Yoast SEO plugin v27.4 - https:\/\/yoast.com\/product\/yoast-seo-wordpress\/ -->\n<title>Notre offre Auto-moto pour les professionnels - Courtier g\u00e9n\u00e9raliste en assurances, sp\u00e9cialiste des boulangers et des m\u00e9tiers de bouche<\/title>\n<meta name=\"robots\" content=\"index, follow, max-snippet:-1, max-image-preview:large, max-video-preview:-1\" \/>\n<link rel=\"canonical\" href=\"https:\/\/aic-giovannetti.info\/index.php\/notre-offre-auto-moto-pour-les-professionnels\/\" \/>\n<meta property=\"og:locale\" content=\"fr_FR\" \/>\n<meta property=\"og:type\" content=\"article\" \/>\n<meta property=\"og:title\" content=\"Notre offre Auto-moto pour les professionnels - Courtier g\u00e9n\u00e9raliste en assurances, sp\u00e9cialiste des boulangers et des m\u00e9tiers de bouche\" \/>\n<meta property=\"og:description\" content=\"[vc_row][vc_column width=\u00a0\u00bb2\/3&Prime;][vc_custom_heading text=\u00a0\u00bb\u00a0\u00bb google_fonts=\u00a0\u00bbfont_family:Montserrat%3Aregular%2C700|font_style:400%20regular%3A400%3Anormal\u00a0\u00bb][vc_column_text]En tant que courtier d\u2019assurance de r\u00e9f\u00e9rence sur le march\u00e9 de la multirisque\u00a0professionnelle des artisans commer\u00e7ants, nous avons pu n\u00e9gocier avec les\u00a0assureurs des tarifs pr\u00e9f\u00e9rentiels en fonction des diff\u00e9rents types de v\u00e9hicule (de\u00a0la petite citadine au v\u00e9hicule Haut de gamme, du scooter \u00e0 la moto de route)\u00a0avec des garanties compl\u00e8tes sur les [&hellip;]\" \/>\n<meta property=\"og:url\" content=\"https:\/\/aic-giovannetti.info\/index.php\/notre-offre-auto-moto-pour-les-professionnels\/\" \/>\n<meta property=\"og:site_name\" content=\"Courtier g\u00e9n\u00e9raliste en assurances, sp\u00e9cialiste des boulangers et des m\u00e9tiers de bouche\" \/>\n<meta property=\"article:publisher\" content=\"https:\/\/www.facebook.com\/aicgiovannetti\/\" \/>\n<meta property=\"article:modified_time\" content=\"2016-04-18T14:46:24+00:00\" \/>\n<meta property=\"og:image\" content=\"http:\/\/aic-giovannetti.info\/wp-content\/uploads\/2016\/01\/telephone-150pix.jpg\" \/>\n<meta name=\"twitter:card\" content=\"summary_large_image\" \/>\n<meta name=\"twitter:label1\" content=\"Dur\u00e9e de lecture estim\u00e9e\" \/>\n\t<meta name=\"twitter:data1\" content=\"2 minutes\" \/>\n<script type=\"application\/ld+json\" class=\"yoast-schema-graph\">{\"@context\":\"https:\\\/\\\/schema.org\",\"@graph\":[{\"@type\":\"WebPage\",\"@id\":\"https:\\\/\\\/aic-giovannetti.info\\\/index.php\\\/notre-offre-auto-moto-pour-les-professionnels\\\/\",\"url\":\"https:\\\/\\\/aic-giovannetti.info\\\/index.php\\\/notre-offre-auto-moto-pour-les-professionnels\\\/\",\"name\":\"Notre offre Auto-moto pour les professionnels - Courtier g\u00e9n\u00e9raliste en assurances, sp\u00e9cialiste des boulangers et des m\u00e9tiers de bouche\",\"isPartOf\":{\"@id\":\"https:\\\/\\\/aic-giovannetti.info\\\/#website\"},\"primaryImageOfPage\":{\"@id\":\"https:\\\/\\\/aic-giovannetti.info\\\/index.php\\\/notre-offre-auto-moto-pour-les-professionnels\\\/#primaryimage\"},\"image\":{\"@id\":\"https:\\\/\\\/aic-giovannetti.info\\\/index.php\\\/notre-offre-auto-moto-pour-les-professionnels\\\/#primaryimage\"},\"thumbnailUrl\":\"http:\\\/\\\/aic-giovannetti.info\\\/wp-content\\\/uploads\\\/2016\\\/01\\\/telephone-150pix.jpg\",\"datePublished\":\"2016-01-29T18:49:31+00:00\",\"dateModified\":\"2016-04-18T14:46:24+00:00\",\"breadcrumb\":{\"@id\":\"https:\\\/\\\/aic-giovannetti.info\\\/index.php\\\/notre-offre-auto-moto-pour-les-professionnels\\\/#breadcrumb\"},\"inLanguage\":\"fr-FR\",\"potentialAction\":[{\"@type\":\"ReadAction\",\"target\":[\"https:\\\/\\\/aic-giovannetti.info\\\/index.php\\\/notre-offre-auto-moto-pour-les-professionnels\\\/\"]}]},{\"@type\":\"ImageObject\",\"inLanguage\":\"fr-FR\",\"@id\":\"https:\\\/\\\/aic-giovannetti.info\\\/index.php\\\/notre-offre-auto-moto-pour-les-professionnels\\\/#primaryimage\",\"url\":\"http:\\\/\\\/aic-giovannetti.info\\\/wp-content\\\/uploads\\\/2016\\\/01\\\/telephone-150pix.jpg\",\"contentUrl\":\"http:\\\/\\\/aic-giovannetti.info\\\/wp-content\\\/uploads\\\/2016\\\/01\\\/telephone-150pix.jpg\"},{\"@type\":\"BreadcrumbList\",\"@id\":\"https:\\\/\\\/aic-giovannetti.info\\\/index.php\\\/notre-offre-auto-moto-pour-les-professionnels\\\/#breadcrumb\",\"itemListElement\":[{\"@type\":\"ListItem\",\"position\":1,\"name\":\"Accueil\",\"item\":\"https:\\\/\\\/aic-giovannetti.info\\\/\"},{\"@type\":\"ListItem\",\"position\":2,\"name\":\"Notre offre Auto-moto pour les professionnels\"}]},{\"@type\":\"WebSite\",\"@id\":\"https:\\\/\\\/aic-giovannetti.info\\\/#website\",\"url\":\"https:\\\/\\\/aic-giovannetti.info\\\/\",\"name\":\"AIC-Giovannetti\",\"description\":\"Particuliers, entreprises, artisans, commer\u00e7ants et professions lib\u00e9rales\",\"publisher\":{\"@id\":\"https:\\\/\\\/aic-giovannetti.info\\\/#organization\"},\"potentialAction\":[{\"@type\":\"SearchAction\",\"target\":{\"@type\":\"EntryPoint\",\"urlTemplate\":\"https:\\\/\\\/aic-giovannetti.info\\\/?s={search_term_string}\"},\"query-input\":{\"@type\":\"PropertyValueSpecification\",\"valueRequired\":true,\"valueName\":\"search_term_string\"}}],\"inLanguage\":\"fr-FR\"},{\"@type\":\"Organization\",\"@id\":\"https:\\\/\\\/aic-giovannetti.info\\\/#organization\",\"name\":\"AIC-Giovannetti Courtier g\u00e9n\u00e9raliste en assurances, sp\u00e9cialiste des boulangers et des m\u00e9tiers de bouche\",\"url\":\"https:\\\/\\\/aic-giovannetti.info\\\/\",\"logo\":{\"@type\":\"ImageObject\",\"inLanguage\":\"fr-FR\",\"@id\":\"https:\\\/\\\/aic-giovannetti.info\\\/#\\\/schema\\\/logo\\\/image\\\/\",\"url\":\"http:\\\/\\\/aic-giovannetti.info\\\/wp-content\\\/uploads\\\/2023\\\/02\\\/aic.jpg\",\"contentUrl\":\"http:\\\/\\\/aic-giovannetti.info\\\/wp-content\\\/uploads\\\/2023\\\/02\\\/aic.jpg\",\"width\":180,\"height\":180,\"caption\":\"AIC-Giovannetti Courtier g\u00e9n\u00e9raliste en assurances, sp\u00e9cialiste des boulangers et des m\u00e9tiers de bouche\"},\"image\":{\"@id\":\"https:\\\/\\\/aic-giovannetti.info\\\/#\\\/schema\\\/logo\\\/image\\\/\"},\"sameAs\":[\"https:\\\/\\\/www.facebook.com\\\/aicgiovannetti\\\/\"]}]}<\/script>\n<!-- \/ Yoast SEO plugin. -->","yoast_head_json":{"title":"Notre offre Auto-moto pour les professionnels - Courtier g\u00e9n\u00e9raliste en assurances, sp\u00e9cialiste des boulangers et des m\u00e9tiers de bouche","robots":{"index":"index","follow":"follow","max-snippet":"max-snippet:-1","max-image-preview":"max-image-preview:large","max-video-preview":"max-video-preview:-1"},"canonical":"https:\/\/aic-giovannetti.info\/index.php\/notre-offre-auto-moto-pour-les-professionnels\/","og_locale":"fr_FR","og_type":"article","og_title":"Notre offre Auto-moto pour les professionnels - Courtier g\u00e9n\u00e9raliste en assurances, sp\u00e9cialiste des boulangers et des m\u00e9tiers de bouche","og_description":"[vc_row][vc_column width=\u00a0\u00bb2\/3&Prime;][vc_custom_heading text=\u00a0\u00bb\u00a0\u00bb google_fonts=\u00a0\u00bbfont_family:Montserrat%3Aregular%2C700|font_style:400%20regular%3A400%3Anormal\u00a0\u00bb][vc_column_text]En tant que courtier d\u2019assurance de r\u00e9f\u00e9rence sur le march\u00e9 de la multirisque\u00a0professionnelle des artisans commer\u00e7ants, nous avons pu n\u00e9gocier avec les\u00a0assureurs des tarifs pr\u00e9f\u00e9rentiels en fonction des diff\u00e9rents types de v\u00e9hicule (de\u00a0la petite citadine au v\u00e9hicule Haut de gamme, du scooter \u00e0 la moto de route)\u00a0avec des garanties compl\u00e8tes sur les [&hellip;]","og_url":"https:\/\/aic-giovannetti.info\/index.php\/notre-offre-auto-moto-pour-les-professionnels\/","og_site_name":"Courtier g\u00e9n\u00e9raliste en assurances, sp\u00e9cialiste des boulangers et des m\u00e9tiers de bouche","article_publisher":"https:\/\/www.facebook.com\/aicgiovannetti\/","article_modified_time":"2016-04-18T14:46:24+00:00","og_image":[{"url":"http:\/\/aic-giovannetti.info\/wp-content\/uploads\/2016\/01\/telephone-150pix.jpg","type":"","width":"","height":""}],"twitter_card":"summary_large_image","twitter_misc":{"Dur\u00e9e de lecture estim\u00e9e":"2 minutes"},"schema":{"@context":"https:\/\/schema.org","@graph":[{"@type":"WebPage","@id":"https:\/\/aic-giovannetti.info\/index.php\/notre-offre-auto-moto-pour-les-professionnels\/","url":"https:\/\/aic-giovannetti.info\/index.php\/notre-offre-auto-moto-pour-les-professionnels\/","name":"Notre offre Auto-moto pour les professionnels - Courtier g\u00e9n\u00e9raliste en assurances, sp\u00e9cialiste des boulangers et des m\u00e9tiers de bouche","isPartOf":{"@id":"https:\/\/aic-giovannetti.info\/#website"},"primaryImageOfPage":{"@id":"https:\/\/aic-giovannetti.info\/index.php\/notre-offre-auto-moto-pour-les-professionnels\/#primaryimage"},"image":{"@id":"https:\/\/aic-giovannetti.info\/index.php\/notre-offre-auto-moto-pour-les-professionnels\/#primaryimage"},"thumbnailUrl":"http:\/\/aic-giovannetti.info\/wp-content\/uploads\/2016\/01\/telephone-150pix.jpg","datePublished":"2016-01-29T18:49:31+00:00","dateModified":"2016-04-18T14:46:24+00:00","breadcrumb":{"@id":"https:\/\/aic-giovannetti.info\/index.php\/notre-offre-auto-moto-pour-les-professionnels\/#breadcrumb"},"inLanguage":"fr-FR","potentialAction":[{"@type":"ReadAction","target":["https:\/\/aic-giovannetti.info\/index.php\/notre-offre-auto-moto-pour-les-professionnels\/"]}]},{"@type":"ImageObject","inLanguage":"fr-FR","@id":"https:\/\/aic-giovannetti.info\/index.php\/notre-offre-auto-moto-pour-les-professionnels\/#primaryimage","url":"http:\/\/aic-giovannetti.info\/wp-content\/uploads\/2016\/01\/telephone-150pix.jpg","contentUrl":"http:\/\/aic-giovannetti.info\/wp-content\/uploads\/2016\/01\/telephone-150pix.jpg"},{"@type":"BreadcrumbList","@id":"https:\/\/aic-giovannetti.info\/index.php\/notre-offre-auto-moto-pour-les-professionnels\/#breadcrumb","itemListElement":[{"@type":"ListItem","position":1,"name":"Accueil","item":"https:\/\/aic-giovannetti.info\/"},{"@type":"ListItem","position":2,"name":"Notre offre Auto-moto pour les professionnels"}]},{"@type":"WebSite","@id":"https:\/\/aic-giovannetti.info\/#website","url":"https:\/\/aic-giovannetti.info\/","name":"AIC-Giovannetti","description":"Particuliers, entreprises, artisans, commer\u00e7ants et professions lib\u00e9rales","publisher":{"@id":"https:\/\/aic-giovannetti.info\/#organization"},"potentialAction":[{"@type":"SearchAction","target":{"@type":"EntryPoint","urlTemplate":"https:\/\/aic-giovannetti.info\/?s={search_term_string}"},"query-input":{"@type":"PropertyValueSpecification","valueRequired":true,"valueName":"search_term_string"}}],"inLanguage":"fr-FR"},{"@type":"Organization","@id":"https:\/\/aic-giovannetti.info\/#organization","name":"AIC-Giovannetti Courtier g\u00e9n\u00e9raliste en assurances, sp\u00e9cialiste des boulangers et des m\u00e9tiers de bouche","url":"https:\/\/aic-giovannetti.info\/","logo":{"@type":"ImageObject","inLanguage":"fr-FR","@id":"https:\/\/aic-giovannetti.info\/#\/schema\/logo\/image\/","url":"http:\/\/aic-giovannetti.info\/wp-content\/uploads\/2023\/02\/aic.jpg","contentUrl":"http:\/\/aic-giovannetti.info\/wp-content\/uploads\/2023\/02\/aic.jpg","width":180,"height":180,"caption":"AIC-Giovannetti Courtier g\u00e9n\u00e9raliste en assurances, sp\u00e9cialiste des boulangers et des m\u00e9tiers de bouche"},"image":{"@id":"https:\/\/aic-giovannetti.info\/#\/schema\/logo\/image\/"},"sameAs":["https:\/\/www.facebook.com\/aicgiovannetti\/"]}]}},"_links":{"self":[{"href":"https:\/\/aic-giovannetti.info\/index.php\/wp-json\/wp\/v2\/pages\/321","targetHints":{"allow":["GET"]}}],"collection":[{"href":"https:\/\/aic-giovannetti.info\/index.php\/wp-json\/wp\/v2\/pages"}],"about":[{"href":"https:\/\/aic-giovannetti.info\/index.php\/wp-json\/wp\/v2\/types\/page"}],"author":[{"embeddable":true,"href":"https:\/\/aic-giovannetti.info\/index.php\/wp-json\/wp\/v2\/users\/1"}],"replies":[{"embeddable":true,"href":"https:\/\/aic-giovannetti.info\/index.php\/wp-json\/wp\/v2\/comments?post=321"}],"version-history":[{"count":15,"href":"https:\/\/aic-giovannetti.info\/index.php\/wp-json\/wp\/v2\/pages\/321\/revisions"}],"predecessor-version":[{"id":598,"href":"https:\/\/aic-giovannetti.info\/index.php\/wp-json\/wp\/v2\/pages\/321\/revisions\/598"}],"wp:attachment":[{"href":"https:\/\/aic-giovannetti.info\/index.php\/wp-json\/wp\/v2\/media?parent=321"}],"curies":[{"name":"wp","href":"https:\/\/api.w.org\/{rel}","templated":true}]}}