{"id":281,"date":"2016-01-29T18:05:36","date_gmt":"2016-01-29T17:05:36","guid":{"rendered":"http:\/\/aic-giovannetti.info\/?page_id=281"},"modified":"2016-04-18T16:42:32","modified_gmt":"2016-04-18T14:42:32","slug":"assureur-professionnels-entreprises","status":"publish","type":"page","link":"https:\/\/aic-giovannetti.info\/index.php\/assureur-professionnels-entreprises\/","title":{"rendered":"Assureur des professionnels et des entreprises"},"content":{"rendered":"<div class=\"wpb-content-wrapper\"><p>[vc_row][vc_column width=\u00a0\u00bb2\/3&Prime;][vc_custom_heading text=\u00a0\u00bbCourtier g\u00e9n\u00e9raliste en assurances reconnu depuis 60 ans\u00a0\u00bb google_fonts=\u00a0\u00bbfont_family:Montserrat%3Aregular%2C700|font_style:400%20regular%3A400%3Anormal\u00a0\u00bb][vc_column_text]aic giovannetti est depuis plus de 60 ans un des <strong>leaders reconnus aupre\u0300s des entreprises et des professionnels<\/strong>. Notre expe\u0301rience et notre expertise allie\u0301es a\u0300 une parfaite connaissance du marche\u0301 nous permettent de vous proposer les solutions d\u02bcassurance les plus pertinentes.<\/p>\n<p>Nos conseillers sont a\u0300 votre e\u0301coute pour e\u0301tudier avec vous les spe\u0301cificite\u0301s de votre entreprise et ses besoins en assurance. Nous sommes disponibles, attentifs et re\u0301actifs pour satisfaire les demandes de nos clients.<\/p>\n<p>Chez aic giovannetti <strong>vous e\u0302tes en effet un client, pas un nume\u0301ro de dossier<\/strong>.<\/p>\n<p>Nous vous accompagnons avant, et bien su\u0302r, pendant votre\u00a0sinistre en intervenant aupre\u0300s des experts et des compagnies pour vous garantir une indemnisation rapide et e\u0301quitable.<\/p>\n<p>Nos relations de collaboration historique avec nos partenaires-assureurs sont notre meilleur argument pour prote\u0301ger et de\u0301fendre vos inte\u0301re\u0302ts et la fide\u0301lite\u0301 de nos clients notre meilleur argument commercial.<\/p>\n<p>Gr\u00e2ce \u00e0 ses ann\u00e9es d&rsquo;exp\u00e9rience et de relation dans l&rsquo;assurance, <strong>aic-giovannetti<\/strong> vous fait b\u00e9n\u00e9ficier de ses\u00a0relation avec\u00a0son r\u00e9seau\u00a0d&rsquo;experts d&rsquo;assur\u00e9 ayant les comp\u00e9tences sp\u00e9cifiques \u00e0 votre besoin (expertises pr\u00e9alables\u00a0;\u00a0sinistres corporels\u00a0;\u00a0sinistres dommages).[\/vc_column_text][\/vc_column][vc_column width=\u00a0\u00bb1\/3&Prime;][vc_row_inner][vc_column_inner][vc_single_image image=\u00a0\u00bb197&Prime; img_size=\u00a0\u00bb350&#215;220&Prime; style=\u00a0\u00bbvc_box_rounded\u00a0\u00bb][\/vc_column_inner][\/vc_row_inner][vc_separator][vc_column_text]<\/p>\n<h2>Voir notre offres pour les professionnels<\/h2>\n<ul>\n<li><a href=\"https:\/\/aic-giovannetti.info\/index.php\/notre-offre-auto-moto-pour-les-professionnels\/\">Auto-moto<\/a><\/li>\n<li><a href=\"https:\/\/aic-giovannetti.info\/index.php\/notre-offre-emprunteur-pour-professionnels\/\">Emprunteur<\/a><\/li>\n<li><a href=\"https:\/\/aic-giovannetti.info\/index.php\/offre-multirisque-professionnelle\/\">Multirisque professionnelle<\/a><\/li>\n<li><a href=\"https:\/\/aic-giovannetti.info\/index.php\/offre-mutuelle-sante-professionnels\/\">Mutuelle sant\u00e9<\/a><\/li>\n<li><a href=\"https:\/\/aic-giovannetti.info\/index.php\/offre-multirisque-immeuble-professionnels\/\">Multirisque immeuble<\/a><\/li>\n<\/ul>\n<p>[\/vc_column_text][vc_separator][\/vc_column][\/vc_row]<\/p>\n<\/div>","protected":false},"excerpt":{"rendered":"<p>[vc_row][vc_column width=\u00a0\u00bb2\/3&Prime;][vc_custom_heading text=\u00a0\u00bbCourtier g\u00e9n\u00e9raliste en assurances reconnu depuis 60 ans\u00a0\u00bb google_fonts=\u00a0\u00bbfont_family:Montserrat%3Aregular%2C700|font_style:400%20regular%3A400%3Anormal\u00a0\u00bb][vc_column_text]aic giovannetti est depuis plus de 60 ans un des leaders reconnus aupre\u0300s des entreprises et des professionnels. Notre expe\u0301rience et notre expertise allie\u0301es a\u0300 une parfaite connaissance du marche\u0301 nous permettent de vous proposer les solutions d\u02bcassurance les plus pertinentes. Nos conseillers sont a\u0300 [&hellip;]<\/p>\n","protected":false},"author":1,"featured_media":0,"parent":0,"menu_order":0,"comment_status":"closed","ping_status":"closed","template":"","meta":{"footnotes":""},"class_list":["post-281","page","type-page","status-publish","hentry"],"yoast_head":"<!-- This site is optimized with the Yoast SEO plugin v27.4 - https:\/\/yoast.com\/product\/yoast-seo-wordpress\/ -->\n<title>Assureur des professionnels et des entreprises - Courtier g\u00e9n\u00e9raliste en assurances, sp\u00e9cialiste des boulangers et des m\u00e9tiers de bouche<\/title>\n<meta name=\"robots\" content=\"index, follow, max-snippet:-1, max-image-preview:large, max-video-preview:-1\" \/>\n<link rel=\"canonical\" href=\"https:\/\/aic-giovannetti.info\/index.php\/assureur-professionnels-entreprises\/\" \/>\n<meta property=\"og:locale\" content=\"fr_FR\" \/>\n<meta property=\"og:type\" content=\"article\" \/>\n<meta property=\"og:title\" content=\"Assureur des professionnels et des entreprises - Courtier g\u00e9n\u00e9raliste en assurances, sp\u00e9cialiste des boulangers et des m\u00e9tiers de bouche\" \/>\n<meta property=\"og:description\" content=\"[vc_row][vc_column width=\u00a0\u00bb2\/3&Prime;][vc_custom_heading text=\u00a0\u00bbCourtier g\u00e9n\u00e9raliste en assurances reconnu depuis 60 ans\u00a0\u00bb google_fonts=\u00a0\u00bbfont_family:Montserrat%3Aregular%2C700|font_style:400%20regular%3A400%3Anormal\u00a0\u00bb][vc_column_text]aic giovannetti est depuis plus de 60 ans un des leaders reconnus aupre\u0300s des entreprises et des professionnels. Notre expe\u0301rience et notre expertise allie\u0301es a\u0300 une parfaite connaissance du marche\u0301 nous permettent de vous proposer les solutions d\u02bcassurance les plus pertinentes. Nos conseillers sont a\u0300 [&hellip;]\" \/>\n<meta property=\"og:url\" content=\"https:\/\/aic-giovannetti.info\/index.php\/assureur-professionnels-entreprises\/\" \/>\n<meta property=\"og:site_name\" content=\"Courtier g\u00e9n\u00e9raliste en assurances, sp\u00e9cialiste des boulangers et des m\u00e9tiers de bouche\" \/>\n<meta property=\"article:publisher\" content=\"https:\/\/www.facebook.com\/aicgiovannetti\/\" \/>\n<meta property=\"article:modified_time\" content=\"2016-04-18T14:42:32+00:00\" \/>\n<meta name=\"twitter:card\" content=\"summary_large_image\" \/>\n<meta name=\"twitter:label1\" content=\"Dur\u00e9e de lecture estim\u00e9e\" \/>\n\t<meta name=\"twitter:data1\" content=\"1 minute\" \/>\n<script type=\"application\/ld+json\" class=\"yoast-schema-graph\">{\"@context\":\"https:\\\/\\\/schema.org\",\"@graph\":[{\"@type\":\"WebPage\",\"@id\":\"https:\\\/\\\/aic-giovannetti.info\\\/index.php\\\/assureur-professionnels-entreprises\\\/\",\"url\":\"https:\\\/\\\/aic-giovannetti.info\\\/index.php\\\/assureur-professionnels-entreprises\\\/\",\"name\":\"Assureur des professionnels et des entreprises - Courtier g\u00e9n\u00e9raliste en assurances, sp\u00e9cialiste des boulangers et des m\u00e9tiers de bouche\",\"isPartOf\":{\"@id\":\"https:\\\/\\\/aic-giovannetti.info\\\/#website\"},\"datePublished\":\"2016-01-29T17:05:36+00:00\",\"dateModified\":\"2016-04-18T14:42:32+00:00\",\"breadcrumb\":{\"@id\":\"https:\\\/\\\/aic-giovannetti.info\\\/index.php\\\/assureur-professionnels-entreprises\\\/#breadcrumb\"},\"inLanguage\":\"fr-FR\",\"potentialAction\":[{\"@type\":\"ReadAction\",\"target\":[\"https:\\\/\\\/aic-giovannetti.info\\\/index.php\\\/assureur-professionnels-entreprises\\\/\"]}]},{\"@type\":\"BreadcrumbList\",\"@id\":\"https:\\\/\\\/aic-giovannetti.info\\\/index.php\\\/assureur-professionnels-entreprises\\\/#breadcrumb\",\"itemListElement\":[{\"@type\":\"ListItem\",\"position\":1,\"name\":\"Accueil\",\"item\":\"https:\\\/\\\/aic-giovannetti.info\\\/\"},{\"@type\":\"ListItem\",\"position\":2,\"name\":\"Assureur des professionnels et des entreprises\"}]},{\"@type\":\"WebSite\",\"@id\":\"https:\\\/\\\/aic-giovannetti.info\\\/#website\",\"url\":\"https:\\\/\\\/aic-giovannetti.info\\\/\",\"name\":\"AIC-Giovannetti\",\"description\":\"Particuliers, entreprises, artisans, commer\u00e7ants et professions lib\u00e9rales\",\"publisher\":{\"@id\":\"https:\\\/\\\/aic-giovannetti.info\\\/#organization\"},\"potentialAction\":[{\"@type\":\"SearchAction\",\"target\":{\"@type\":\"EntryPoint\",\"urlTemplate\":\"https:\\\/\\\/aic-giovannetti.info\\\/?s={search_term_string}\"},\"query-input\":{\"@type\":\"PropertyValueSpecification\",\"valueRequired\":true,\"valueName\":\"search_term_string\"}}],\"inLanguage\":\"fr-FR\"},{\"@type\":\"Organization\",\"@id\":\"https:\\\/\\\/aic-giovannetti.info\\\/#organization\",\"name\":\"AIC-Giovannetti Courtier g\u00e9n\u00e9raliste en assurances, sp\u00e9cialiste des boulangers et des m\u00e9tiers de bouche\",\"url\":\"https:\\\/\\\/aic-giovannetti.info\\\/\",\"logo\":{\"@type\":\"ImageObject\",\"inLanguage\":\"fr-FR\",\"@id\":\"https:\\\/\\\/aic-giovannetti.info\\\/#\\\/schema\\\/logo\\\/image\\\/\",\"url\":\"http:\\\/\\\/aic-giovannetti.info\\\/wp-content\\\/uploads\\\/2023\\\/02\\\/aic.jpg\",\"contentUrl\":\"http:\\\/\\\/aic-giovannetti.info\\\/wp-content\\\/uploads\\\/2023\\\/02\\\/aic.jpg\",\"width\":180,\"height\":180,\"caption\":\"AIC-Giovannetti Courtier g\u00e9n\u00e9raliste en assurances, sp\u00e9cialiste des boulangers et des m\u00e9tiers de bouche\"},\"image\":{\"@id\":\"https:\\\/\\\/aic-giovannetti.info\\\/#\\\/schema\\\/logo\\\/image\\\/\"},\"sameAs\":[\"https:\\\/\\\/www.facebook.com\\\/aicgiovannetti\\\/\"]}]}<\/script>\n<!-- \/ Yoast SEO plugin. -->","yoast_head_json":{"title":"Assureur des professionnels et des entreprises - Courtier g\u00e9n\u00e9raliste en assurances, sp\u00e9cialiste des boulangers et des m\u00e9tiers de bouche","robots":{"index":"index","follow":"follow","max-snippet":"max-snippet:-1","max-image-preview":"max-image-preview:large","max-video-preview":"max-video-preview:-1"},"canonical":"https:\/\/aic-giovannetti.info\/index.php\/assureur-professionnels-entreprises\/","og_locale":"fr_FR","og_type":"article","og_title":"Assureur des professionnels et des entreprises - Courtier g\u00e9n\u00e9raliste en assurances, sp\u00e9cialiste des boulangers et des m\u00e9tiers de bouche","og_description":"[vc_row][vc_column width=\u00a0\u00bb2\/3&Prime;][vc_custom_heading text=\u00a0\u00bbCourtier g\u00e9n\u00e9raliste en assurances reconnu depuis 60 ans\u00a0\u00bb google_fonts=\u00a0\u00bbfont_family:Montserrat%3Aregular%2C700|font_style:400%20regular%3A400%3Anormal\u00a0\u00bb][vc_column_text]aic giovannetti est depuis plus de 60 ans un des leaders reconnus aupre\u0300s des entreprises et des professionnels. Notre expe\u0301rience et notre expertise allie\u0301es a\u0300 une parfaite connaissance du marche\u0301 nous permettent de vous proposer les solutions d\u02bcassurance les plus pertinentes. Nos conseillers sont a\u0300 [&hellip;]","og_url":"https:\/\/aic-giovannetti.info\/index.php\/assureur-professionnels-entreprises\/","og_site_name":"Courtier g\u00e9n\u00e9raliste en assurances, sp\u00e9cialiste des boulangers et des m\u00e9tiers de bouche","article_publisher":"https:\/\/www.facebook.com\/aicgiovannetti\/","article_modified_time":"2016-04-18T14:42:32+00:00","twitter_card":"summary_large_image","twitter_misc":{"Dur\u00e9e de lecture estim\u00e9e":"1 minute"},"schema":{"@context":"https:\/\/schema.org","@graph":[{"@type":"WebPage","@id":"https:\/\/aic-giovannetti.info\/index.php\/assureur-professionnels-entreprises\/","url":"https:\/\/aic-giovannetti.info\/index.php\/assureur-professionnels-entreprises\/","name":"Assureur des professionnels et des entreprises - Courtier g\u00e9n\u00e9raliste en assurances, sp\u00e9cialiste des boulangers et des m\u00e9tiers de bouche","isPartOf":{"@id":"https:\/\/aic-giovannetti.info\/#website"},"datePublished":"2016-01-29T17:05:36+00:00","dateModified":"2016-04-18T14:42:32+00:00","breadcrumb":{"@id":"https:\/\/aic-giovannetti.info\/index.php\/assureur-professionnels-entreprises\/#breadcrumb"},"inLanguage":"fr-FR","potentialAction":[{"@type":"ReadAction","target":["https:\/\/aic-giovannetti.info\/index.php\/assureur-professionnels-entreprises\/"]}]},{"@type":"BreadcrumbList","@id":"https:\/\/aic-giovannetti.info\/index.php\/assureur-professionnels-entreprises\/#breadcrumb","itemListElement":[{"@type":"ListItem","position":1,"name":"Accueil","item":"https:\/\/aic-giovannetti.info\/"},{"@type":"ListItem","position":2,"name":"Assureur des professionnels et des entreprises"}]},{"@type":"WebSite","@id":"https:\/\/aic-giovannetti.info\/#website","url":"https:\/\/aic-giovannetti.info\/","name":"AIC-Giovannetti","description":"Particuliers, entreprises, artisans, commer\u00e7ants et professions lib\u00e9rales","publisher":{"@id":"https:\/\/aic-giovannetti.info\/#organization"},"potentialAction":[{"@type":"SearchAction","target":{"@type":"EntryPoint","urlTemplate":"https:\/\/aic-giovannetti.info\/?s={search_term_string}"},"query-input":{"@type":"PropertyValueSpecification","valueRequired":true,"valueName":"search_term_string"}}],"inLanguage":"fr-FR"},{"@type":"Organization","@id":"https:\/\/aic-giovannetti.info\/#organization","name":"AIC-Giovannetti Courtier g\u00e9n\u00e9raliste en assurances, sp\u00e9cialiste des boulangers et des m\u00e9tiers de bouche","url":"https:\/\/aic-giovannetti.info\/","logo":{"@type":"ImageObject","inLanguage":"fr-FR","@id":"https:\/\/aic-giovannetti.info\/#\/schema\/logo\/image\/","url":"http:\/\/aic-giovannetti.info\/wp-content\/uploads\/2023\/02\/aic.jpg","contentUrl":"http:\/\/aic-giovannetti.info\/wp-content\/uploads\/2023\/02\/aic.jpg","width":180,"height":180,"caption":"AIC-Giovannetti Courtier g\u00e9n\u00e9raliste en assurances, sp\u00e9cialiste des boulangers et des m\u00e9tiers de bouche"},"image":{"@id":"https:\/\/aic-giovannetti.info\/#\/schema\/logo\/image\/"},"sameAs":["https:\/\/www.facebook.com\/aicgiovannetti\/"]}]}},"_links":{"self":[{"href":"https:\/\/aic-giovannetti.info\/index.php\/wp-json\/wp\/v2\/pages\/281","targetHints":{"allow":["GET"]}}],"collection":[{"href":"https:\/\/aic-giovannetti.info\/index.php\/wp-json\/wp\/v2\/pages"}],"about":[{"href":"https:\/\/aic-giovannetti.info\/index.php\/wp-json\/wp\/v2\/types\/page"}],"author":[{"embeddable":true,"href":"https:\/\/aic-giovannetti.info\/index.php\/wp-json\/wp\/v2\/users\/1"}],"replies":[{"embeddable":true,"href":"https:\/\/aic-giovannetti.info\/index.php\/wp-json\/wp\/v2\/comments?post=281"}],"version-history":[{"count":8,"href":"https:\/\/aic-giovannetti.info\/index.php\/wp-json\/wp\/v2\/pages\/281\/revisions"}],"predecessor-version":[{"id":597,"href":"https:\/\/aic-giovannetti.info\/index.php\/wp-json\/wp\/v2\/pages\/281\/revisions\/597"}],"wp:attachment":[{"href":"https:\/\/aic-giovannetti.info\/index.php\/wp-json\/wp\/v2\/media?parent=281"}],"curies":[{"name":"wp","href":"https:\/\/api.w.org\/{rel}","templated":true}]}}