{"id":276,"date":"2016-01-29T12:45:22","date_gmt":"2016-01-29T11:45:22","guid":{"rendered":"http:\/\/aic-giovannetti.info\/?page_id=276"},"modified":"2018-02-21T16:18:16","modified_gmt":"2018-02-21T15:18:16","slug":"partenaires-assureurs-daic-giovannetti","status":"publish","type":"page","link":"https:\/\/aic-giovannetti.info\/index.php\/partenaires-assureurs-daic-giovannetti\/","title":{"rendered":"Partenaires assureurs d&rsquo;AIC GIOVANNETTI"},"content":{"rendered":"<p>&nbsp;<\/p>\n<ul>\n<li>ALBINGIA<\/li>\n<li>ALLIANZ<\/li>\n<li>ALPTIS<\/li>\n<li>AMIS<\/li>\n<li>APRIL<\/li>\n<li>ASAF<\/li>\n<li>AVIVA<\/li>\n<li>AXA<\/li>\n<li>AXELLIANCE SOLUTIONS<\/li>\n<li>CARDIF<\/li>\n<li>DAS<\/li>\n<li>EUROP ASSISTANCE<\/li>\n<li>FMA<\/li>\n<li>GENERALI<\/li>\n<li>HELVETIA<\/li>\n<li>HISCOX<\/li>\n<li>JURIDICA<\/li>\n<li>METLIFE<\/li>\n<li>MMA ENTREPRISE<\/li>\n<li>MONDIAL ASSISTANCE<\/li>\n<li>NETVOX<\/li>\n<li>PROTEXIA<\/li>\n<li>QUATREM<\/li>\n<li>SADA ASSURANCE<\/li>\n<li>SFS<\/li>\n<li>SOLLY AZAR<\/li>\n<li>SWISSLIFE<\/li>\n<\/ul>\n","protected":false},"excerpt":{"rendered":"<p>&nbsp; ALBINGIA ALLIANZ ALPTIS AMIS APRIL ASAF AVIVA AXA AXELLIANCE SOLUTIONS CARDIF DAS EUROP ASSISTANCE FMA GENERALI HELVETIA HISCOX JURIDICA METLIFE MMA ENTREPRISE MONDIAL ASSISTANCE NETVOX PROTEXIA QUATREM SADA ASSURANCE SFS SOLLY AZAR SWISSLIFE<\/p>\n","protected":false},"author":1,"featured_media":0,"parent":0,"menu_order":0,"comment_status":"closed","ping_status":"closed","template":"","meta":{"footnotes":""},"class_list":["post-276","page","type-page","status-publish","hentry"],"yoast_head":"<!-- This site is optimized with the Yoast SEO plugin v27.4 - https:\/\/yoast.com\/product\/yoast-seo-wordpress\/ -->\n<title>Partenaires assureurs d&#039;AIC GIOVANNETTI - Courtier g\u00e9n\u00e9raliste en assurances, sp\u00e9cialiste des boulangers et des m\u00e9tiers de bouche<\/title>\n<meta name=\"robots\" content=\"index, follow, max-snippet:-1, max-image-preview:large, max-video-preview:-1\" \/>\n<link rel=\"canonical\" href=\"https:\/\/aic-giovannetti.info\/index.php\/partenaires-assureurs-daic-giovannetti\/\" \/>\n<meta property=\"og:locale\" content=\"fr_FR\" \/>\n<meta property=\"og:type\" content=\"article\" \/>\n<meta property=\"og:title\" content=\"Partenaires assureurs d&#039;AIC GIOVANNETTI - Courtier g\u00e9n\u00e9raliste en assurances, sp\u00e9cialiste des boulangers et des m\u00e9tiers de bouche\" \/>\n<meta property=\"og:description\" content=\"&nbsp; ALBINGIA ALLIANZ ALPTIS AMIS APRIL ASAF AVIVA AXA AXELLIANCE SOLUTIONS CARDIF DAS EUROP ASSISTANCE FMA GENERALI HELVETIA HISCOX JURIDICA METLIFE MMA ENTREPRISE MONDIAL ASSISTANCE NETVOX PROTEXIA QUATREM SADA ASSURANCE SFS SOLLY AZAR SWISSLIFE\" \/>\n<meta property=\"og:url\" content=\"https:\/\/aic-giovannetti.info\/index.php\/partenaires-assureurs-daic-giovannetti\/\" \/>\n<meta property=\"og:site_name\" content=\"Courtier g\u00e9n\u00e9raliste en assurances, sp\u00e9cialiste des boulangers et des m\u00e9tiers de bouche\" \/>\n<meta property=\"article:publisher\" content=\"https:\/\/www.facebook.com\/aicgiovannetti\/\" \/>\n<meta property=\"article:modified_time\" content=\"2018-02-21T15:18:16+00:00\" \/>\n<meta name=\"twitter:card\" content=\"summary_large_image\" \/>\n<script type=\"application\/ld+json\" class=\"yoast-schema-graph\">{\"@context\":\"https:\\\/\\\/schema.org\",\"@graph\":[{\"@type\":\"WebPage\",\"@id\":\"https:\\\/\\\/aic-giovannetti.info\\\/index.php\\\/partenaires-assureurs-daic-giovannetti\\\/\",\"url\":\"https:\\\/\\\/aic-giovannetti.info\\\/index.php\\\/partenaires-assureurs-daic-giovannetti\\\/\",\"name\":\"Partenaires assureurs d'AIC GIOVANNETTI - Courtier g\u00e9n\u00e9raliste en assurances, sp\u00e9cialiste des boulangers et des m\u00e9tiers de bouche\",\"isPartOf\":{\"@id\":\"https:\\\/\\\/aic-giovannetti.info\\\/#website\"},\"datePublished\":\"2016-01-29T11:45:22+00:00\",\"dateModified\":\"2018-02-21T15:18:16+00:00\",\"breadcrumb\":{\"@id\":\"https:\\\/\\\/aic-giovannetti.info\\\/index.php\\\/partenaires-assureurs-daic-giovannetti\\\/#breadcrumb\"},\"inLanguage\":\"fr-FR\",\"potentialAction\":[{\"@type\":\"ReadAction\",\"target\":[\"https:\\\/\\\/aic-giovannetti.info\\\/index.php\\\/partenaires-assureurs-daic-giovannetti\\\/\"]}]},{\"@type\":\"BreadcrumbList\",\"@id\":\"https:\\\/\\\/aic-giovannetti.info\\\/index.php\\\/partenaires-assureurs-daic-giovannetti\\\/#breadcrumb\",\"itemListElement\":[{\"@type\":\"ListItem\",\"position\":1,\"name\":\"Accueil\",\"item\":\"https:\\\/\\\/aic-giovannetti.info\\\/\"},{\"@type\":\"ListItem\",\"position\":2,\"name\":\"Partenaires assureurs d&rsquo;AIC GIOVANNETTI\"}]},{\"@type\":\"WebSite\",\"@id\":\"https:\\\/\\\/aic-giovannetti.info\\\/#website\",\"url\":\"https:\\\/\\\/aic-giovannetti.info\\\/\",\"name\":\"AIC-Giovannetti\",\"description\":\"Particuliers, entreprises, artisans, commer\u00e7ants et professions lib\u00e9rales\",\"publisher\":{\"@id\":\"https:\\\/\\\/aic-giovannetti.info\\\/#organization\"},\"potentialAction\":[{\"@type\":\"SearchAction\",\"target\":{\"@type\":\"EntryPoint\",\"urlTemplate\":\"https:\\\/\\\/aic-giovannetti.info\\\/?s={search_term_string}\"},\"query-input\":{\"@type\":\"PropertyValueSpecification\",\"valueRequired\":true,\"valueName\":\"search_term_string\"}}],\"inLanguage\":\"fr-FR\"},{\"@type\":\"Organization\",\"@id\":\"https:\\\/\\\/aic-giovannetti.info\\\/#organization\",\"name\":\"AIC-Giovannetti Courtier g\u00e9n\u00e9raliste en assurances, sp\u00e9cialiste des boulangers et des m\u00e9tiers de bouche\",\"url\":\"https:\\\/\\\/aic-giovannetti.info\\\/\",\"logo\":{\"@type\":\"ImageObject\",\"inLanguage\":\"fr-FR\",\"@id\":\"https:\\\/\\\/aic-giovannetti.info\\\/#\\\/schema\\\/logo\\\/image\\\/\",\"url\":\"http:\\\/\\\/aic-giovannetti.info\\\/wp-content\\\/uploads\\\/2023\\\/02\\\/aic.jpg\",\"contentUrl\":\"http:\\\/\\\/aic-giovannetti.info\\\/wp-content\\\/uploads\\\/2023\\\/02\\\/aic.jpg\",\"width\":180,\"height\":180,\"caption\":\"AIC-Giovannetti Courtier g\u00e9n\u00e9raliste en assurances, sp\u00e9cialiste des boulangers et des m\u00e9tiers de bouche\"},\"image\":{\"@id\":\"https:\\\/\\\/aic-giovannetti.info\\\/#\\\/schema\\\/logo\\\/image\\\/\"},\"sameAs\":[\"https:\\\/\\\/www.facebook.com\\\/aicgiovannetti\\\/\"]}]}<\/script>\n<!-- \/ Yoast SEO plugin. -->","yoast_head_json":{"title":"Partenaires assureurs d'AIC GIOVANNETTI - Courtier g\u00e9n\u00e9raliste en assurances, sp\u00e9cialiste des boulangers et des m\u00e9tiers de bouche","robots":{"index":"index","follow":"follow","max-snippet":"max-snippet:-1","max-image-preview":"max-image-preview:large","max-video-preview":"max-video-preview:-1"},"canonical":"https:\/\/aic-giovannetti.info\/index.php\/partenaires-assureurs-daic-giovannetti\/","og_locale":"fr_FR","og_type":"article","og_title":"Partenaires assureurs d'AIC GIOVANNETTI - Courtier g\u00e9n\u00e9raliste en assurances, sp\u00e9cialiste des boulangers et des m\u00e9tiers de bouche","og_description":"&nbsp; ALBINGIA ALLIANZ ALPTIS AMIS APRIL ASAF AVIVA AXA AXELLIANCE SOLUTIONS CARDIF DAS EUROP ASSISTANCE FMA GENERALI HELVETIA HISCOX JURIDICA METLIFE MMA ENTREPRISE MONDIAL ASSISTANCE NETVOX PROTEXIA QUATREM SADA ASSURANCE SFS SOLLY AZAR SWISSLIFE","og_url":"https:\/\/aic-giovannetti.info\/index.php\/partenaires-assureurs-daic-giovannetti\/","og_site_name":"Courtier g\u00e9n\u00e9raliste en assurances, sp\u00e9cialiste des boulangers et des m\u00e9tiers de bouche","article_publisher":"https:\/\/www.facebook.com\/aicgiovannetti\/","article_modified_time":"2018-02-21T15:18:16+00:00","twitter_card":"summary_large_image","schema":{"@context":"https:\/\/schema.org","@graph":[{"@type":"WebPage","@id":"https:\/\/aic-giovannetti.info\/index.php\/partenaires-assureurs-daic-giovannetti\/","url":"https:\/\/aic-giovannetti.info\/index.php\/partenaires-assureurs-daic-giovannetti\/","name":"Partenaires assureurs d'AIC GIOVANNETTI - Courtier g\u00e9n\u00e9raliste en assurances, sp\u00e9cialiste des boulangers et des m\u00e9tiers de bouche","isPartOf":{"@id":"https:\/\/aic-giovannetti.info\/#website"},"datePublished":"2016-01-29T11:45:22+00:00","dateModified":"2018-02-21T15:18:16+00:00","breadcrumb":{"@id":"https:\/\/aic-giovannetti.info\/index.php\/partenaires-assureurs-daic-giovannetti\/#breadcrumb"},"inLanguage":"fr-FR","potentialAction":[{"@type":"ReadAction","target":["https:\/\/aic-giovannetti.info\/index.php\/partenaires-assureurs-daic-giovannetti\/"]}]},{"@type":"BreadcrumbList","@id":"https:\/\/aic-giovannetti.info\/index.php\/partenaires-assureurs-daic-giovannetti\/#breadcrumb","itemListElement":[{"@type":"ListItem","position":1,"name":"Accueil","item":"https:\/\/aic-giovannetti.info\/"},{"@type":"ListItem","position":2,"name":"Partenaires assureurs d&rsquo;AIC GIOVANNETTI"}]},{"@type":"WebSite","@id":"https:\/\/aic-giovannetti.info\/#website","url":"https:\/\/aic-giovannetti.info\/","name":"AIC-Giovannetti","description":"Particuliers, entreprises, artisans, commer\u00e7ants et professions lib\u00e9rales","publisher":{"@id":"https:\/\/aic-giovannetti.info\/#organization"},"potentialAction":[{"@type":"SearchAction","target":{"@type":"EntryPoint","urlTemplate":"https:\/\/aic-giovannetti.info\/?s={search_term_string}"},"query-input":{"@type":"PropertyValueSpecification","valueRequired":true,"valueName":"search_term_string"}}],"inLanguage":"fr-FR"},{"@type":"Organization","@id":"https:\/\/aic-giovannetti.info\/#organization","name":"AIC-Giovannetti Courtier g\u00e9n\u00e9raliste en assurances, sp\u00e9cialiste des boulangers et des m\u00e9tiers de bouche","url":"https:\/\/aic-giovannetti.info\/","logo":{"@type":"ImageObject","inLanguage":"fr-FR","@id":"https:\/\/aic-giovannetti.info\/#\/schema\/logo\/image\/","url":"http:\/\/aic-giovannetti.info\/wp-content\/uploads\/2023\/02\/aic.jpg","contentUrl":"http:\/\/aic-giovannetti.info\/wp-content\/uploads\/2023\/02\/aic.jpg","width":180,"height":180,"caption":"AIC-Giovannetti Courtier g\u00e9n\u00e9raliste en assurances, sp\u00e9cialiste des boulangers et des m\u00e9tiers de bouche"},"image":{"@id":"https:\/\/aic-giovannetti.info\/#\/schema\/logo\/image\/"},"sameAs":["https:\/\/www.facebook.com\/aicgiovannetti\/"]}]}},"_links":{"self":[{"href":"https:\/\/aic-giovannetti.info\/index.php\/wp-json\/wp\/v2\/pages\/276","targetHints":{"allow":["GET"]}}],"collection":[{"href":"https:\/\/aic-giovannetti.info\/index.php\/wp-json\/wp\/v2\/pages"}],"about":[{"href":"https:\/\/aic-giovannetti.info\/index.php\/wp-json\/wp\/v2\/types\/page"}],"author":[{"embeddable":true,"href":"https:\/\/aic-giovannetti.info\/index.php\/wp-json\/wp\/v2\/users\/1"}],"replies":[{"embeddable":true,"href":"https:\/\/aic-giovannetti.info\/index.php\/wp-json\/wp\/v2\/comments?post=276"}],"version-history":[{"count":12,"href":"https:\/\/aic-giovannetti.info\/index.php\/wp-json\/wp\/v2\/pages\/276\/revisions"}],"predecessor-version":[{"id":1214,"href":"https:\/\/aic-giovannetti.info\/index.php\/wp-json\/wp\/v2\/pages\/276\/revisions\/1214"}],"wp:attachment":[{"href":"https:\/\/aic-giovannetti.info\/index.php\/wp-json\/wp\/v2\/media?parent=276"}],"curies":[{"name":"wp","href":"https:\/\/api.w.org\/{rel}","templated":true}]}}