{"id":203,"date":"2015-11-29T12:40:16","date_gmt":"2015-11-29T11:40:16","guid":{"rendered":"http:\/\/aic-giovannetti.info\/?page_id=203"},"modified":"2023-03-03T14:25:03","modified_gmt":"2023-03-03T13:25:03","slug":"aic-giovannetti","status":"publish","type":"page","link":"https:\/\/aic-giovannetti.info\/index.php\/aic-giovannetti\/","title":{"rendered":"aic-giovannetti, la force d\u2019un courtier sp\u00e9cialiste et ind\u00e9pendant"},"content":{"rendered":"<div class=\"wpb-content-wrapper\"><p>[vc_row][vc_column][vc_column_text]Depuis plus de 30 ans, nous b\u00e9n\u00e9ficions de totales d\u00e9l\u00e9gations aupr\u00e8s de nos fournisseurs nous permettant de vous apporter une r\u00e9activit\u00e9 et une efficacit\u00e9 dans la gestion de vos contrats.<\/p>\n<p>Courtier g\u00e9n\u00e9raliste, <strong><span class=\"style4\">aic-giovannetti<\/span>\u00a0<\/strong>met \u00e9galement toute son expertise au service des <span class=\"style4\">m\u00e9tiers de bouche, des professionnels, des entreprises et des particuliers<\/span>\u00a0pour lesquels il b\u00e2tit des <span class=\"style4\">solutions d\u2019assurance sur mesure et personnalis\u00e9es<\/span>.<\/p>\n<p>Ecoute, disponibilit\u00e9 et volont\u00e9 de r\u00e9pondre avec pertinence et efficacit\u00e9 aux besoins de nos clients, telles sont les valeurs pr\u00f4n\u00e9es pour \u00eatre un acteur majeur du courtage d\u2019assurances.<\/p>\n<p>&nbsp;<\/p>\n<ul>\n<li><strong>Philippe Chapeau :\u00a0<\/strong>\u00a0Pr\u00e9sident<\/li>\n<li><strong>Raymond Chapeau:<\/strong> Directeur g\u00e9n\u00e9ral<\/li>\n<li><strong>Fr\u00e9d\u00e9ric Chabannet:<\/strong>\u00a0Adjoint Direction<\/li>\n<li><strong>Camille Chapeau: <\/strong>Responsable de service<\/li>\n<li><strong>B\u00e9atrice Longuet:<\/strong> Charg\u00e9e de Client\u00e8le Production<\/li>\n<li><strong>Estela Monteiro: <\/strong>Gestionnaire Production<\/li>\n<li><strong>Anne Covelli:<\/strong> Gestionnaire Sinistre<\/li>\n<li><strong>Damien COUETUHAN<\/strong>: Gestionnaire Sinistre<\/li>\n<\/ul>\n<p>[\/vc_column_text][\/vc_column][\/vc_row][vc_row][vc_column][vc_column_text]<\/p>\n<p style=\"padding-left: 30px;\">SAS au capital de 900 558\u20ac<br \/>\nImmatricul\u00e9e au RCS de Paris sous le num\u00e9ro : 330 285 958, siret : N\u00b0 33028595800048<br \/>\nCode APE : 6622Z<br \/>\nSi\u00e8ge Social : 7 quai d&rsquo;Anjou 75004 Paris<br \/>\nRepr\u00e9sentant l\u00e9gal : M. Philippe Chapeau<br \/>\nDirecteur de la publication : M.Philippe Chapeau<br \/>\nNous contacter : <a href=\"https:\/\/aic-giovannetti.info\/index.php\/formulaire-de-contact\/\">utilisez ce formulaire en ligne<\/a><br \/>\nResponsable internet : Fr\u00e9d\u00e9ric Chabannet<\/p>\n<p>Garanties financi\u00e8res et RC Professionnelles conformes aux articles 512-6 et 512-7 du codes des assurances<br \/>\nInscrit \u00e0 l\u2019ORIAS (<a href=\"http:\/\/www.orias.fr\">www.orias.fr<\/a>) sous le num\u00e9ro 7003090, entreprise soumise au contr\u00f4le de l\u2019ACPR (autorit\u00e9 de contr\u00f4le prudentiel et de r\u00e9solution) 4 Place de Budapest CS 92459 75436 Paris cedex 09.<\/p>\n<p>Certaines informations demand\u00e9es dans nos formulaires en ligne sont obligatoires. Elles font l\u2019objet d\u2019un traitement informatis\u00e9 chez aic-giovannetti.<\/p>\n<p>Selon la loi du 6 janvier 1978, vous disposez d\u2019un droit d\u2019acc\u00e8s, de modification, de rectification et de suppression des donn\u00e9es qui vous concernent (article 39 et suivants de la loi).<\/p>\n<p>Pour exercer ces droits, adressez-vous par simple lettre \u00e0 aic-giovannetti.<\/p>\n<h2>Service de r\u00e9clamation<\/h2>\n<p>M. Fr\u00e9d\u00e9ric Chabannet &#8211; AICG &#8211; 7, quai d&rsquo;Anjou 75004 Paris<br \/>\nTel. : 01 42 42 37 75 &#8211; Email : servicereclamations@aic-giovannetti.fr<\/p>\n<h2>M\u00e9diateur<\/h2>\n<p>En application de l&rsquo;article L156-1 du code de la consommation, le M\u00e9diateur de l&rsquo;assurance est comp\u00e9tent pour intervenir sur tout litige n&rsquo;ayant pas pu \u00eatre r\u00e9gl\u00e9 dans le cadre d&rsquo;une r\u00e9clamation pr\u00e9alable directement introduite aupr\u00e8s des services de votre courtier.<\/p>\n<p>Il peut \u00eatre saisi par l&rsquo;un des moyens suivants :<\/p>\n<ul>\n<li>la M\u00e9diation de l&rsquo;assurance &#8211; P\u00f4le CSCA TSA 50110 &#8211; 75441 Paris cedex 01<\/li>\n<li>Email : le.mediateur@mediation-assurance.org<\/li>\n<li>site web <a href=\"http:\/\/www.mediation-assurance.org\">www.mediation-assurance.org<\/a><\/li>\n<\/ul>\n<p>[\/vc_column_text][\/vc_column][\/vc_row]<\/p>\n<\/div>","protected":false},"excerpt":{"rendered":"<p>[vc_row][vc_column][vc_column_text]Depuis plus de 30 ans, nous b\u00e9n\u00e9ficions de totales d\u00e9l\u00e9gations aupr\u00e8s de nos fournisseurs nous permettant de vous apporter une r\u00e9activit\u00e9 et une efficacit\u00e9 dans la gestion de vos contrats. Courtier g\u00e9n\u00e9raliste, aic-giovannetti\u00a0met \u00e9galement toute son expertise au service des m\u00e9tiers de bouche, des professionnels, des entreprises et des particuliers\u00a0pour lesquels il b\u00e2tit des solutions [&hellip;]<\/p>\n","protected":false},"author":1,"featured_media":0,"parent":0,"menu_order":0,"comment_status":"closed","ping_status":"closed","template":"","meta":{"footnotes":""},"class_list":["post-203","page","type-page","status-publish","hentry"],"yoast_head":"<!-- This site is optimized with the Yoast SEO plugin v27.4 - https:\/\/yoast.com\/product\/yoast-seo-wordpress\/ -->\n<title>aic-giovannetti, la force d\u2019un courtier sp\u00e9cialiste et ind\u00e9pendant - Courtier g\u00e9n\u00e9raliste en assurances, sp\u00e9cialiste des boulangers et des m\u00e9tiers de bouche<\/title>\n<meta name=\"robots\" content=\"index, follow, max-snippet:-1, max-image-preview:large, max-video-preview:-1\" \/>\n<link rel=\"canonical\" href=\"https:\/\/aic-giovannetti.info\/index.php\/aic-giovannetti\/\" \/>\n<meta property=\"og:locale\" content=\"fr_FR\" \/>\n<meta property=\"og:type\" content=\"article\" \/>\n<meta property=\"og:title\" content=\"aic-giovannetti, la force d\u2019un courtier sp\u00e9cialiste et ind\u00e9pendant - Courtier g\u00e9n\u00e9raliste en assurances, sp\u00e9cialiste des boulangers et des m\u00e9tiers de bouche\" \/>\n<meta property=\"og:description\" content=\"[vc_row][vc_column][vc_column_text]Depuis plus de 30 ans, nous b\u00e9n\u00e9ficions de totales d\u00e9l\u00e9gations aupr\u00e8s de nos fournisseurs nous permettant de vous apporter une r\u00e9activit\u00e9 et une efficacit\u00e9 dans la gestion de vos contrats. Courtier g\u00e9n\u00e9raliste, aic-giovannetti\u00a0met \u00e9galement toute son expertise au service des m\u00e9tiers de bouche, des professionnels, des entreprises et des particuliers\u00a0pour lesquels il b\u00e2tit des solutions [&hellip;]\" \/>\n<meta property=\"og:url\" content=\"https:\/\/aic-giovannetti.info\/index.php\/aic-giovannetti\/\" \/>\n<meta property=\"og:site_name\" content=\"Courtier g\u00e9n\u00e9raliste en assurances, sp\u00e9cialiste des boulangers et des m\u00e9tiers de bouche\" \/>\n<meta property=\"article:publisher\" content=\"https:\/\/www.facebook.com\/aicgiovannetti\/\" \/>\n<meta property=\"article:modified_time\" content=\"2023-03-03T13:25:03+00:00\" \/>\n<meta name=\"twitter:card\" content=\"summary_large_image\" \/>\n<meta name=\"twitter:label1\" content=\"Dur\u00e9e de lecture estim\u00e9e\" \/>\n\t<meta name=\"twitter:data1\" content=\"2 minutes\" \/>\n<script type=\"application\/ld+json\" class=\"yoast-schema-graph\">{\"@context\":\"https:\\\/\\\/schema.org\",\"@graph\":[{\"@type\":\"WebPage\",\"@id\":\"https:\\\/\\\/aic-giovannetti.info\\\/index.php\\\/aic-giovannetti\\\/\",\"url\":\"https:\\\/\\\/aic-giovannetti.info\\\/index.php\\\/aic-giovannetti\\\/\",\"name\":\"aic-giovannetti, la force d\u2019un courtier sp\u00e9cialiste et ind\u00e9pendant - Courtier g\u00e9n\u00e9raliste en assurances, sp\u00e9cialiste des boulangers et des m\u00e9tiers de bouche\",\"isPartOf\":{\"@id\":\"https:\\\/\\\/aic-giovannetti.info\\\/#website\"},\"datePublished\":\"2015-11-29T11:40:16+00:00\",\"dateModified\":\"2023-03-03T13:25:03+00:00\",\"breadcrumb\":{\"@id\":\"https:\\\/\\\/aic-giovannetti.info\\\/index.php\\\/aic-giovannetti\\\/#breadcrumb\"},\"inLanguage\":\"fr-FR\",\"potentialAction\":[{\"@type\":\"ReadAction\",\"target\":[\"https:\\\/\\\/aic-giovannetti.info\\\/index.php\\\/aic-giovannetti\\\/\"]}]},{\"@type\":\"BreadcrumbList\",\"@id\":\"https:\\\/\\\/aic-giovannetti.info\\\/index.php\\\/aic-giovannetti\\\/#breadcrumb\",\"itemListElement\":[{\"@type\":\"ListItem\",\"position\":1,\"name\":\"Accueil\",\"item\":\"https:\\\/\\\/aic-giovannetti.info\\\/\"},{\"@type\":\"ListItem\",\"position\":2,\"name\":\"aic-giovannetti, la force d\u2019un courtier sp\u00e9cialiste et ind\u00e9pendant\"}]},{\"@type\":\"WebSite\",\"@id\":\"https:\\\/\\\/aic-giovannetti.info\\\/#website\",\"url\":\"https:\\\/\\\/aic-giovannetti.info\\\/\",\"name\":\"AIC-Giovannetti\",\"description\":\"Particuliers, entreprises, artisans, commer\u00e7ants et professions lib\u00e9rales\",\"publisher\":{\"@id\":\"https:\\\/\\\/aic-giovannetti.info\\\/#organization\"},\"potentialAction\":[{\"@type\":\"SearchAction\",\"target\":{\"@type\":\"EntryPoint\",\"urlTemplate\":\"https:\\\/\\\/aic-giovannetti.info\\\/?s={search_term_string}\"},\"query-input\":{\"@type\":\"PropertyValueSpecification\",\"valueRequired\":true,\"valueName\":\"search_term_string\"}}],\"inLanguage\":\"fr-FR\"},{\"@type\":\"Organization\",\"@id\":\"https:\\\/\\\/aic-giovannetti.info\\\/#organization\",\"name\":\"AIC-Giovannetti Courtier g\u00e9n\u00e9raliste en assurances, sp\u00e9cialiste des boulangers et des m\u00e9tiers de bouche\",\"url\":\"https:\\\/\\\/aic-giovannetti.info\\\/\",\"logo\":{\"@type\":\"ImageObject\",\"inLanguage\":\"fr-FR\",\"@id\":\"https:\\\/\\\/aic-giovannetti.info\\\/#\\\/schema\\\/logo\\\/image\\\/\",\"url\":\"http:\\\/\\\/aic-giovannetti.info\\\/wp-content\\\/uploads\\\/2023\\\/02\\\/aic.jpg\",\"contentUrl\":\"http:\\\/\\\/aic-giovannetti.info\\\/wp-content\\\/uploads\\\/2023\\\/02\\\/aic.jpg\",\"width\":180,\"height\":180,\"caption\":\"AIC-Giovannetti Courtier g\u00e9n\u00e9raliste en assurances, sp\u00e9cialiste des boulangers et des m\u00e9tiers de bouche\"},\"image\":{\"@id\":\"https:\\\/\\\/aic-giovannetti.info\\\/#\\\/schema\\\/logo\\\/image\\\/\"},\"sameAs\":[\"https:\\\/\\\/www.facebook.com\\\/aicgiovannetti\\\/\"]}]}<\/script>\n<!-- \/ Yoast SEO plugin. -->","yoast_head_json":{"title":"aic-giovannetti, la force d\u2019un courtier sp\u00e9cialiste et ind\u00e9pendant - Courtier g\u00e9n\u00e9raliste en assurances, sp\u00e9cialiste des boulangers et des m\u00e9tiers de bouche","robots":{"index":"index","follow":"follow","max-snippet":"max-snippet:-1","max-image-preview":"max-image-preview:large","max-video-preview":"max-video-preview:-1"},"canonical":"https:\/\/aic-giovannetti.info\/index.php\/aic-giovannetti\/","og_locale":"fr_FR","og_type":"article","og_title":"aic-giovannetti, la force d\u2019un courtier sp\u00e9cialiste et ind\u00e9pendant - Courtier g\u00e9n\u00e9raliste en assurances, sp\u00e9cialiste des boulangers et des m\u00e9tiers de bouche","og_description":"[vc_row][vc_column][vc_column_text]Depuis plus de 30 ans, nous b\u00e9n\u00e9ficions de totales d\u00e9l\u00e9gations aupr\u00e8s de nos fournisseurs nous permettant de vous apporter une r\u00e9activit\u00e9 et une efficacit\u00e9 dans la gestion de vos contrats. Courtier g\u00e9n\u00e9raliste, aic-giovannetti\u00a0met \u00e9galement toute son expertise au service des m\u00e9tiers de bouche, des professionnels, des entreprises et des particuliers\u00a0pour lesquels il b\u00e2tit des solutions [&hellip;]","og_url":"https:\/\/aic-giovannetti.info\/index.php\/aic-giovannetti\/","og_site_name":"Courtier g\u00e9n\u00e9raliste en assurances, sp\u00e9cialiste des boulangers et des m\u00e9tiers de bouche","article_publisher":"https:\/\/www.facebook.com\/aicgiovannetti\/","article_modified_time":"2023-03-03T13:25:03+00:00","twitter_card":"summary_large_image","twitter_misc":{"Dur\u00e9e de lecture estim\u00e9e":"2 minutes"},"schema":{"@context":"https:\/\/schema.org","@graph":[{"@type":"WebPage","@id":"https:\/\/aic-giovannetti.info\/index.php\/aic-giovannetti\/","url":"https:\/\/aic-giovannetti.info\/index.php\/aic-giovannetti\/","name":"aic-giovannetti, la force d\u2019un courtier sp\u00e9cialiste et ind\u00e9pendant - Courtier g\u00e9n\u00e9raliste en assurances, sp\u00e9cialiste des boulangers et des m\u00e9tiers de bouche","isPartOf":{"@id":"https:\/\/aic-giovannetti.info\/#website"},"datePublished":"2015-11-29T11:40:16+00:00","dateModified":"2023-03-03T13:25:03+00:00","breadcrumb":{"@id":"https:\/\/aic-giovannetti.info\/index.php\/aic-giovannetti\/#breadcrumb"},"inLanguage":"fr-FR","potentialAction":[{"@type":"ReadAction","target":["https:\/\/aic-giovannetti.info\/index.php\/aic-giovannetti\/"]}]},{"@type":"BreadcrumbList","@id":"https:\/\/aic-giovannetti.info\/index.php\/aic-giovannetti\/#breadcrumb","itemListElement":[{"@type":"ListItem","position":1,"name":"Accueil","item":"https:\/\/aic-giovannetti.info\/"},{"@type":"ListItem","position":2,"name":"aic-giovannetti, la force d\u2019un courtier sp\u00e9cialiste et ind\u00e9pendant"}]},{"@type":"WebSite","@id":"https:\/\/aic-giovannetti.info\/#website","url":"https:\/\/aic-giovannetti.info\/","name":"AIC-Giovannetti","description":"Particuliers, entreprises, artisans, commer\u00e7ants et professions lib\u00e9rales","publisher":{"@id":"https:\/\/aic-giovannetti.info\/#organization"},"potentialAction":[{"@type":"SearchAction","target":{"@type":"EntryPoint","urlTemplate":"https:\/\/aic-giovannetti.info\/?s={search_term_string}"},"query-input":{"@type":"PropertyValueSpecification","valueRequired":true,"valueName":"search_term_string"}}],"inLanguage":"fr-FR"},{"@type":"Organization","@id":"https:\/\/aic-giovannetti.info\/#organization","name":"AIC-Giovannetti Courtier g\u00e9n\u00e9raliste en assurances, sp\u00e9cialiste des boulangers et des m\u00e9tiers de bouche","url":"https:\/\/aic-giovannetti.info\/","logo":{"@type":"ImageObject","inLanguage":"fr-FR","@id":"https:\/\/aic-giovannetti.info\/#\/schema\/logo\/image\/","url":"http:\/\/aic-giovannetti.info\/wp-content\/uploads\/2023\/02\/aic.jpg","contentUrl":"http:\/\/aic-giovannetti.info\/wp-content\/uploads\/2023\/02\/aic.jpg","width":180,"height":180,"caption":"AIC-Giovannetti Courtier g\u00e9n\u00e9raliste en assurances, sp\u00e9cialiste des boulangers et des m\u00e9tiers de bouche"},"image":{"@id":"https:\/\/aic-giovannetti.info\/#\/schema\/logo\/image\/"},"sameAs":["https:\/\/www.facebook.com\/aicgiovannetti\/"]}]}},"_links":{"self":[{"href":"https:\/\/aic-giovannetti.info\/index.php\/wp-json\/wp\/v2\/pages\/203","targetHints":{"allow":["GET"]}}],"collection":[{"href":"https:\/\/aic-giovannetti.info\/index.php\/wp-json\/wp\/v2\/pages"}],"about":[{"href":"https:\/\/aic-giovannetti.info\/index.php\/wp-json\/wp\/v2\/types\/page"}],"author":[{"embeddable":true,"href":"https:\/\/aic-giovannetti.info\/index.php\/wp-json\/wp\/v2\/users\/1"}],"replies":[{"embeddable":true,"href":"https:\/\/aic-giovannetti.info\/index.php\/wp-json\/wp\/v2\/comments?post=203"}],"version-history":[{"count":30,"href":"https:\/\/aic-giovannetti.info\/index.php\/wp-json\/wp\/v2\/pages\/203\/revisions"}],"predecessor-version":[{"id":1764,"href":"https:\/\/aic-giovannetti.info\/index.php\/wp-json\/wp\/v2\/pages\/203\/revisions\/1764"}],"wp:attachment":[{"href":"https:\/\/aic-giovannetti.info\/index.php\/wp-json\/wp\/v2\/media?parent=203"}],"curies":[{"name":"wp","href":"https:\/\/api.w.org\/{rel}","templated":true}]}}