{"id":161,"date":"2015-11-23T08:06:29","date_gmt":"2015-11-23T07:06:29","guid":{"rendered":"http:\/\/aic-giovannetti.info\/?page_id=161"},"modified":"2018-09-05T17:14:08","modified_gmt":"2018-09-05T15:14:08","slug":"mentions-legales","status":"publish","type":"page","link":"https:\/\/aic-giovannetti.info\/index.php\/mentions-legales\/","title":{"rendered":"Mentions l\u00e9gales"},"content":{"rendered":"<p>SAS au capital de 900 558\u20ac<br \/>\nImmatricul\u00e9e au RCS de Paris sous le num\u00e9ro : 330 285 958, siret : N\u00b0 33028595800048<br \/>\nCode APE : 6622Z<br \/>\nSi\u00e8ge Social : 7 quai d&rsquo;Anjou 75004 Paris<br \/>\nRepr\u00e9sentant l\u00e9gal : M. Philippe CHAPEAU<br \/>\nNous contacter : 01.43.32.37.75\u00a0\u00a0\u00a0 fax:01.44.75.04.49<br \/>\nResponsable internet : Estela Monteiro<\/p>\n<p>Garanties financi\u00e8res et RC Professionnelles conformes aux articles 512-6 et 512-7 du codes des assurances<br \/>\nInscrit \u00e0 l\u2019ORIAS (www.orias.fr) sous le num\u00e9ro 7003090, entreprise soumise au contr\u00f4le de l\u2019ACPR (autorit\u00e9 de contr\u00f4le prudentiel et de r\u00e9solution) 4 Place de Budapest CS 92459 75436 Paris cedex 09.<\/p>\n<p>Certaines informations demand\u00e9es dans nos formulaires en ligne sont obligatoires. Elles font l\u2019objet d\u2019un traitement informatis\u00e9 chez AIC-GIOVANNETTI.<\/p>\n<p><strong>Informatique et libert\u00e9s<\/strong><br \/>\nLes fichiers figurant sur nos bases de donn\u00e9es, qu&rsquo;ils soient utilis\u00e9s sur le site AIC-GIOVANNETTI ou par nos services de gestion et prospection ont fait l&rsquo;objet d&rsquo;une d\u00e9claration \u00e0 la Commission Nationale de l&rsquo;Informatique et des Libert\u00e9s (CNIL) sous les num\u00e9ros 1 796 661 vo et 1796743 vo.<\/p>\n<p>Les donn\u00e9es personnelles concernant la client\u00e8le de AIC-GIOVANNETTI sont destin\u00e9es \u00e0 ses stricts besoins de gestion et ne seront en aucun cas transmis \u00e0 des tiers.<\/p>\n<p>Conform\u00e9ment aux dispositions de la loi N\u00b078-17 du 6 janvier 1978 relative \u00e0 l&rsquo;informatique, aux fichiers et aux libert\u00e9s, vous disposez d&rsquo;un droit d&rsquo;acc\u00e8s, de modification, de rectification et de suppression des donn\u00e9es vous concernant. Pour l&rsquo;exercer, adressez-vous \u00e0 notre Direction G\u00e9n\u00e9rale, 7, quai d&rsquo;Anjou 75004 Paris.<\/p>\n<p>Ce site est soumis \u00e0 la loi fran\u00e7aise.<\/p>\n<h2>1. Contenu du site<\/h2>\n<p>La soci\u00e9t\u00e9 AIC-GIOVANNETTI ainsi que ses partenaires s&rsquo;efforcent d&rsquo;assurer l&rsquo;exactitude et la mise \u00e0 jour des informations diffus\u00e9es sur ce site, dont elle se r\u00e9serve le droit de corriger, \u00e0 tout moment et sans pr\u00e9avis, le contenu. Ils ne peuvent cependant en garantir l&rsquo;exhaustivit\u00e9 ou l&rsquo;absence de modification par un tiers (intrusion, virus). En outre, AIC-GIOVANNETTI et ses partenaires d\u00e9clinent toute responsabilit\u00e9 (directe ou indirecte) en cas de retard, d&rsquo;erreur ou d&rsquo;omission quant au contenu des pr\u00e9sentes pages et \u00e0 l&rsquo;utilisation qui pourrait en \u00eatre faite par quiconque de m\u00eame qu&rsquo;en cas d&rsquo;interruption ou de non-disponibilit\u00e9 du service.<\/p>\n<p>A ce titre la responsabilit\u00e9 d\u2019AIC-GIOVANNETTI et de ses partenaires ne saurait \u00eatre retenue en cas de dommages indirects, sans que cette liste soit exhaustive, les pertes d\u00e9coulant des transactions effectu\u00e9es sur la base des informations, les pertes de profit, pertes d&rsquo;affaires, pertes d\u00e9coulant d&rsquo;une interruption du service.<br \/>\nDe m\u00eame, AIC-GIOVANNETTI et ses partenaires ne sauraient \u00eatre tenus responsables des \u00e9l\u00e9ments en dehors de leur contr\u00f4le et des dommages qui pourraient \u00e9ventuellement \u00eatre subis par votre environnement technique et notamment, vos ordinateurs, logiciels, \u00e9quipements r\u00e9seaux (modems, t\u00e9l\u00e9phones\u2026) et tout mat\u00e9riel utilis\u00e9 pour acc\u00e9der \u00e0 ou utiliser le service et\/ou les informations.<\/p>\n<p>Enfin, AIC-GIOVANNETTI et ses partenaires ne garantissent pas et ne seront en aucune mani\u00e8re responsables de la s\u00e9quence, l&rsquo;exactitude, l&rsquo;absence d&rsquo;erreurs, la v\u00e9racit\u00e9, le caract\u00e8re actuel, la qualit\u00e9 loyale et marchande, la qualit\u00e9, la justesse, le caract\u00e8re non-contrefaisant et la disponibilit\u00e9 des informations contenues sur le pr\u00e9sent site.<br \/>\nVous vous engagez \u00e0 faire des informations contenues sur le pr\u00e9sent site un usage personnel et non commercial.<\/p>\n<h2>2. Droit d&rsquo;auteur<\/h2>\n<p>L&rsquo;ensemble des contenus de tous types pr\u00e9sents sur ce site Internet sont la propri\u00e9t\u00e9 exclusive d\u2019AIC-GIOVANNETTI ou des prestataires d\u00e9sign\u00e9s par cette soci\u00e9t\u00e9, et sont prot\u00e9g\u00e9s par la l\u00e9gislation fran\u00e7aise et\/ou internationale sur les droits d&rsquo;auteur.<\/p>\n<p>La reproduction de tout ou partie de ce site sur quelque support que ce soit (y compris pour les documents t\u00e9l\u00e9chargeables et les repr\u00e9sentations iconographiques et photographiques), ainsi que toute utilisation du contenu du site, autre que la consultation individuelle et priv\u00e9e, sont formellement interdites sauf autorisation expresse d\u2019AIC-GIOVANNETTI.<\/p>\n<p>Les marques cit\u00e9es sur ce site sont d\u00e9pos\u00e9es par leurs propri\u00e9taires respectifs. Toute reproduction ou repr\u00e9sentation faites sans leur accord pr\u00e9alable est une contrefa\u00e7on.<\/p>\n<p>Dans le cadre de sa communication Internet, la soci\u00e9t\u00e9 AIC-GIOVANNETTI donne la permission \u00e0 tout cr\u00e9ateur\/gestionnaire de site web de pointer via un lien hypertexte sur la page d&rsquo;accueil de son site WWW.AIC-GIOVANNETTI.COM \u00e0 l&rsquo;exclusion de tout autre lien profond.<\/p>\n<h2>3. Liens hypertextes<\/h2>\n<p>Les liens hypertextes \u00e9tablis en direction d&rsquo;autres sites ne sauraient engager la responsabilit\u00e9 d\u2019AIC-GIOVANNETTI, notamment s&rsquo;agissant du contenu de ces sites.<br \/>\nAIC-GIOVANNETTI n&rsquo;est pas responsable des liens hypertextes pointant vers le pr\u00e9sent site et interdit \u00e0 toute personne de mettre en place un tel lien sans son autorisation expresse et pr\u00e9alable.<\/p>\n<h2>4. Donn\u00e9es \u00e0 caract\u00e8re personnel<\/h2>\n<h3>Collecte<\/h3>\n<p>Afin de mieux r\u00e9pondre \u00e0 vos attentes et \u00e0 l&rsquo;occasion de la consultation de ce site, AIC-GIOVANNETTI est conduite \u00e0 recueillir des donn\u00e9es \u00e0 caract\u00e8re personnel directement ou indirectement nominatives (adresse IP de votre serveur), le cas \u00e9ch\u00e9ant par le biais de formulaires. Ces donn\u00e9es sont enregistr\u00e9es dans les syst\u00e8mes d\u2019information d\u2019AIC-GIOVANNETTI ou des prestataires et conseils mandat\u00e9s par AIC-GIOVANNETTI. En remplissant des questionnaires, vous transmettez des informations qui pourront \u00eatre utilis\u00e9es exclusivement par AIC-GIOVANNETTI et ses prestataires assureurs. Certaines de ces donn\u00e9es \u00e0 caract\u00e8re personnel sont obligatoires pour le traitement de vos demandes : elles figurent en gras ou sont indiqu\u00e9es par tout autre proc\u00e9d\u00e9 \u00e9quivalent.<\/p>\n<h3>Utilisation<\/h3>\n<p>Les donn\u00e9es collect\u00e9es sont appel\u00e9es \u00e0 \u00eatre utilis\u00e9es principalement dans le cadre de gestion de la relation client. Les informations que vous nous communiquez ne sont jamais confi\u00e9es \u00e0 des tiers. Elles peuvent \u00e9galement \u00eatre utilis\u00e9es pour vous tenir inform\u00e9s des manifestations, actions ou publications susceptibles de susciter votre int\u00e9r\u00eat.<br \/>\nDes donn\u00e9es indirectement nominatives, \u00e0 usage statistique, peuvent \u00e9galement \u00eatre collect\u00e9es \u00e0 des fins de gestion de votre connexion et de votre navigation (Cf. infra information sur les Cookies).<\/p>\n<h3>Communication \u00e0 des tiers<\/h3>\n<p>Les donn\u00e9es recueillies pourront, de convention expresse, \u00eatre communiqu\u00e9es, pour les finalit\u00e9s mentionn\u00e9es ci-dessus, aux partenaires, aux sous-traitants et prestataires d&rsquo;AIC-GIOVANNETTI, dans la limite n\u00e9cessaire \u00e0 l\u2019accomplissement des t\u00e2ches qui leurs sont confi\u00e9es, qui pourront \u00eatre amen\u00e9s \u00e0 vous contacter directement \u00e0 partir des coordonn\u00e9es que vous nous avez communiqu\u00e9es.<\/p>\n<h3>Droit d\u2019acc\u00e8s, de rectification et d\u2019opposition<\/h3>\n<p>Les personnes concern\u00e9es par ces traitements disposent d&rsquo;un droit d&rsquo;acc\u00e8s aux donn\u00e9es \u00e0 caract\u00e8re personnel les concernant, ainsi que celui de demander \u00e0 ce que soient rectifi\u00e9es, mises \u00e0 jour ou supprim\u00e9es les donn\u00e9es inexactes, incompl\u00e8tes ou p\u00e9rim\u00e9es et de s\u2019opposer, sous r\u00e9serve de justifier d\u2019un motif l\u00e9gitime, \u00e0 ce que des donn\u00e9es \u00e0 caract\u00e8re personnel les concernant fassent l&rsquo;objet d&rsquo;un traitement. Cette opposition peut toutefois entra\u00eener l\u2019impossibilit\u00e9 pour AIC-GIOVANNETTI de fournir le produit ou le service souscrit.<\/p>\n<p>Les personnes concern\u00e9es peuvent \u00e9galement, sans avoir \u00e0 motiver leur demande, s\u2019opposer \u00e0 ce que ces donn\u00e9es soient utilis\u00e9es \u00e0 des fins de prospection commerciale ou communiqu\u00e9es \u00e0 des tiers \u00e0 cette fin.<\/p>\n<p>Conform\u00e9ment \u00e0 la loi \u00ab informatique et libert\u00e9s \u00bb du 6 janvier 1978 modifi\u00e9e en 2004, vous b\u00e9n\u00e9ficiez d\u2019un droit d\u2019acc\u00e8s et de rectification aux informations qui vous concernent, que vous pouvez exercer ces droits par courrier \u00e0 l&rsquo;adresse suivante : AIC-GIOVANNETTI \u2013 7 Quai d&rsquo;Anjou &#8211; 75004 Paris, en pr\u00e9cisant le nom de l\u2019op\u00e9ration.<\/p>\n<h2>5. Les Cookies<\/h2>\n<p>Les \u00ab cookies \u00bb sont des petits fichiers texte envoy\u00e9s par un site \u00e0 votre navigateur et qui sont stock\u00e9s sur votre ordinateur. Ils servent \u00e0 vous proposer des informations personnalis\u00e9es en permettant au serveur visit\u00e9 de vous identifier.<\/p>\n<p>Vous avez la possibilit\u00e9 de visiter le site\u00a0https:\/\/aic-giovannetti.info\/ en d\u00e9sactivant cette option dans les param\u00e8tres de votre navigateur.<\/p>\n","protected":false},"excerpt":{"rendered":"<p>SAS au capital de 900 558\u20ac Immatricul\u00e9e au RCS de Paris sous le num\u00e9ro : 330 285 958, siret : N\u00b0 33028595800048 Code APE : 6622Z Si\u00e8ge Social : 7 quai d&rsquo;Anjou 75004 Paris Repr\u00e9sentant l\u00e9gal : M. Philippe CHAPEAU Nous contacter : 01.43.32.37.75\u00a0\u00a0\u00a0 fax:01.44.75.04.49 Responsable internet : Estela Monteiro Garanties financi\u00e8res et RC Professionnelles [&hellip;]<\/p>\n","protected":false},"author":1,"featured_media":0,"parent":0,"menu_order":0,"comment_status":"closed","ping_status":"closed","template":"","meta":{"footnotes":""},"class_list":["post-161","page","type-page","status-publish","hentry"],"yoast_head":"<!-- This site is optimized with the Yoast SEO plugin v27.4 - https:\/\/yoast.com\/product\/yoast-seo-wordpress\/ -->\n<title>Mentions l\u00e9gales - Courtier g\u00e9n\u00e9raliste en assurances, sp\u00e9cialiste des boulangers et des m\u00e9tiers de bouche<\/title>\n<meta name=\"robots\" content=\"index, follow, max-snippet:-1, max-image-preview:large, max-video-preview:-1\" \/>\n<link rel=\"canonical\" href=\"https:\/\/aic-giovannetti.info\/index.php\/mentions-legales\/\" \/>\n<meta property=\"og:locale\" content=\"fr_FR\" \/>\n<meta property=\"og:type\" content=\"article\" \/>\n<meta property=\"og:title\" content=\"Mentions l\u00e9gales - Courtier g\u00e9n\u00e9raliste en assurances, sp\u00e9cialiste des boulangers et des m\u00e9tiers de bouche\" \/>\n<meta property=\"og:description\" content=\"SAS au capital de 900 558\u20ac Immatricul\u00e9e au RCS de Paris sous le num\u00e9ro : 330 285 958, siret : N\u00b0 33028595800048 Code APE : 6622Z Si\u00e8ge Social : 7 quai d&rsquo;Anjou 75004 Paris Repr\u00e9sentant l\u00e9gal : M. Philippe CHAPEAU Nous contacter : 01.43.32.37.75\u00a0\u00a0\u00a0 fax:01.44.75.04.49 Responsable internet : Estela Monteiro Garanties financi\u00e8res et RC Professionnelles [&hellip;]\" \/>\n<meta property=\"og:url\" content=\"https:\/\/aic-giovannetti.info\/index.php\/mentions-legales\/\" \/>\n<meta property=\"og:site_name\" content=\"Courtier g\u00e9n\u00e9raliste en assurances, sp\u00e9cialiste des boulangers et des m\u00e9tiers de bouche\" \/>\n<meta property=\"article:publisher\" content=\"https:\/\/www.facebook.com\/aicgiovannetti\/\" \/>\n<meta property=\"article:modified_time\" content=\"2018-09-05T15:14:08+00:00\" \/>\n<meta name=\"twitter:card\" content=\"summary_large_image\" \/>\n<meta name=\"twitter:label1\" content=\"Dur\u00e9e de lecture estim\u00e9e\" \/>\n\t<meta name=\"twitter:data1\" content=\"6 minutes\" \/>\n<script type=\"application\/ld+json\" class=\"yoast-schema-graph\">{\"@context\":\"https:\\\/\\\/schema.org\",\"@graph\":[{\"@type\":\"WebPage\",\"@id\":\"https:\\\/\\\/aic-giovannetti.info\\\/index.php\\\/mentions-legales\\\/\",\"url\":\"https:\\\/\\\/aic-giovannetti.info\\\/index.php\\\/mentions-legales\\\/\",\"name\":\"Mentions l\u00e9gales - Courtier g\u00e9n\u00e9raliste en assurances, sp\u00e9cialiste des boulangers et des m\u00e9tiers de bouche\",\"isPartOf\":{\"@id\":\"https:\\\/\\\/aic-giovannetti.info\\\/#website\"},\"datePublished\":\"2015-11-23T07:06:29+00:00\",\"dateModified\":\"2018-09-05T15:14:08+00:00\",\"breadcrumb\":{\"@id\":\"https:\\\/\\\/aic-giovannetti.info\\\/index.php\\\/mentions-legales\\\/#breadcrumb\"},\"inLanguage\":\"fr-FR\",\"potentialAction\":[{\"@type\":\"ReadAction\",\"target\":[\"https:\\\/\\\/aic-giovannetti.info\\\/index.php\\\/mentions-legales\\\/\"]}]},{\"@type\":\"BreadcrumbList\",\"@id\":\"https:\\\/\\\/aic-giovannetti.info\\\/index.php\\\/mentions-legales\\\/#breadcrumb\",\"itemListElement\":[{\"@type\":\"ListItem\",\"position\":1,\"name\":\"Accueil\",\"item\":\"https:\\\/\\\/aic-giovannetti.info\\\/\"},{\"@type\":\"ListItem\",\"position\":2,\"name\":\"Mentions l\u00e9gales\"}]},{\"@type\":\"WebSite\",\"@id\":\"https:\\\/\\\/aic-giovannetti.info\\\/#website\",\"url\":\"https:\\\/\\\/aic-giovannetti.info\\\/\",\"name\":\"AIC-Giovannetti\",\"description\":\"Particuliers, entreprises, artisans, commer\u00e7ants et professions lib\u00e9rales\",\"publisher\":{\"@id\":\"https:\\\/\\\/aic-giovannetti.info\\\/#organization\"},\"potentialAction\":[{\"@type\":\"SearchAction\",\"target\":{\"@type\":\"EntryPoint\",\"urlTemplate\":\"https:\\\/\\\/aic-giovannetti.info\\\/?s={search_term_string}\"},\"query-input\":{\"@type\":\"PropertyValueSpecification\",\"valueRequired\":true,\"valueName\":\"search_term_string\"}}],\"inLanguage\":\"fr-FR\"},{\"@type\":\"Organization\",\"@id\":\"https:\\\/\\\/aic-giovannetti.info\\\/#organization\",\"name\":\"AIC-Giovannetti Courtier g\u00e9n\u00e9raliste en assurances, sp\u00e9cialiste des boulangers et des m\u00e9tiers de bouche\",\"url\":\"https:\\\/\\\/aic-giovannetti.info\\\/\",\"logo\":{\"@type\":\"ImageObject\",\"inLanguage\":\"fr-FR\",\"@id\":\"https:\\\/\\\/aic-giovannetti.info\\\/#\\\/schema\\\/logo\\\/image\\\/\",\"url\":\"http:\\\/\\\/aic-giovannetti.info\\\/wp-content\\\/uploads\\\/2023\\\/02\\\/aic.jpg\",\"contentUrl\":\"http:\\\/\\\/aic-giovannetti.info\\\/wp-content\\\/uploads\\\/2023\\\/02\\\/aic.jpg\",\"width\":180,\"height\":180,\"caption\":\"AIC-Giovannetti Courtier g\u00e9n\u00e9raliste en assurances, sp\u00e9cialiste des boulangers et des m\u00e9tiers de bouche\"},\"image\":{\"@id\":\"https:\\\/\\\/aic-giovannetti.info\\\/#\\\/schema\\\/logo\\\/image\\\/\"},\"sameAs\":[\"https:\\\/\\\/www.facebook.com\\\/aicgiovannetti\\\/\"]}]}<\/script>\n<!-- \/ Yoast SEO plugin. -->","yoast_head_json":{"title":"Mentions l\u00e9gales - Courtier g\u00e9n\u00e9raliste en assurances, sp\u00e9cialiste des boulangers et des m\u00e9tiers de bouche","robots":{"index":"index","follow":"follow","max-snippet":"max-snippet:-1","max-image-preview":"max-image-preview:large","max-video-preview":"max-video-preview:-1"},"canonical":"https:\/\/aic-giovannetti.info\/index.php\/mentions-legales\/","og_locale":"fr_FR","og_type":"article","og_title":"Mentions l\u00e9gales - Courtier g\u00e9n\u00e9raliste en assurances, sp\u00e9cialiste des boulangers et des m\u00e9tiers de bouche","og_description":"SAS au capital de 900 558\u20ac Immatricul\u00e9e au RCS de Paris sous le num\u00e9ro : 330 285 958, siret : N\u00b0 33028595800048 Code APE : 6622Z Si\u00e8ge Social : 7 quai d&rsquo;Anjou 75004 Paris Repr\u00e9sentant l\u00e9gal : M. Philippe CHAPEAU Nous contacter : 01.43.32.37.75\u00a0\u00a0\u00a0 fax:01.44.75.04.49 Responsable internet : Estela Monteiro Garanties financi\u00e8res et RC Professionnelles [&hellip;]","og_url":"https:\/\/aic-giovannetti.info\/index.php\/mentions-legales\/","og_site_name":"Courtier g\u00e9n\u00e9raliste en assurances, sp\u00e9cialiste des boulangers et des m\u00e9tiers de bouche","article_publisher":"https:\/\/www.facebook.com\/aicgiovannetti\/","article_modified_time":"2018-09-05T15:14:08+00:00","twitter_card":"summary_large_image","twitter_misc":{"Dur\u00e9e de lecture estim\u00e9e":"6 minutes"},"schema":{"@context":"https:\/\/schema.org","@graph":[{"@type":"WebPage","@id":"https:\/\/aic-giovannetti.info\/index.php\/mentions-legales\/","url":"https:\/\/aic-giovannetti.info\/index.php\/mentions-legales\/","name":"Mentions l\u00e9gales - Courtier g\u00e9n\u00e9raliste en assurances, sp\u00e9cialiste des boulangers et des m\u00e9tiers de bouche","isPartOf":{"@id":"https:\/\/aic-giovannetti.info\/#website"},"datePublished":"2015-11-23T07:06:29+00:00","dateModified":"2018-09-05T15:14:08+00:00","breadcrumb":{"@id":"https:\/\/aic-giovannetti.info\/index.php\/mentions-legales\/#breadcrumb"},"inLanguage":"fr-FR","potentialAction":[{"@type":"ReadAction","target":["https:\/\/aic-giovannetti.info\/index.php\/mentions-legales\/"]}]},{"@type":"BreadcrumbList","@id":"https:\/\/aic-giovannetti.info\/index.php\/mentions-legales\/#breadcrumb","itemListElement":[{"@type":"ListItem","position":1,"name":"Accueil","item":"https:\/\/aic-giovannetti.info\/"},{"@type":"ListItem","position":2,"name":"Mentions l\u00e9gales"}]},{"@type":"WebSite","@id":"https:\/\/aic-giovannetti.info\/#website","url":"https:\/\/aic-giovannetti.info\/","name":"AIC-Giovannetti","description":"Particuliers, entreprises, artisans, commer\u00e7ants et professions lib\u00e9rales","publisher":{"@id":"https:\/\/aic-giovannetti.info\/#organization"},"potentialAction":[{"@type":"SearchAction","target":{"@type":"EntryPoint","urlTemplate":"https:\/\/aic-giovannetti.info\/?s={search_term_string}"},"query-input":{"@type":"PropertyValueSpecification","valueRequired":true,"valueName":"search_term_string"}}],"inLanguage":"fr-FR"},{"@type":"Organization","@id":"https:\/\/aic-giovannetti.info\/#organization","name":"AIC-Giovannetti Courtier g\u00e9n\u00e9raliste en assurances, sp\u00e9cialiste des boulangers et des m\u00e9tiers de bouche","url":"https:\/\/aic-giovannetti.info\/","logo":{"@type":"ImageObject","inLanguage":"fr-FR","@id":"https:\/\/aic-giovannetti.info\/#\/schema\/logo\/image\/","url":"http:\/\/aic-giovannetti.info\/wp-content\/uploads\/2023\/02\/aic.jpg","contentUrl":"http:\/\/aic-giovannetti.info\/wp-content\/uploads\/2023\/02\/aic.jpg","width":180,"height":180,"caption":"AIC-Giovannetti Courtier g\u00e9n\u00e9raliste en assurances, sp\u00e9cialiste des boulangers et des m\u00e9tiers de bouche"},"image":{"@id":"https:\/\/aic-giovannetti.info\/#\/schema\/logo\/image\/"},"sameAs":["https:\/\/www.facebook.com\/aicgiovannetti\/"]}]}},"_links":{"self":[{"href":"https:\/\/aic-giovannetti.info\/index.php\/wp-json\/wp\/v2\/pages\/161","targetHints":{"allow":["GET"]}}],"collection":[{"href":"https:\/\/aic-giovannetti.info\/index.php\/wp-json\/wp\/v2\/pages"}],"about":[{"href":"https:\/\/aic-giovannetti.info\/index.php\/wp-json\/wp\/v2\/types\/page"}],"author":[{"embeddable":true,"href":"https:\/\/aic-giovannetti.info\/index.php\/wp-json\/wp\/v2\/users\/1"}],"replies":[{"embeddable":true,"href":"https:\/\/aic-giovannetti.info\/index.php\/wp-json\/wp\/v2\/comments?post=161"}],"version-history":[{"count":6,"href":"https:\/\/aic-giovannetti.info\/index.php\/wp-json\/wp\/v2\/pages\/161\/revisions"}],"predecessor-version":[{"id":1328,"href":"https:\/\/aic-giovannetti.info\/index.php\/wp-json\/wp\/v2\/pages\/161\/revisions\/1328"}],"wp:attachment":[{"href":"https:\/\/aic-giovannetti.info\/index.php\/wp-json\/wp\/v2\/media?parent=161"}],"curies":[{"name":"wp","href":"https:\/\/api.w.org\/{rel}","templated":true}]}}