{"id":159,"date":"2015-11-23T08:02:00","date_gmt":"2015-11-23T07:02:00","guid":{"rendered":"http:\/\/aic-giovannetti.info\/?page_id=159"},"modified":"2018-02-23T16:33:43","modified_gmt":"2018-02-23T15:33:43","slug":"foire-aux-questions","status":"publish","type":"page","link":"https:\/\/aic-giovannetti.info\/index.php\/foire-aux-questions\/","title":{"rendered":"Foire aux questions"},"content":{"rendered":"<div class=\"wpb-content-wrapper\"><p>[vc_row][vc_column][vc_toggle title=\u00a0\u00bbQu&rsquo;est-ce qu&rsquo;un courtier d&rsquo;assurance ?\u00a0\u00bb el_id=\u00a0\u00bb1448812643252-5daad30b-ca7e\u00a0\u00bb]<span style=\"color: #000000;\">Un courtier en assurance est l&rsquo;interm\u00e9diaire entre la compagnie et le client.<\/span><\/p>\n<p><span style=\"color: #000000;\">Il\u00a0se doit de rechercher la meilleure offre\u00a0en fonction des\u00a0besoins et\u00a0souhaits de l&rsquo;assur\u00e9.<\/span><\/p>\n<p><span style=\"color: #000000;\">En cas de sinistre, le courtier accompagnera et aidera le client dans ses d\u00e9marches tout en assurant\u00a0la bonne tenue de son dossier (relance des experts, des compagnies&#8230;).<\/span><\/p>\n<p><span style=\"color: #000000;\">AIC Giovannetti vous accompagnera durant toute la vie de votre contrat.<\/span>[\/vc_toggle][vc_toggle title=\u00a0\u00bbPourquoi AIC-Giovannetti est-il sp\u00e9cialis\u00e9 dans les m\u00e9tiers de bouche ?\u00a0\u00bb el_id=\u00a0\u00bb1448812763055-7f7bac09-84f0&Prime;][\/vc_toggle][\/vc_column][\/vc_row]<\/p>\n<\/div>","protected":false},"excerpt":{"rendered":"<p>[vc_row][vc_column][vc_toggle title=\u00a0\u00bbQu&rsquo;est-ce qu&rsquo;un courtier d&rsquo;assurance ?\u00a0\u00bb el_id=\u00a0\u00bb1448812643252-5daad30b-ca7e\u00a0\u00bb]Un courtier en assurance est l&rsquo;interm\u00e9diaire entre la compagnie et le client. Il\u00a0se doit de rechercher la meilleure offre\u00a0en fonction des\u00a0besoins et\u00a0souhaits de l&rsquo;assur\u00e9. En cas de sinistre, le courtier accompagnera et aidera le client dans ses d\u00e9marches tout en assurant\u00a0la bonne tenue de son dossier (relance des experts, [&hellip;]<\/p>\n","protected":false},"author":1,"featured_media":0,"parent":0,"menu_order":0,"comment_status":"closed","ping_status":"closed","template":"","meta":{"footnotes":""},"class_list":["post-159","page","type-page","status-publish","hentry"],"yoast_head":"<!-- This site is optimized with the Yoast SEO plugin v27.3 - https:\/\/yoast.com\/product\/yoast-seo-wordpress\/ -->\n<title>Foire aux questions - Courtier g\u00e9n\u00e9raliste en assurances, sp\u00e9cialiste des boulangers et des m\u00e9tiers de bouche<\/title>\n<meta name=\"description\" content=\"Qu&#039;est ce qu&#039;un courtier en assurance? En cas de sinistre a qui dois-je m&#039;adresser? Comment faire\" \/>\n<meta name=\"robots\" content=\"index, follow, max-snippet:-1, max-image-preview:large, max-video-preview:-1\" \/>\n<link rel=\"canonical\" href=\"https:\/\/aic-giovannetti.info\/index.php\/foire-aux-questions\/\" \/>\n<meta property=\"og:locale\" content=\"fr_FR\" \/>\n<meta property=\"og:type\" content=\"article\" \/>\n<meta property=\"og:title\" content=\"Foire aux questions - Courtier g\u00e9n\u00e9raliste en assurances, sp\u00e9cialiste des boulangers et des m\u00e9tiers de bouche\" \/>\n<meta property=\"og:description\" content=\"Qu&#039;est ce qu&#039;un courtier en assurance? En cas de sinistre a qui dois-je m&#039;adresser? Comment faire\" \/>\n<meta property=\"og:url\" content=\"https:\/\/aic-giovannetti.info\/index.php\/foire-aux-questions\/\" \/>\n<meta property=\"og:site_name\" content=\"Courtier g\u00e9n\u00e9raliste en assurances, sp\u00e9cialiste des boulangers et des m\u00e9tiers de bouche\" \/>\n<meta property=\"article:publisher\" content=\"https:\/\/www.facebook.com\/aicgiovannetti\/\" \/>\n<meta property=\"article:modified_time\" content=\"2018-02-23T15:33:43+00:00\" \/>\n<meta name=\"twitter:card\" content=\"summary_large_image\" \/>\n<meta name=\"twitter:label1\" content=\"Dur\u00e9e de lecture estim\u00e9e\" \/>\n\t<meta name=\"twitter:data1\" content=\"1 minute\" \/>\n<script type=\"application\/ld+json\" class=\"yoast-schema-graph\">{\"@context\":\"https:\\\/\\\/schema.org\",\"@graph\":[{\"@type\":\"WebPage\",\"@id\":\"https:\\\/\\\/aic-giovannetti.info\\\/index.php\\\/foire-aux-questions\\\/\",\"url\":\"https:\\\/\\\/aic-giovannetti.info\\\/index.php\\\/foire-aux-questions\\\/\",\"name\":\"Foire aux questions - Courtier g\u00e9n\u00e9raliste en assurances, sp\u00e9cialiste des boulangers et des m\u00e9tiers de bouche\",\"isPartOf\":{\"@id\":\"https:\\\/\\\/aic-giovannetti.info\\\/#website\"},\"datePublished\":\"2015-11-23T07:02:00+00:00\",\"dateModified\":\"2018-02-23T15:33:43+00:00\",\"description\":\"Qu'est ce qu'un courtier en assurance? En cas de sinistre a qui dois-je m'adresser? Comment faire\",\"breadcrumb\":{\"@id\":\"https:\\\/\\\/aic-giovannetti.info\\\/index.php\\\/foire-aux-questions\\\/#breadcrumb\"},\"inLanguage\":\"fr-FR\",\"potentialAction\":[{\"@type\":\"ReadAction\",\"target\":[\"https:\\\/\\\/aic-giovannetti.info\\\/index.php\\\/foire-aux-questions\\\/\"]}]},{\"@type\":\"BreadcrumbList\",\"@id\":\"https:\\\/\\\/aic-giovannetti.info\\\/index.php\\\/foire-aux-questions\\\/#breadcrumb\",\"itemListElement\":[{\"@type\":\"ListItem\",\"position\":1,\"name\":\"Accueil\",\"item\":\"https:\\\/\\\/aic-giovannetti.info\\\/\"},{\"@type\":\"ListItem\",\"position\":2,\"name\":\"Foire aux questions\"}]},{\"@type\":\"WebSite\",\"@id\":\"https:\\\/\\\/aic-giovannetti.info\\\/#website\",\"url\":\"https:\\\/\\\/aic-giovannetti.info\\\/\",\"name\":\"AIC-Giovannetti\",\"description\":\"Particuliers, entreprises, artisans, commer\u00e7ants et professions lib\u00e9rales\",\"publisher\":{\"@id\":\"https:\\\/\\\/aic-giovannetti.info\\\/#organization\"},\"potentialAction\":[{\"@type\":\"SearchAction\",\"target\":{\"@type\":\"EntryPoint\",\"urlTemplate\":\"https:\\\/\\\/aic-giovannetti.info\\\/?s={search_term_string}\"},\"query-input\":{\"@type\":\"PropertyValueSpecification\",\"valueRequired\":true,\"valueName\":\"search_term_string\"}}],\"inLanguage\":\"fr-FR\"},{\"@type\":\"Organization\",\"@id\":\"https:\\\/\\\/aic-giovannetti.info\\\/#organization\",\"name\":\"AIC-Giovannetti Courtier g\u00e9n\u00e9raliste en assurances, sp\u00e9cialiste des boulangers et des m\u00e9tiers de bouche\",\"url\":\"https:\\\/\\\/aic-giovannetti.info\\\/\",\"logo\":{\"@type\":\"ImageObject\",\"inLanguage\":\"fr-FR\",\"@id\":\"https:\\\/\\\/aic-giovannetti.info\\\/#\\\/schema\\\/logo\\\/image\\\/\",\"url\":\"http:\\\/\\\/aic-giovannetti.info\\\/wp-content\\\/uploads\\\/2023\\\/02\\\/aic.jpg\",\"contentUrl\":\"http:\\\/\\\/aic-giovannetti.info\\\/wp-content\\\/uploads\\\/2023\\\/02\\\/aic.jpg\",\"width\":180,\"height\":180,\"caption\":\"AIC-Giovannetti Courtier g\u00e9n\u00e9raliste en assurances, sp\u00e9cialiste des boulangers et des m\u00e9tiers de bouche\"},\"image\":{\"@id\":\"https:\\\/\\\/aic-giovannetti.info\\\/#\\\/schema\\\/logo\\\/image\\\/\"},\"sameAs\":[\"https:\\\/\\\/www.facebook.com\\\/aicgiovannetti\\\/\"]}]}<\/script>\n<!-- \/ Yoast SEO plugin. -->","yoast_head_json":{"title":"Foire aux questions - Courtier g\u00e9n\u00e9raliste en assurances, sp\u00e9cialiste des boulangers et des m\u00e9tiers de bouche","description":"Qu'est ce qu'un courtier en assurance? En cas de sinistre a qui dois-je m'adresser? Comment faire","robots":{"index":"index","follow":"follow","max-snippet":"max-snippet:-1","max-image-preview":"max-image-preview:large","max-video-preview":"max-video-preview:-1"},"canonical":"https:\/\/aic-giovannetti.info\/index.php\/foire-aux-questions\/","og_locale":"fr_FR","og_type":"article","og_title":"Foire aux questions - Courtier g\u00e9n\u00e9raliste en assurances, sp\u00e9cialiste des boulangers et des m\u00e9tiers de bouche","og_description":"Qu'est ce qu'un courtier en assurance? En cas de sinistre a qui dois-je m'adresser? Comment faire","og_url":"https:\/\/aic-giovannetti.info\/index.php\/foire-aux-questions\/","og_site_name":"Courtier g\u00e9n\u00e9raliste en assurances, sp\u00e9cialiste des boulangers et des m\u00e9tiers de bouche","article_publisher":"https:\/\/www.facebook.com\/aicgiovannetti\/","article_modified_time":"2018-02-23T15:33:43+00:00","twitter_card":"summary_large_image","twitter_misc":{"Dur\u00e9e de lecture estim\u00e9e":"1 minute"},"schema":{"@context":"https:\/\/schema.org","@graph":[{"@type":"WebPage","@id":"https:\/\/aic-giovannetti.info\/index.php\/foire-aux-questions\/","url":"https:\/\/aic-giovannetti.info\/index.php\/foire-aux-questions\/","name":"Foire aux questions - Courtier g\u00e9n\u00e9raliste en assurances, sp\u00e9cialiste des boulangers et des m\u00e9tiers de bouche","isPartOf":{"@id":"https:\/\/aic-giovannetti.info\/#website"},"datePublished":"2015-11-23T07:02:00+00:00","dateModified":"2018-02-23T15:33:43+00:00","description":"Qu'est ce qu'un courtier en assurance? En cas de sinistre a qui dois-je m'adresser? Comment faire","breadcrumb":{"@id":"https:\/\/aic-giovannetti.info\/index.php\/foire-aux-questions\/#breadcrumb"},"inLanguage":"fr-FR","potentialAction":[{"@type":"ReadAction","target":["https:\/\/aic-giovannetti.info\/index.php\/foire-aux-questions\/"]}]},{"@type":"BreadcrumbList","@id":"https:\/\/aic-giovannetti.info\/index.php\/foire-aux-questions\/#breadcrumb","itemListElement":[{"@type":"ListItem","position":1,"name":"Accueil","item":"https:\/\/aic-giovannetti.info\/"},{"@type":"ListItem","position":2,"name":"Foire aux questions"}]},{"@type":"WebSite","@id":"https:\/\/aic-giovannetti.info\/#website","url":"https:\/\/aic-giovannetti.info\/","name":"AIC-Giovannetti","description":"Particuliers, entreprises, artisans, commer\u00e7ants et professions lib\u00e9rales","publisher":{"@id":"https:\/\/aic-giovannetti.info\/#organization"},"potentialAction":[{"@type":"SearchAction","target":{"@type":"EntryPoint","urlTemplate":"https:\/\/aic-giovannetti.info\/?s={search_term_string}"},"query-input":{"@type":"PropertyValueSpecification","valueRequired":true,"valueName":"search_term_string"}}],"inLanguage":"fr-FR"},{"@type":"Organization","@id":"https:\/\/aic-giovannetti.info\/#organization","name":"AIC-Giovannetti Courtier g\u00e9n\u00e9raliste en assurances, sp\u00e9cialiste des boulangers et des m\u00e9tiers de bouche","url":"https:\/\/aic-giovannetti.info\/","logo":{"@type":"ImageObject","inLanguage":"fr-FR","@id":"https:\/\/aic-giovannetti.info\/#\/schema\/logo\/image\/","url":"http:\/\/aic-giovannetti.info\/wp-content\/uploads\/2023\/02\/aic.jpg","contentUrl":"http:\/\/aic-giovannetti.info\/wp-content\/uploads\/2023\/02\/aic.jpg","width":180,"height":180,"caption":"AIC-Giovannetti Courtier g\u00e9n\u00e9raliste en assurances, sp\u00e9cialiste des boulangers et des m\u00e9tiers de bouche"},"image":{"@id":"https:\/\/aic-giovannetti.info\/#\/schema\/logo\/image\/"},"sameAs":["https:\/\/www.facebook.com\/aicgiovannetti\/"]}]}},"_links":{"self":[{"href":"https:\/\/aic-giovannetti.info\/index.php\/wp-json\/wp\/v2\/pages\/159","targetHints":{"allow":["GET"]}}],"collection":[{"href":"https:\/\/aic-giovannetti.info\/index.php\/wp-json\/wp\/v2\/pages"}],"about":[{"href":"https:\/\/aic-giovannetti.info\/index.php\/wp-json\/wp\/v2\/types\/page"}],"author":[{"embeddable":true,"href":"https:\/\/aic-giovannetti.info\/index.php\/wp-json\/wp\/v2\/users\/1"}],"replies":[{"embeddable":true,"href":"https:\/\/aic-giovannetti.info\/index.php\/wp-json\/wp\/v2\/comments?post=159"}],"version-history":[{"count":6,"href":"https:\/\/aic-giovannetti.info\/index.php\/wp-json\/wp\/v2\/pages\/159\/revisions"}],"predecessor-version":[{"id":855,"href":"https:\/\/aic-giovannetti.info\/index.php\/wp-json\/wp\/v2\/pages\/159\/revisions\/855"}],"wp:attachment":[{"href":"https:\/\/aic-giovannetti.info\/index.php\/wp-json\/wp\/v2\/media?parent=159"}],"curies":[{"name":"wp","href":"https:\/\/api.w.org\/{rel}","templated":true}]}}