{"id":1536,"date":"2020-06-26T16:20:35","date_gmt":"2020-06-26T14:20:35","guid":{"rendered":"http:\/\/aic-giovannetti.info\/?page_id=1536"},"modified":"2020-06-26T17:08:16","modified_gmt":"2020-06-26T15:08:16","slug":"assistance","status":"publish","type":"page","link":"https:\/\/aic-giovannetti.info\/index.php\/assistance\/","title":{"rendered":"Assistance"},"content":{"rendered":"\r\n<figure class=\"wp-block-image size-large is-resized is-style-default\"><img loading=\"lazy\" decoding=\"async\" class=\"wp-image-722\" src=\"https:\/\/aic-giovannetti.info\/wp-content\/uploads\/2016\/01\/axa-bourret1-1028x1024.jpg\" alt=\"\" width=\"72\" height=\"71\" srcset=\"https:\/\/aic-giovannetti.info\/wp-content\/uploads\/2016\/01\/axa-bourret1-1028x1024.jpg 1028w, https:\/\/aic-giovannetti.info\/wp-content\/uploads\/2016\/01\/axa-bourret1-150x150.jpg 150w, https:\/\/aic-giovannetti.info\/wp-content\/uploads\/2016\/01\/axa-bourret1-300x300.jpg 300w, https:\/\/aic-giovannetti.info\/wp-content\/uploads\/2016\/01\/axa-bourret1-768x765.jpg 768w, https:\/\/aic-giovannetti.info\/wp-content\/uploads\/2016\/01\/axa-bourret1.jpg 1600w\" sizes=\"auto, (max-width: 72px) 100vw, 72px\" \/><\/figure>\r\n<figure class=\"wp-block-image size-large is-resized is-style-default\"><br \/>Entreprises :\u00a001 55 92 22 22<br \/>Particuliers : 01 55 92 26 92<br \/><br \/><img loading=\"lazy\" decoding=\"async\" class=\"alignnone  wp-image-715\" src=\"https:\/\/aic-giovannetti.info\/wp-content\/uploads\/2016\/01\/logo-allianz1-300x113.jpg\" alt=\"\" width=\"188\" height=\"71\" srcset=\"https:\/\/aic-giovannetti.info\/wp-content\/uploads\/2016\/01\/logo-allianz1-300x113.jpg 300w, https:\/\/aic-giovannetti.info\/wp-content\/uploads\/2016\/01\/logo-allianz1-768x288.jpg 768w, https:\/\/aic-giovannetti.info\/wp-content\/uploads\/2016\/01\/logo-allianz1-1600x600.jpg 1600w, https:\/\/aic-giovannetti.info\/wp-content\/uploads\/2016\/01\/logo-allianz1.jpg 2000w\" sizes=\"auto, (max-width: 188px) 100vw, 188px\" \/><br \/>Panne &#8211; Accident &#8211; Crevaison : 0800 103 105<br \/>De l&rsquo;\u00e9tranger : +33 1 40 25 58 86<br \/><br \/>Route : 02 43 80 20 14 <br \/>De l&rsquo;\u00e9tranger : + 33 2 43 80 20 14<br \/><br \/>Ultimo : 0800 503 988<br \/><br \/><br \/><img loading=\"lazy\" decoding=\"async\" class=\"alignnone  wp-image-1361\" src=\"https:\/\/aic-giovannetti.info\/wp-content\/uploads\/2016\/01\/APIVIA.jpg\" alt=\"\" width=\"126\" height=\"98\" \/><br \/>Particuliers : 01 41 85 90 41 <br \/>Etranger : +33 1 41 85 90 41<br \/><br \/><img loading=\"lazy\" decoding=\"async\" class=\"alignnone  wp-image-1552\" src=\"https:\/\/aic-giovannetti.info\/wp-content\/uploads\/2020\/06\/LOGO-CARGLASS-300x118.jpg\" alt=\"\" width=\"219\" height=\"86\" srcset=\"https:\/\/aic-giovannetti.info\/wp-content\/uploads\/2020\/06\/LOGO-CARGLASS-300x118.jpg 300w, https:\/\/aic-giovannetti.info\/wp-content\/uploads\/2020\/06\/LOGO-CARGLASS-1600x632.jpg 1600w, https:\/\/aic-giovannetti.info\/wp-content\/uploads\/2020\/06\/LOGO-CARGLASS-768x303.jpg 768w, https:\/\/aic-giovannetti.info\/wp-content\/uploads\/2020\/06\/LOGO-CARGLASS-1536x607.jpg 1536w, https:\/\/aic-giovannetti.info\/wp-content\/uploads\/2020\/06\/LOGO-CARGLASS-2048x809.jpg 2048w\" sizes=\"auto, (max-width: 219px) 100vw, 219px\" \/><br \/>Particuliers : 09 77 42 24 24<br \/>Professionnels : 0 800 800 365<br \/><br \/><img loading=\"lazy\" decoding=\"async\" class=\"alignnone  wp-image-725\" src=\"https:\/\/aic-giovannetti.info\/wp-content\/uploads\/2016\/01\/covea_fleet_logo1-300x200.jpg\" alt=\"\" width=\"131\" height=\"87\" srcset=\"https:\/\/aic-giovannetti.info\/wp-content\/uploads\/2016\/01\/covea_fleet_logo1-300x200.jpg 300w, https:\/\/aic-giovannetti.info\/wp-content\/uploads\/2016\/01\/covea_fleet_logo1.jpg 450w\" sizes=\"auto, (max-width: 131px) 100vw, 131px\" \/><br \/>Particuliers : 01 47 11 67 67 &#8211; 0 825 898 897<br \/>Depuis l&rsquo;\u00e9tranger : 00 33 1 47 11 67 67<br \/><br \/><img loading=\"lazy\" decoding=\"async\" class=\"alignnone  wp-image-727\" src=\"https:\/\/aic-giovannetti.info\/wp-content\/uploads\/2016\/01\/Generali1-300x231.jpg\" alt=\"\" width=\"135\" height=\"104\" srcset=\"https:\/\/aic-giovannetti.info\/wp-content\/uploads\/2016\/01\/Generali1-300x231.jpg 300w, https:\/\/aic-giovannetti.info\/wp-content\/uploads\/2016\/01\/Generali1-768x591.jpg 768w, https:\/\/aic-giovannetti.info\/wp-content\/uploads\/2016\/01\/Generali1-1332x1024.jpg 1332w, https:\/\/aic-giovannetti.info\/wp-content\/uploads\/2016\/01\/Generali1.jpg 2000w\" sizes=\"auto, (max-width: 135px) 100vw, 135px\" \/><br \/>Particuliers : 01 41 85 88 09<br \/>Depuis l&rsquo;\u00e9tranger : +33 1 41 85 88 09<br \/><br \/><img loading=\"lazy\" decoding=\"async\" class=\"alignnone  wp-image-1553\" src=\"https:\/\/aic-giovannetti.info\/wp-content\/uploads\/2020\/06\/logo-maxance-238x80-1-300x101.png\" alt=\"\" width=\"196\" height=\"66\" srcset=\"https:\/\/aic-giovannetti.info\/wp-content\/uploads\/2020\/06\/logo-maxance-238x80-1-300x101.png 300w, https:\/\/aic-giovannetti.info\/wp-content\/uploads\/2020\/06\/logo-maxance-238x80-1-768x258.png 768w, https:\/\/aic-giovannetti.info\/wp-content\/uploads\/2020\/06\/logo-maxance-238x80-1.png 825w\" sizes=\"auto, (max-width: 196px) 100vw, 196px\" \/><br \/>Particuliers : 02 43 80 21 38<br \/><br \/><img loading=\"lazy\" decoding=\"async\" class=\"alignnone  wp-image-732\" src=\"https:\/\/aic-giovannetti.info\/wp-content\/uploads\/2016\/01\/logoSwissLife1-300x174.png\" alt=\"\" width=\"155\" height=\"90\" \/><br \/>Particuliers : 09 77 40 68 72<br \/>Etranger : +33 9 77 40 68 72<br \/><br \/><br \/><br \/><\/figure>\r\n\r\n\r\n\r\n<p>&nbsp;<\/p>\r\n","protected":false},"excerpt":{"rendered":"<p>&nbsp;<\/p>\n","protected":false},"author":5,"featured_media":0,"parent":0,"menu_order":0,"comment_status":"closed","ping_status":"closed","template":"","meta":{"footnotes":""},"class_list":["post-1536","page","type-page","status-publish","hentry"],"yoast_head":"<!-- This site is optimized with the Yoast SEO plugin v27.5 - https:\/\/yoast.com\/product\/yoast-seo-wordpress\/ -->\n<title>Assistance - Courtier g\u00e9n\u00e9raliste en assurances, sp\u00e9cialiste des boulangers et des m\u00e9tiers de bouche<\/title>\n<meta name=\"robots\" content=\"index, follow, max-snippet:-1, max-image-preview:large, max-video-preview:-1\" \/>\n<link rel=\"canonical\" href=\"https:\/\/aic-giovannetti.info\/index.php\/assistance\/\" \/>\n<meta property=\"og:locale\" content=\"fr_FR\" \/>\n<meta property=\"og:type\" content=\"article\" \/>\n<meta property=\"og:title\" content=\"Assistance - Courtier g\u00e9n\u00e9raliste en assurances, sp\u00e9cialiste des boulangers et des m\u00e9tiers de bouche\" \/>\n<meta property=\"og:description\" content=\"&nbsp;\" \/>\n<meta property=\"og:url\" content=\"https:\/\/aic-giovannetti.info\/index.php\/assistance\/\" \/>\n<meta property=\"og:site_name\" content=\"Courtier g\u00e9n\u00e9raliste en assurances, sp\u00e9cialiste des boulangers et des m\u00e9tiers de bouche\" \/>\n<meta property=\"article:publisher\" content=\"https:\/\/www.facebook.com\/aicgiovannetti\/\" \/>\n<meta property=\"article:modified_time\" content=\"2020-06-26T15:08:16+00:00\" \/>\n<meta property=\"og:image\" content=\"http:\/\/aic-giovannetti.info\/wp-content\/uploads\/2016\/01\/axa-bourret1-1028x1024.jpg\" \/>\n<meta name=\"twitter:card\" content=\"summary_large_image\" \/>\n<script type=\"application\/ld+json\" class=\"yoast-schema-graph\">{\"@context\":\"https:\\\/\\\/schema.org\",\"@graph\":[{\"@type\":\"WebPage\",\"@id\":\"https:\\\/\\\/aic-giovannetti.info\\\/index.php\\\/assistance\\\/\",\"url\":\"https:\\\/\\\/aic-giovannetti.info\\\/index.php\\\/assistance\\\/\",\"name\":\"Assistance - Courtier g\u00e9n\u00e9raliste en assurances, sp\u00e9cialiste des boulangers et des m\u00e9tiers de bouche\",\"isPartOf\":{\"@id\":\"https:\\\/\\\/aic-giovannetti.info\\\/#website\"},\"primaryImageOfPage\":{\"@id\":\"https:\\\/\\\/aic-giovannetti.info\\\/index.php\\\/assistance\\\/#primaryimage\"},\"image\":{\"@id\":\"https:\\\/\\\/aic-giovannetti.info\\\/index.php\\\/assistance\\\/#primaryimage\"},\"thumbnailUrl\":\"http:\\\/\\\/aic-giovannetti.info\\\/wp-content\\\/uploads\\\/2016\\\/01\\\/axa-bourret1-1028x1024.jpg\",\"datePublished\":\"2020-06-26T14:20:35+00:00\",\"dateModified\":\"2020-06-26T15:08:16+00:00\",\"breadcrumb\":{\"@id\":\"https:\\\/\\\/aic-giovannetti.info\\\/index.php\\\/assistance\\\/#breadcrumb\"},\"inLanguage\":\"fr-FR\",\"potentialAction\":[{\"@type\":\"ReadAction\",\"target\":[\"https:\\\/\\\/aic-giovannetti.info\\\/index.php\\\/assistance\\\/\"]}]},{\"@type\":\"ImageObject\",\"inLanguage\":\"fr-FR\",\"@id\":\"https:\\\/\\\/aic-giovannetti.info\\\/index.php\\\/assistance\\\/#primaryimage\",\"url\":\"http:\\\/\\\/aic-giovannetti.info\\\/wp-content\\\/uploads\\\/2016\\\/01\\\/axa-bourret1-1028x1024.jpg\",\"contentUrl\":\"http:\\\/\\\/aic-giovannetti.info\\\/wp-content\\\/uploads\\\/2016\\\/01\\\/axa-bourret1-1028x1024.jpg\"},{\"@type\":\"BreadcrumbList\",\"@id\":\"https:\\\/\\\/aic-giovannetti.info\\\/index.php\\\/assistance\\\/#breadcrumb\",\"itemListElement\":[{\"@type\":\"ListItem\",\"position\":1,\"name\":\"Accueil\",\"item\":\"https:\\\/\\\/aic-giovannetti.info\\\/\"},{\"@type\":\"ListItem\",\"position\":2,\"name\":\"Assistance\"}]},{\"@type\":\"WebSite\",\"@id\":\"https:\\\/\\\/aic-giovannetti.info\\\/#website\",\"url\":\"https:\\\/\\\/aic-giovannetti.info\\\/\",\"name\":\"AIC-Giovannetti\",\"description\":\"Particuliers, entreprises, artisans, commer\u00e7ants et professions lib\u00e9rales\",\"publisher\":{\"@id\":\"https:\\\/\\\/aic-giovannetti.info\\\/#organization\"},\"potentialAction\":[{\"@type\":\"SearchAction\",\"target\":{\"@type\":\"EntryPoint\",\"urlTemplate\":\"https:\\\/\\\/aic-giovannetti.info\\\/?s={search_term_string}\"},\"query-input\":{\"@type\":\"PropertyValueSpecification\",\"valueRequired\":true,\"valueName\":\"search_term_string\"}}],\"inLanguage\":\"fr-FR\"},{\"@type\":\"Organization\",\"@id\":\"https:\\\/\\\/aic-giovannetti.info\\\/#organization\",\"name\":\"AIC-Giovannetti Courtier g\u00e9n\u00e9raliste en assurances, sp\u00e9cialiste des boulangers et des m\u00e9tiers de bouche\",\"url\":\"https:\\\/\\\/aic-giovannetti.info\\\/\",\"logo\":{\"@type\":\"ImageObject\",\"inLanguage\":\"fr-FR\",\"@id\":\"https:\\\/\\\/aic-giovannetti.info\\\/#\\\/schema\\\/logo\\\/image\\\/\",\"url\":\"http:\\\/\\\/aic-giovannetti.info\\\/wp-content\\\/uploads\\\/2023\\\/02\\\/aic.jpg\",\"contentUrl\":\"http:\\\/\\\/aic-giovannetti.info\\\/wp-content\\\/uploads\\\/2023\\\/02\\\/aic.jpg\",\"width\":180,\"height\":180,\"caption\":\"AIC-Giovannetti Courtier g\u00e9n\u00e9raliste en assurances, sp\u00e9cialiste des boulangers et des m\u00e9tiers de bouche\"},\"image\":{\"@id\":\"https:\\\/\\\/aic-giovannetti.info\\\/#\\\/schema\\\/logo\\\/image\\\/\"},\"sameAs\":[\"https:\\\/\\\/www.facebook.com\\\/aicgiovannetti\\\/\"]}]}<\/script>\n<!-- \/ Yoast SEO plugin. -->","yoast_head_json":{"title":"Assistance - Courtier g\u00e9n\u00e9raliste en assurances, sp\u00e9cialiste des boulangers et des m\u00e9tiers de bouche","robots":{"index":"index","follow":"follow","max-snippet":"max-snippet:-1","max-image-preview":"max-image-preview:large","max-video-preview":"max-video-preview:-1"},"canonical":"https:\/\/aic-giovannetti.info\/index.php\/assistance\/","og_locale":"fr_FR","og_type":"article","og_title":"Assistance - Courtier g\u00e9n\u00e9raliste en assurances, sp\u00e9cialiste des boulangers et des m\u00e9tiers de bouche","og_description":"&nbsp;","og_url":"https:\/\/aic-giovannetti.info\/index.php\/assistance\/","og_site_name":"Courtier g\u00e9n\u00e9raliste en assurances, sp\u00e9cialiste des boulangers et des m\u00e9tiers de bouche","article_publisher":"https:\/\/www.facebook.com\/aicgiovannetti\/","article_modified_time":"2020-06-26T15:08:16+00:00","og_image":[{"url":"http:\/\/aic-giovannetti.info\/wp-content\/uploads\/2016\/01\/axa-bourret1-1028x1024.jpg","type":"","width":"","height":""}],"twitter_card":"summary_large_image","schema":{"@context":"https:\/\/schema.org","@graph":[{"@type":"WebPage","@id":"https:\/\/aic-giovannetti.info\/index.php\/assistance\/","url":"https:\/\/aic-giovannetti.info\/index.php\/assistance\/","name":"Assistance - Courtier g\u00e9n\u00e9raliste en assurances, sp\u00e9cialiste des boulangers et des m\u00e9tiers de bouche","isPartOf":{"@id":"https:\/\/aic-giovannetti.info\/#website"},"primaryImageOfPage":{"@id":"https:\/\/aic-giovannetti.info\/index.php\/assistance\/#primaryimage"},"image":{"@id":"https:\/\/aic-giovannetti.info\/index.php\/assistance\/#primaryimage"},"thumbnailUrl":"http:\/\/aic-giovannetti.info\/wp-content\/uploads\/2016\/01\/axa-bourret1-1028x1024.jpg","datePublished":"2020-06-26T14:20:35+00:00","dateModified":"2020-06-26T15:08:16+00:00","breadcrumb":{"@id":"https:\/\/aic-giovannetti.info\/index.php\/assistance\/#breadcrumb"},"inLanguage":"fr-FR","potentialAction":[{"@type":"ReadAction","target":["https:\/\/aic-giovannetti.info\/index.php\/assistance\/"]}]},{"@type":"ImageObject","inLanguage":"fr-FR","@id":"https:\/\/aic-giovannetti.info\/index.php\/assistance\/#primaryimage","url":"http:\/\/aic-giovannetti.info\/wp-content\/uploads\/2016\/01\/axa-bourret1-1028x1024.jpg","contentUrl":"http:\/\/aic-giovannetti.info\/wp-content\/uploads\/2016\/01\/axa-bourret1-1028x1024.jpg"},{"@type":"BreadcrumbList","@id":"https:\/\/aic-giovannetti.info\/index.php\/assistance\/#breadcrumb","itemListElement":[{"@type":"ListItem","position":1,"name":"Accueil","item":"https:\/\/aic-giovannetti.info\/"},{"@type":"ListItem","position":2,"name":"Assistance"}]},{"@type":"WebSite","@id":"https:\/\/aic-giovannetti.info\/#website","url":"https:\/\/aic-giovannetti.info\/","name":"AIC-Giovannetti","description":"Particuliers, entreprises, artisans, commer\u00e7ants et professions lib\u00e9rales","publisher":{"@id":"https:\/\/aic-giovannetti.info\/#organization"},"potentialAction":[{"@type":"SearchAction","target":{"@type":"EntryPoint","urlTemplate":"https:\/\/aic-giovannetti.info\/?s={search_term_string}"},"query-input":{"@type":"PropertyValueSpecification","valueRequired":true,"valueName":"search_term_string"}}],"inLanguage":"fr-FR"},{"@type":"Organization","@id":"https:\/\/aic-giovannetti.info\/#organization","name":"AIC-Giovannetti Courtier g\u00e9n\u00e9raliste en assurances, sp\u00e9cialiste des boulangers et des m\u00e9tiers de bouche","url":"https:\/\/aic-giovannetti.info\/","logo":{"@type":"ImageObject","inLanguage":"fr-FR","@id":"https:\/\/aic-giovannetti.info\/#\/schema\/logo\/image\/","url":"http:\/\/aic-giovannetti.info\/wp-content\/uploads\/2023\/02\/aic.jpg","contentUrl":"http:\/\/aic-giovannetti.info\/wp-content\/uploads\/2023\/02\/aic.jpg","width":180,"height":180,"caption":"AIC-Giovannetti Courtier g\u00e9n\u00e9raliste en assurances, sp\u00e9cialiste des boulangers et des m\u00e9tiers de bouche"},"image":{"@id":"https:\/\/aic-giovannetti.info\/#\/schema\/logo\/image\/"},"sameAs":["https:\/\/www.facebook.com\/aicgiovannetti\/"]}]}},"_links":{"self":[{"href":"https:\/\/aic-giovannetti.info\/index.php\/wp-json\/wp\/v2\/pages\/1536","targetHints":{"allow":["GET"]}}],"collection":[{"href":"https:\/\/aic-giovannetti.info\/index.php\/wp-json\/wp\/v2\/pages"}],"about":[{"href":"https:\/\/aic-giovannetti.info\/index.php\/wp-json\/wp\/v2\/types\/page"}],"author":[{"embeddable":true,"href":"https:\/\/aic-giovannetti.info\/index.php\/wp-json\/wp\/v2\/users\/5"}],"replies":[{"embeddable":true,"href":"https:\/\/aic-giovannetti.info\/index.php\/wp-json\/wp\/v2\/comments?post=1536"}],"version-history":[{"count":12,"href":"https:\/\/aic-giovannetti.info\/index.php\/wp-json\/wp\/v2\/pages\/1536\/revisions"}],"predecessor-version":[{"id":1562,"href":"https:\/\/aic-giovannetti.info\/index.php\/wp-json\/wp\/v2\/pages\/1536\/revisions\/1562"}],"wp:attachment":[{"href":"https:\/\/aic-giovannetti.info\/index.php\/wp-json\/wp\/v2\/media?parent=1536"}],"curies":[{"name":"wp","href":"https:\/\/api.w.org\/{rel}","templated":true}]}}