{"id":15,"date":"2015-11-11T20:38:20","date_gmt":"2015-11-11T19:38:20","guid":{"rendered":"http:\/\/aic-giovannetti.info\/?page_id=15"},"modified":"2016-04-18T16:19:50","modified_gmt":"2016-04-18T14:19:50","slug":"assureur-des-metiers-de-bouche","status":"publish","type":"page","link":"https:\/\/aic-giovannetti.info\/index.php\/assureur-des-metiers-de-bouche\/","title":{"rendered":"Assureur des m\u00e9tiers de bouche"},"content":{"rendered":"<div class=\"wpb-content-wrapper\"><p>[vc_row][vc_column width=\u00a0\u00bb2\/3&Prime;][vc_custom_heading text=\u00a0\u00bbNotre expertise des m\u00e9tiers de bouche\u00a0\u00bb google_fonts=\u00a0\u00bbfont_family:Montserrat%3Aregular%2C700|font_style:400%20regular%3A400%3Anormal\u00a0\u00bb][vc_column_text]Pourquoi choisir <strong>aic giovannetti<\/strong> pour assurer votre<strong> commerce<\/strong> et votre activit\u00e9 de <strong>m\u00e9tier de bouche<\/strong> ?<\/p>\n<p>Nous vous proposons un contrat Multi Risques Professionnel exclusivement conc\u0327u pour vous et de\u0301die\u0301 a\u0300 votre activite\u0301.<\/p>\n<p>Notre e\u0301quipe conseille et propose aux <strong>professionnels des me\u0301tiers de bouche<\/strong> des solutions d\u02bcassurance personnalise\u0301es depuis plus de 60 ans.<\/p>\n<p><strong>aic giovannet<\/strong>ti vous fait be\u0301ne\u0301ficier \u00e9galement d\u02bcune gamme de services et de garanties comple\u0301mentaires pour faire votre me\u0301tier en toute se\u0301curite\u0301 :<\/p>\n<ol>\n<li>assurance emprunteur n\u00e9goci\u00e9e pour les adh\u00e9rents du\u00a0Syndicat patronal des boulangers-p\u00e2tissiers du Grand Paris<\/li>\n<li>assurance Auto avec garantie d\u02bcun ve\u0301hicule de remplacement, perte de marchandises et assistance SANS franchise<\/li>\n<li>mutuelle comple\u0301mentaire, individuelle ou Groupe<\/li>\n<li>garantie De\u0301pendance et Accident de la Vie<\/li>\n<li>assurance Habitation principale et secondaire<\/li>\n<li>assuranve-Vie et Capitalisation retraite.<\/li>\n<\/ol>\n<p>Notre cabinet d\u02bcassurance est le premier <strong>agre\u0301e\u0301 par le Syndicat Patronal des Boulangers du Grand Paris<\/strong>.<\/p>\n<p>Plus de 500 artisans boulangers-pa\u0302tissiers et bouchers-charcutiers nous accordent leur confiance.[\/vc_column_text][\/vc_column][vc_column width=\u00a0\u00bb1\/3&Prime;][vc_row_inner][vc_column_inner][vc_single_image image=\u00a0\u00bb387&Prime; img_size=\u00a0\u00bb350&#215;220&Prime; style=\u00a0\u00bbvc_box_rounded\u00a0\u00bb][\/vc_column_inner][\/vc_row_inner][vc_separator][vc_column_text]<\/p>\n<h2>Voir notre offre<\/h2>\n<ul>\n<li>Pour <a href=\"https:\/\/aic-giovannetti.info\/index.php\/notre-offre-pour-les-artisans-boulangers\/\">les boulangers-p\u00e2tissiers<\/a><\/li>\n<li>Pour <a href=\"https:\/\/aic-giovannetti.info\/index.php\/offre-bouchers-charcutiers\/\">les bouchers-charcutiers<\/a><\/li>\n<li>Pour<a href=\"https:\/\/aic-giovannetti.info\/index.php\/notre-offre-pour-les-traiteurs\/\"> les traiteurs<\/a><\/li>\n<\/ul>\n<p>[\/vc_column_text][\/vc_column][\/vc_row]<\/p>\n<\/div>","protected":false},"excerpt":{"rendered":"<p>[vc_row][vc_column width=\u00a0\u00bb2\/3&Prime;][vc_custom_heading text=\u00a0\u00bbNotre expertise des m\u00e9tiers de bouche\u00a0\u00bb google_fonts=\u00a0\u00bbfont_family:Montserrat%3Aregular%2C700|font_style:400%20regular%3A400%3Anormal\u00a0\u00bb][vc_column_text]Pourquoi choisir aic giovannetti pour assurer votre commerce et votre activit\u00e9 de m\u00e9tier de bouche ? Nous vous proposons un contrat Multi Risques Professionnel exclusivement conc\u0327u pour vous et de\u0301die\u0301 a\u0300 votre activite\u0301. Notre e\u0301quipe conseille et propose aux professionnels des me\u0301tiers de bouche des solutions d\u02bcassurance [&hellip;]<\/p>\n","protected":false},"author":1,"featured_media":0,"parent":0,"menu_order":0,"comment_status":"closed","ping_status":"closed","template":"","meta":{"footnotes":""},"class_list":["post-15","page","type-page","status-publish","hentry"],"yoast_head":"<!-- This site is optimized with the Yoast SEO plugin v27.4 - https:\/\/yoast.com\/product\/yoast-seo-wordpress\/ -->\n<title>Assureur des m\u00e9tiers de bouche - Courtier g\u00e9n\u00e9raliste en assurances, sp\u00e9cialiste des boulangers et des m\u00e9tiers de bouche<\/title>\n<meta name=\"description\" content=\"aic giovannetti assure votre\u00a0commerce\u00a0et votre activit\u00e9 de\u00a0m\u00e9tier de bouche\u00a0?\" \/>\n<meta name=\"robots\" content=\"index, follow, max-snippet:-1, max-image-preview:large, max-video-preview:-1\" \/>\n<link rel=\"canonical\" href=\"https:\/\/aic-giovannetti.info\/index.php\/assureur-des-metiers-de-bouche\/\" \/>\n<meta property=\"og:locale\" content=\"fr_FR\" \/>\n<meta property=\"og:type\" content=\"article\" \/>\n<meta property=\"og:title\" content=\"Assureur des m\u00e9tiers de bouche - Courtier g\u00e9n\u00e9raliste en assurances, sp\u00e9cialiste des boulangers et des m\u00e9tiers de bouche\" \/>\n<meta property=\"og:description\" content=\"aic giovannetti assure votre\u00a0commerce\u00a0et votre activit\u00e9 de\u00a0m\u00e9tier de bouche\u00a0?\" \/>\n<meta property=\"og:url\" content=\"https:\/\/aic-giovannetti.info\/index.php\/assureur-des-metiers-de-bouche\/\" \/>\n<meta property=\"og:site_name\" content=\"Courtier g\u00e9n\u00e9raliste en assurances, sp\u00e9cialiste des boulangers et des m\u00e9tiers de bouche\" \/>\n<meta property=\"article:publisher\" content=\"https:\/\/www.facebook.com\/aicgiovannetti\/\" \/>\n<meta property=\"article:modified_time\" content=\"2016-04-18T14:19:50+00:00\" \/>\n<meta name=\"twitter:card\" content=\"summary_large_image\" \/>\n<meta name=\"twitter:label1\" content=\"Dur\u00e9e de lecture estim\u00e9e\" \/>\n\t<meta name=\"twitter:data1\" content=\"1 minute\" \/>\n<script type=\"application\/ld+json\" class=\"yoast-schema-graph\">{\"@context\":\"https:\\\/\\\/schema.org\",\"@graph\":[{\"@type\":\"WebPage\",\"@id\":\"https:\\\/\\\/aic-giovannetti.info\\\/index.php\\\/assureur-des-metiers-de-bouche\\\/\",\"url\":\"https:\\\/\\\/aic-giovannetti.info\\\/index.php\\\/assureur-des-metiers-de-bouche\\\/\",\"name\":\"Assureur des m\u00e9tiers de bouche - Courtier g\u00e9n\u00e9raliste en assurances, sp\u00e9cialiste des boulangers et des m\u00e9tiers de bouche\",\"isPartOf\":{\"@id\":\"https:\\\/\\\/aic-giovannetti.info\\\/#website\"},\"datePublished\":\"2015-11-11T19:38:20+00:00\",\"dateModified\":\"2016-04-18T14:19:50+00:00\",\"description\":\"aic giovannetti assure votre\u00a0commerce\u00a0et votre activit\u00e9 de\u00a0m\u00e9tier de bouche\u00a0?\",\"breadcrumb\":{\"@id\":\"https:\\\/\\\/aic-giovannetti.info\\\/index.php\\\/assureur-des-metiers-de-bouche\\\/#breadcrumb\"},\"inLanguage\":\"fr-FR\",\"potentialAction\":[{\"@type\":\"ReadAction\",\"target\":[\"https:\\\/\\\/aic-giovannetti.info\\\/index.php\\\/assureur-des-metiers-de-bouche\\\/\"]}]},{\"@type\":\"BreadcrumbList\",\"@id\":\"https:\\\/\\\/aic-giovannetti.info\\\/index.php\\\/assureur-des-metiers-de-bouche\\\/#breadcrumb\",\"itemListElement\":[{\"@type\":\"ListItem\",\"position\":1,\"name\":\"Accueil\",\"item\":\"https:\\\/\\\/aic-giovannetti.info\\\/\"},{\"@type\":\"ListItem\",\"position\":2,\"name\":\"Assureur des m\u00e9tiers de bouche\"}]},{\"@type\":\"WebSite\",\"@id\":\"https:\\\/\\\/aic-giovannetti.info\\\/#website\",\"url\":\"https:\\\/\\\/aic-giovannetti.info\\\/\",\"name\":\"AIC-Giovannetti\",\"description\":\"Particuliers, entreprises, artisans, commer\u00e7ants et professions lib\u00e9rales\",\"publisher\":{\"@id\":\"https:\\\/\\\/aic-giovannetti.info\\\/#organization\"},\"potentialAction\":[{\"@type\":\"SearchAction\",\"target\":{\"@type\":\"EntryPoint\",\"urlTemplate\":\"https:\\\/\\\/aic-giovannetti.info\\\/?s={search_term_string}\"},\"query-input\":{\"@type\":\"PropertyValueSpecification\",\"valueRequired\":true,\"valueName\":\"search_term_string\"}}],\"inLanguage\":\"fr-FR\"},{\"@type\":\"Organization\",\"@id\":\"https:\\\/\\\/aic-giovannetti.info\\\/#organization\",\"name\":\"AIC-Giovannetti Courtier g\u00e9n\u00e9raliste en assurances, sp\u00e9cialiste des boulangers et des m\u00e9tiers de bouche\",\"url\":\"https:\\\/\\\/aic-giovannetti.info\\\/\",\"logo\":{\"@type\":\"ImageObject\",\"inLanguage\":\"fr-FR\",\"@id\":\"https:\\\/\\\/aic-giovannetti.info\\\/#\\\/schema\\\/logo\\\/image\\\/\",\"url\":\"http:\\\/\\\/aic-giovannetti.info\\\/wp-content\\\/uploads\\\/2023\\\/02\\\/aic.jpg\",\"contentUrl\":\"http:\\\/\\\/aic-giovannetti.info\\\/wp-content\\\/uploads\\\/2023\\\/02\\\/aic.jpg\",\"width\":180,\"height\":180,\"caption\":\"AIC-Giovannetti Courtier g\u00e9n\u00e9raliste en assurances, sp\u00e9cialiste des boulangers et des m\u00e9tiers de bouche\"},\"image\":{\"@id\":\"https:\\\/\\\/aic-giovannetti.info\\\/#\\\/schema\\\/logo\\\/image\\\/\"},\"sameAs\":[\"https:\\\/\\\/www.facebook.com\\\/aicgiovannetti\\\/\"]}]}<\/script>\n<!-- \/ Yoast SEO plugin. -->","yoast_head_json":{"title":"Assureur des m\u00e9tiers de bouche - Courtier g\u00e9n\u00e9raliste en assurances, sp\u00e9cialiste des boulangers et des m\u00e9tiers de bouche","description":"aic giovannetti assure votre\u00a0commerce\u00a0et votre activit\u00e9 de\u00a0m\u00e9tier de bouche\u00a0?","robots":{"index":"index","follow":"follow","max-snippet":"max-snippet:-1","max-image-preview":"max-image-preview:large","max-video-preview":"max-video-preview:-1"},"canonical":"https:\/\/aic-giovannetti.info\/index.php\/assureur-des-metiers-de-bouche\/","og_locale":"fr_FR","og_type":"article","og_title":"Assureur des m\u00e9tiers de bouche - Courtier g\u00e9n\u00e9raliste en assurances, sp\u00e9cialiste des boulangers et des m\u00e9tiers de bouche","og_description":"aic giovannetti assure votre\u00a0commerce\u00a0et votre activit\u00e9 de\u00a0m\u00e9tier de bouche\u00a0?","og_url":"https:\/\/aic-giovannetti.info\/index.php\/assureur-des-metiers-de-bouche\/","og_site_name":"Courtier g\u00e9n\u00e9raliste en assurances, sp\u00e9cialiste des boulangers et des m\u00e9tiers de bouche","article_publisher":"https:\/\/www.facebook.com\/aicgiovannetti\/","article_modified_time":"2016-04-18T14:19:50+00:00","twitter_card":"summary_large_image","twitter_misc":{"Dur\u00e9e de lecture estim\u00e9e":"1 minute"},"schema":{"@context":"https:\/\/schema.org","@graph":[{"@type":"WebPage","@id":"https:\/\/aic-giovannetti.info\/index.php\/assureur-des-metiers-de-bouche\/","url":"https:\/\/aic-giovannetti.info\/index.php\/assureur-des-metiers-de-bouche\/","name":"Assureur des m\u00e9tiers de bouche - Courtier g\u00e9n\u00e9raliste en assurances, sp\u00e9cialiste des boulangers et des m\u00e9tiers de bouche","isPartOf":{"@id":"https:\/\/aic-giovannetti.info\/#website"},"datePublished":"2015-11-11T19:38:20+00:00","dateModified":"2016-04-18T14:19:50+00:00","description":"aic giovannetti assure votre\u00a0commerce\u00a0et votre activit\u00e9 de\u00a0m\u00e9tier de bouche\u00a0?","breadcrumb":{"@id":"https:\/\/aic-giovannetti.info\/index.php\/assureur-des-metiers-de-bouche\/#breadcrumb"},"inLanguage":"fr-FR","potentialAction":[{"@type":"ReadAction","target":["https:\/\/aic-giovannetti.info\/index.php\/assureur-des-metiers-de-bouche\/"]}]},{"@type":"BreadcrumbList","@id":"https:\/\/aic-giovannetti.info\/index.php\/assureur-des-metiers-de-bouche\/#breadcrumb","itemListElement":[{"@type":"ListItem","position":1,"name":"Accueil","item":"https:\/\/aic-giovannetti.info\/"},{"@type":"ListItem","position":2,"name":"Assureur des m\u00e9tiers de bouche"}]},{"@type":"WebSite","@id":"https:\/\/aic-giovannetti.info\/#website","url":"https:\/\/aic-giovannetti.info\/","name":"AIC-Giovannetti","description":"Particuliers, entreprises, artisans, commer\u00e7ants et professions lib\u00e9rales","publisher":{"@id":"https:\/\/aic-giovannetti.info\/#organization"},"potentialAction":[{"@type":"SearchAction","target":{"@type":"EntryPoint","urlTemplate":"https:\/\/aic-giovannetti.info\/?s={search_term_string}"},"query-input":{"@type":"PropertyValueSpecification","valueRequired":true,"valueName":"search_term_string"}}],"inLanguage":"fr-FR"},{"@type":"Organization","@id":"https:\/\/aic-giovannetti.info\/#organization","name":"AIC-Giovannetti Courtier g\u00e9n\u00e9raliste en assurances, sp\u00e9cialiste des boulangers et des m\u00e9tiers de bouche","url":"https:\/\/aic-giovannetti.info\/","logo":{"@type":"ImageObject","inLanguage":"fr-FR","@id":"https:\/\/aic-giovannetti.info\/#\/schema\/logo\/image\/","url":"http:\/\/aic-giovannetti.info\/wp-content\/uploads\/2023\/02\/aic.jpg","contentUrl":"http:\/\/aic-giovannetti.info\/wp-content\/uploads\/2023\/02\/aic.jpg","width":180,"height":180,"caption":"AIC-Giovannetti Courtier g\u00e9n\u00e9raliste en assurances, sp\u00e9cialiste des boulangers et des m\u00e9tiers de bouche"},"image":{"@id":"https:\/\/aic-giovannetti.info\/#\/schema\/logo\/image\/"},"sameAs":["https:\/\/www.facebook.com\/aicgiovannetti\/"]}]}},"_links":{"self":[{"href":"https:\/\/aic-giovannetti.info\/index.php\/wp-json\/wp\/v2\/pages\/15","targetHints":{"allow":["GET"]}}],"collection":[{"href":"https:\/\/aic-giovannetti.info\/index.php\/wp-json\/wp\/v2\/pages"}],"about":[{"href":"https:\/\/aic-giovannetti.info\/index.php\/wp-json\/wp\/v2\/types\/page"}],"author":[{"embeddable":true,"href":"https:\/\/aic-giovannetti.info\/index.php\/wp-json\/wp\/v2\/users\/1"}],"replies":[{"embeddable":true,"href":"https:\/\/aic-giovannetti.info\/index.php\/wp-json\/wp\/v2\/comments?post=15"}],"version-history":[{"count":11,"href":"https:\/\/aic-giovannetti.info\/index.php\/wp-json\/wp\/v2\/pages\/15\/revisions"}],"predecessor-version":[{"id":587,"href":"https:\/\/aic-giovannetti.info\/index.php\/wp-json\/wp\/v2\/pages\/15\/revisions\/587"}],"wp:attachment":[{"href":"https:\/\/aic-giovannetti.info\/index.php\/wp-json\/wp\/v2\/media?parent=15"}],"curies":[{"name":"wp","href":"https:\/\/api.w.org\/{rel}","templated":true}]}}