{"id":12,"date":"2015-11-11T20:34:53","date_gmt":"2015-11-11T19:34:53","guid":{"rendered":"http:\/\/aic-giovannetti.info\/?page_id=12"},"modified":"2023-02-07T17:59:47","modified_gmt":"2023-02-07T16:59:47","slug":"accueil","status":"publish","type":"page","link":"https:\/\/aic-giovannetti.info\/","title":{"rendered":"Accueil"},"content":{"rendered":"<div class=\"wpb-content-wrapper\"><p>[vc_row][vc_column][rev_slider_vc alias=\u00a0\u00bbhome\u00a0\u00bb][\/vc_column][\/vc_row][vc_row full_width=\u00a0\u00bbstretch_row\u00a0\u00bb css=\u00a0\u00bb.vc_custom_1434538871508{margin-bottom: 0px !important;}\u00a0\u00bb][vc_column width=\u00a0\u00bb1\/3&Prime;][vc_custom_heading text=\u00a0\u00bbAu c\u00f4t\u00e9 des particuliers\u00a0\u00bb use_theme_fonts=\u00a0\u00bbyes\u00a0\u00bb][vc_column_text]Un contrat d\u02bcassurance Habitation pertinent adapte\u0301 a\u0300 vos besoins ou une mutuelle Sante\u0301 qui prenne en compte vos centres d\u02bcinte\u0301re\u0302ts parmi toutes les offres du marche\u0301 ?[\/vc_column_text][vc_btn title=\u00a0\u00bbLire la suite\u00a0\u00bb color=\u00a0\u00bbwarning\u00a0\u00bb size=\u00a0\u00bbsm\u00a0\u00bb align=\u00a0\u00bbright\u00a0\u00bb link=\u00a0\u00bburl:http%3A%2F%2Faic-giovannetti.info%2Findex.php%2Fassureur-des-particuliers%2F|title:Assureur%20des%20particuliers|\u00a0\u00bb][\/vc_column][vc_column width=\u00a0\u00bb1\/3&Prime;][vc_single_image image=\u00a0\u00bb614&Prime; img_size=\u00a0\u00bblarge\u00a0\u00bb css=\u00a0\u00bb.vc_custom_1460997718442{margin-right: -15px !important;margin-left: -15px !important;}\u00a0\u00bb title=\u00a0\u00bbNotre expertise des m\u00e9tiers de bouche\u00a0\u00bb][\/vc_column][vc_column width=\u00a0\u00bb1\/3&Prime;][vc_custom_heading text=\u00a0\u00bbL&rsquo;assureur des entreprises\u00a0\u00bb use_theme_fonts=\u00a0\u00bbyes\u00a0\u00bb][vc_column_text]Parce que nous ne privile\u0301gions aucune compagnie, nous pouvons vous proposer le contrat qui correspond re\u0301ellement a\u0300 votre activite\u0301. Et c\u0327a, c\u0327a change tout.[\/vc_column_text][vc_btn title=\u00a0\u00bbLire la suite\u00a0\u00bb color=\u00a0\u00bbwarning\u00a0\u00bb size=\u00a0\u00bbsm\u00a0\u00bb align=\u00a0\u00bbright\u00a0\u00bb link=\u00a0\u00bburl:http%3A%2F%2Faic-giovannetti.info%2Findex.php%2Fassureur-professionnels-entreprises%2F|title:L%26%23039%3Bassureur%20des%20entreprises|\u00a0\u00bb][\/vc_column][\/vc_row][vc_row full_width=\u00a0\u00bbstretch_row\u00a0\u00bb][vc_column width=\u00a0\u00bb1\/3&Prime;][vc_single_image image=\u00a0\u00bb134&Prime; img_size=\u00a0\u00bblarge\u00a0\u00bb css=\u00a0\u00bb.vc_custom_1448796129095{margin-right: -15px !important;margin-left: -15px !important;}\u00a0\u00bb][\/vc_column][vc_column width=\u00a0\u00bb1\/3&Prime;][vc_empty_space height=\u00a0\u00bb16px\u00a0\u00bb][vc_column_text]Un contrat Tous Risques spe\u0301cialement conc\u0327u pour les\u00a0besoins des me\u0301tiers de bouche incluant des garanties exclusives et une expertise de\u0301die\u0301e.[\/vc_column_text][vc_btn title=\u00a0\u00bbLire la suite\u00a0\u00bb color=\u00a0\u00bbwarning\u00a0\u00bb size=\u00a0\u00bbsm\u00a0\u00bb align=\u00a0\u00bbright\u00a0\u00bb link=\u00a0\u00bburl:http%3A%2F%2Faic-giovannetti.info%2Findex.php%2Fassureur-des-metiers-de-bouche%2F|title:Assureur%20sp%C3%A9cialiste%20des%20m%C3%A9tiers%20de%20bouche|\u00a0\u00bb][\/vc_column][vc_column width=\u00a0\u00bb1\/3&Prime;][vc_single_image image=\u00a0\u00bb616&Prime; img_size=\u00a0\u00bblarge\u00a0\u00bb css=\u00a0\u00bb.vc_custom_1460997828505{margin-right: -15px !important;margin-left: -15px !important;}\u00a0\u00bb][\/vc_column][\/vc_row]<\/p>\n<\/div>","protected":false},"excerpt":{"rendered":"<p>[vc_row][vc_column][rev_slider_vc alias=\u00a0\u00bbhome\u00a0\u00bb][\/vc_column][\/vc_row][vc_row full_width=\u00a0\u00bbstretch_row\u00a0\u00bb css=\u00a0\u00bb.vc_custom_1434538871508{margin-bottom: 0px !important;}\u00a0\u00bb][vc_column width=\u00a0\u00bb1\/3&Prime;][vc_custom_heading text=\u00a0\u00bbAu c\u00f4t\u00e9 des particuliers\u00a0\u00bb use_theme_fonts=\u00a0\u00bbyes\u00a0\u00bb][vc_column_text]Un contrat d\u02bcassurance Habitation pertinent adapte\u0301 a\u0300 vos besoins ou une mutuelle Sante\u0301 qui prenne en compte vos centres d\u02bcinte\u0301re\u0302ts parmi toutes les offres du marche\u0301 ?[\/vc_column_text][vc_btn title=\u00a0\u00bbLire la suite\u00a0\u00bb color=\u00a0\u00bbwarning\u00a0\u00bb size=\u00a0\u00bbsm\u00a0\u00bb align=\u00a0\u00bbright\u00a0\u00bb link=\u00a0\u00bburl:http%3A%2F%2Faic-giovannetti.info%2Findex.php%2Fassureur-des-particuliers%2F|title:Assureur%20des%20particuliers|\u00a0\u00bb][\/vc_column][vc_column width=\u00a0\u00bb1\/3&Prime;][vc_single_image image=\u00a0\u00bb614&Prime; img_size=\u00a0\u00bblarge\u00a0\u00bb css=\u00a0\u00bb.vc_custom_1460997718442{margin-right: -15px !important;margin-left: -15px !important;}\u00a0\u00bb title=\u00a0\u00bbNotre expertise [&hellip;]<\/p>\n","protected":false},"author":1,"featured_media":0,"parent":0,"menu_order":0,"comment_status":"closed","ping_status":"closed","template":"","meta":{"footnotes":""},"class_list":["post-12","page","type-page","status-publish","hentry"],"yoast_head":"<!-- This site is optimized with the Yoast SEO plugin v27.5 - https:\/\/yoast.com\/product\/yoast-seo-wordpress\/ -->\n<title>Accueil - Courtier g\u00e9n\u00e9raliste en assurances, sp\u00e9cialiste des boulangers et des m\u00e9tiers de bouche<\/title>\n<meta name=\"description\" content=\"AIC Giovannetti est architecte de solutions d\u02bcassurance depuis plus de 60 ans notamment sp\u00e9cialis\u00e9 dans les m\u00e9tiers de bouche.\" \/>\n<meta name=\"robots\" content=\"index, follow, max-snippet:-1, max-image-preview:large, max-video-preview:-1\" \/>\n<link rel=\"canonical\" href=\"https:\/\/aic-giovannetti.info\/\" \/>\n<meta property=\"og:locale\" content=\"fr_FR\" \/>\n<meta property=\"og:type\" content=\"article\" \/>\n<meta property=\"og:title\" content=\"Accueil - Courtier g\u00e9n\u00e9raliste en assurances, sp\u00e9cialiste des boulangers et des m\u00e9tiers de bouche\" \/>\n<meta property=\"og:description\" content=\"AIC Giovannetti est architecte de solutions d\u02bcassurance depuis plus de 60 ans notamment sp\u00e9cialis\u00e9 dans les m\u00e9tiers de bouche.\" \/>\n<meta property=\"og:url\" content=\"https:\/\/aic-giovannetti.info\/\" \/>\n<meta property=\"og:site_name\" content=\"Courtier g\u00e9n\u00e9raliste en assurances, sp\u00e9cialiste des boulangers et des m\u00e9tiers de bouche\" \/>\n<meta property=\"article:publisher\" content=\"https:\/\/www.facebook.com\/aicgiovannetti\/\" \/>\n<meta property=\"article:modified_time\" content=\"2023-02-07T16:59:47+00:00\" \/>\n<meta name=\"twitter:card\" content=\"summary_large_image\" \/>\n<meta name=\"twitter:label1\" content=\"Dur\u00e9e de lecture estim\u00e9e\" \/>\n\t<meta name=\"twitter:data1\" content=\"2 minutes\" \/>\n<script type=\"application\/ld+json\" class=\"yoast-schema-graph\">{\"@context\":\"https:\\\/\\\/schema.org\",\"@graph\":[{\"@type\":\"WebPage\",\"@id\":\"https:\\\/\\\/aic-giovannetti.info\\\/\",\"url\":\"https:\\\/\\\/aic-giovannetti.info\\\/\",\"name\":\"Accueil - Courtier g\u00e9n\u00e9raliste en assurances, sp\u00e9cialiste des boulangers et des m\u00e9tiers de bouche\",\"isPartOf\":{\"@id\":\"https:\\\/\\\/aic-giovannetti.info\\\/#website\"},\"datePublished\":\"2015-11-11T19:34:53+00:00\",\"dateModified\":\"2023-02-07T16:59:47+00:00\",\"description\":\"AIC Giovannetti est architecte de solutions d\u02bcassurance depuis plus de 60 ans notamment sp\u00e9cialis\u00e9 dans les m\u00e9tiers de bouche.\",\"breadcrumb\":{\"@id\":\"https:\\\/\\\/aic-giovannetti.info\\\/#breadcrumb\"},\"inLanguage\":\"fr-FR\",\"potentialAction\":[{\"@type\":\"ReadAction\",\"target\":[\"https:\\\/\\\/aic-giovannetti.info\\\/\"]}]},{\"@type\":\"BreadcrumbList\",\"@id\":\"https:\\\/\\\/aic-giovannetti.info\\\/#breadcrumb\",\"itemListElement\":[{\"@type\":\"ListItem\",\"position\":1,\"name\":\"Accueil\",\"item\":\"https:\\\/\\\/aic-giovannetti.info\\\/\"},{\"@type\":\"ListItem\",\"position\":2,\"name\":\"Accueil\"}]},{\"@type\":\"WebSite\",\"@id\":\"https:\\\/\\\/aic-giovannetti.info\\\/#website\",\"url\":\"https:\\\/\\\/aic-giovannetti.info\\\/\",\"name\":\"AIC-Giovannetti\",\"description\":\"Particuliers, entreprises, artisans, commer\u00e7ants et professions lib\u00e9rales\",\"publisher\":{\"@id\":\"https:\\\/\\\/aic-giovannetti.info\\\/#organization\"},\"potentialAction\":[{\"@type\":\"SearchAction\",\"target\":{\"@type\":\"EntryPoint\",\"urlTemplate\":\"https:\\\/\\\/aic-giovannetti.info\\\/?s={search_term_string}\"},\"query-input\":{\"@type\":\"PropertyValueSpecification\",\"valueRequired\":true,\"valueName\":\"search_term_string\"}}],\"inLanguage\":\"fr-FR\"},{\"@type\":\"Organization\",\"@id\":\"https:\\\/\\\/aic-giovannetti.info\\\/#organization\",\"name\":\"AIC-Giovannetti Courtier g\u00e9n\u00e9raliste en assurances, sp\u00e9cialiste des boulangers et des m\u00e9tiers de bouche\",\"url\":\"https:\\\/\\\/aic-giovannetti.info\\\/\",\"logo\":{\"@type\":\"ImageObject\",\"inLanguage\":\"fr-FR\",\"@id\":\"https:\\\/\\\/aic-giovannetti.info\\\/#\\\/schema\\\/logo\\\/image\\\/\",\"url\":\"http:\\\/\\\/aic-giovannetti.info\\\/wp-content\\\/uploads\\\/2023\\\/02\\\/aic.jpg\",\"contentUrl\":\"http:\\\/\\\/aic-giovannetti.info\\\/wp-content\\\/uploads\\\/2023\\\/02\\\/aic.jpg\",\"width\":180,\"height\":180,\"caption\":\"AIC-Giovannetti Courtier g\u00e9n\u00e9raliste en assurances, sp\u00e9cialiste des boulangers et des m\u00e9tiers de bouche\"},\"image\":{\"@id\":\"https:\\\/\\\/aic-giovannetti.info\\\/#\\\/schema\\\/logo\\\/image\\\/\"},\"sameAs\":[\"https:\\\/\\\/www.facebook.com\\\/aicgiovannetti\\\/\"]}]}<\/script>\n<!-- \/ Yoast SEO plugin. -->","yoast_head_json":{"title":"Accueil - Courtier g\u00e9n\u00e9raliste en assurances, sp\u00e9cialiste des boulangers et des m\u00e9tiers de bouche","description":"AIC Giovannetti est architecte de solutions d\u02bcassurance depuis plus de 60 ans notamment sp\u00e9cialis\u00e9 dans les m\u00e9tiers de bouche.","robots":{"index":"index","follow":"follow","max-snippet":"max-snippet:-1","max-image-preview":"max-image-preview:large","max-video-preview":"max-video-preview:-1"},"canonical":"https:\/\/aic-giovannetti.info\/","og_locale":"fr_FR","og_type":"article","og_title":"Accueil - Courtier g\u00e9n\u00e9raliste en assurances, sp\u00e9cialiste des boulangers et des m\u00e9tiers de bouche","og_description":"AIC Giovannetti est architecte de solutions d\u02bcassurance depuis plus de 60 ans notamment sp\u00e9cialis\u00e9 dans les m\u00e9tiers de bouche.","og_url":"https:\/\/aic-giovannetti.info\/","og_site_name":"Courtier g\u00e9n\u00e9raliste en assurances, sp\u00e9cialiste des boulangers et des m\u00e9tiers de bouche","article_publisher":"https:\/\/www.facebook.com\/aicgiovannetti\/","article_modified_time":"2023-02-07T16:59:47+00:00","twitter_card":"summary_large_image","twitter_misc":{"Dur\u00e9e de lecture estim\u00e9e":"2 minutes"},"schema":{"@context":"https:\/\/schema.org","@graph":[{"@type":"WebPage","@id":"https:\/\/aic-giovannetti.info\/","url":"https:\/\/aic-giovannetti.info\/","name":"Accueil - Courtier g\u00e9n\u00e9raliste en assurances, sp\u00e9cialiste des boulangers et des m\u00e9tiers de bouche","isPartOf":{"@id":"https:\/\/aic-giovannetti.info\/#website"},"datePublished":"2015-11-11T19:34:53+00:00","dateModified":"2023-02-07T16:59:47+00:00","description":"AIC Giovannetti est architecte de solutions d\u02bcassurance depuis plus de 60 ans notamment sp\u00e9cialis\u00e9 dans les m\u00e9tiers de bouche.","breadcrumb":{"@id":"https:\/\/aic-giovannetti.info\/#breadcrumb"},"inLanguage":"fr-FR","potentialAction":[{"@type":"ReadAction","target":["https:\/\/aic-giovannetti.info\/"]}]},{"@type":"BreadcrumbList","@id":"https:\/\/aic-giovannetti.info\/#breadcrumb","itemListElement":[{"@type":"ListItem","position":1,"name":"Accueil","item":"https:\/\/aic-giovannetti.info\/"},{"@type":"ListItem","position":2,"name":"Accueil"}]},{"@type":"WebSite","@id":"https:\/\/aic-giovannetti.info\/#website","url":"https:\/\/aic-giovannetti.info\/","name":"AIC-Giovannetti","description":"Particuliers, entreprises, artisans, commer\u00e7ants et professions lib\u00e9rales","publisher":{"@id":"https:\/\/aic-giovannetti.info\/#organization"},"potentialAction":[{"@type":"SearchAction","target":{"@type":"EntryPoint","urlTemplate":"https:\/\/aic-giovannetti.info\/?s={search_term_string}"},"query-input":{"@type":"PropertyValueSpecification","valueRequired":true,"valueName":"search_term_string"}}],"inLanguage":"fr-FR"},{"@type":"Organization","@id":"https:\/\/aic-giovannetti.info\/#organization","name":"AIC-Giovannetti Courtier g\u00e9n\u00e9raliste en assurances, sp\u00e9cialiste des boulangers et des m\u00e9tiers de bouche","url":"https:\/\/aic-giovannetti.info\/","logo":{"@type":"ImageObject","inLanguage":"fr-FR","@id":"https:\/\/aic-giovannetti.info\/#\/schema\/logo\/image\/","url":"http:\/\/aic-giovannetti.info\/wp-content\/uploads\/2023\/02\/aic.jpg","contentUrl":"http:\/\/aic-giovannetti.info\/wp-content\/uploads\/2023\/02\/aic.jpg","width":180,"height":180,"caption":"AIC-Giovannetti Courtier g\u00e9n\u00e9raliste en assurances, sp\u00e9cialiste des boulangers et des m\u00e9tiers de bouche"},"image":{"@id":"https:\/\/aic-giovannetti.info\/#\/schema\/logo\/image\/"},"sameAs":["https:\/\/www.facebook.com\/aicgiovannetti\/"]}]}},"_links":{"self":[{"href":"https:\/\/aic-giovannetti.info\/index.php\/wp-json\/wp\/v2\/pages\/12","targetHints":{"allow":["GET"]}}],"collection":[{"href":"https:\/\/aic-giovannetti.info\/index.php\/wp-json\/wp\/v2\/pages"}],"about":[{"href":"https:\/\/aic-giovannetti.info\/index.php\/wp-json\/wp\/v2\/types\/page"}],"author":[{"embeddable":true,"href":"https:\/\/aic-giovannetti.info\/index.php\/wp-json\/wp\/v2\/users\/1"}],"replies":[{"embeddable":true,"href":"https:\/\/aic-giovannetti.info\/index.php\/wp-json\/wp\/v2\/comments?post=12"}],"version-history":[{"count":63,"href":"https:\/\/aic-giovannetti.info\/index.php\/wp-json\/wp\/v2\/pages\/12\/revisions"}],"predecessor-version":[{"id":1755,"href":"https:\/\/aic-giovannetti.info\/index.php\/wp-json\/wp\/v2\/pages\/12\/revisions\/1755"}],"wp:attachment":[{"href":"https:\/\/aic-giovannetti.info\/index.php\/wp-json\/wp\/v2\/media?parent=12"}],"curies":[{"name":"wp","href":"https:\/\/api.w.org\/{rel}","templated":true}]}}