{"id":119,"date":"2015-11-22T19:34:09","date_gmt":"2015-11-22T18:34:09","guid":{"rendered":"http:\/\/aic-giovannetti.info\/?page_id=119"},"modified":"2016-04-21T10:13:18","modified_gmt":"2016-04-21T08:13:18","slug":"assureur-des-particuliers","status":"publish","type":"page","link":"https:\/\/aic-giovannetti.info\/index.php\/assureur-des-particuliers\/","title":{"rendered":"Assureur des particuliers"},"content":{"rendered":"<div class=\"wpb-content-wrapper\"><p>[vc_row][vc_column width=\u00a0\u00bb2\/3&Prime;][vc_custom_heading text=\u00a0\u00bbPourquoi choisir un courtier plut\u00f4t qu&rsquo;un agent g\u00e9n\u00e9ral ?\u00a0\u00bb google_fonts=\u00a0\u00bbfont_family:Montserrat%3Aregular%2C700|font_style:400%20regular%3A400%3Anormal\u00a0\u00bb][vc_column_text]<\/p>\n<div class=\"page\" title=\"Page 2\">\n<div class=\"layoutArea\">\n<div class=\"column\">\n<p>Un agent ge\u0301ne\u0301ral d\u02bcassurance repre\u0301sente une seule compagnie et ses contrats. Une socie\u0301te\u0301 de courtage en assurance offre un panel de compagnies et des contrats diffe\u0301rents selon les besoins de ses clients.<\/p>\n<p>aic giovannetti est ainsi partenaire des plus grandes compagnies d\u02bcassurance ge\u0301ne\u0301ralistes ou spe\u0301cialise\u0301es. En matie\u0300re d\u02bcassurance les besoins de l\u02bcun ne sont force\u0301ment ceux de son voisin. Nous pouvons ainsi vous proposer le contrat qui correspond parfaitement a\u0300 vos besoins et a\u0300 vos aspirations. Un contrat sur-mesure ve\u0301ritablement e\u0301tudie\u0301 pour vous selon vos crite\u0300res et vos pre\u0301fe\u0301rences en terme de couverture de risque, de dure\u0301e ou de cou\u0302t.<\/p>\n<p>Nous travaillons avec vous en totale transparence et avec la volonte\u0301 d\u02bce\u0301tablir des relations de confiance durables. Nous nous engageons a\u0300 vos cote\u0301s aupre\u0300s de nos compagnies-partenaires pour de\u0301fendre vos inte\u0301re\u0302ts.<\/p>\n<p style=\"text-align: right;\"><span style=\"text-decoration: underline;\"><a href=\"https:\/\/aic-giovannetti.info\/index.php\/partenaires-assureurs-daic-giovannetti\/\">Voir la liste de nos partenaires assureurs<\/a>.<\/span><\/p>\n<p>N\u2019h\u00e9sitez pas \u00e0 nous contacter pour obtenir un devis pour vos\u00a0besoins suivants<\/p>\n<ul>\n<li>automobiles<\/li>\n<li>2 roues<\/li>\n<li>maluss\u00e9s<\/li>\n<li>r\u00e9sili\u00e9s pour non paiement<\/li>\n<li>habitations principales et secondaires<\/li>\n<li>garantie des accidents de la vie<\/li>\n<li>retrait\u00e9 et Epargne<\/li>\n<li>mutuelle sant\u00e9<\/li>\n<li>protection juridique<\/li>\n<li>assurance emprunteur<\/li>\n<li>assistance voyage<\/li>\n<li>individuelle accident<\/li>\n<li>garantie des loyers impay\u00e9s<\/li>\n<li>tous risques bijoux et objets d\u2019art<\/li>\n<li>dommage ouvrage<\/li>\n<li>campings car et caravane<\/li>\n<li>auto collection<\/li>\n<li>individuelle scolaire<\/li>\n<li>navigation et plaisance<\/li>\n<li>responsabilit\u00e9 civile Chasse<\/li>\n<li>assurance Sant\u00e9 chien et chat<\/li>\n<li>assurance d\u00e9c\u00e8s et Invalidit\u00e9<\/li>\n<li>contrat Obs\u00e8ques<\/li>\n<li>contrat d\u00e9pendance<\/li>\n<li>responsabilit\u00e9 Civile organisation de f\u00eates<\/li>\n<li>tous risques exposition<\/li>\n<li>quad<\/li>\n<li>jet ski<\/li>\n<\/ul>\n<\/div>\n<\/div>\n<\/div>\n<p>[\/vc_column_text][\/vc_column][vc_column width=\u00a0\u00bb1\/3&Prime;][vc_row_inner][vc_column_inner][vc_column_text]<\/p>\n<h2><a href=\"https:\/\/aic-giovannetti.info\/index.php\/appointment-booking\/\"><img loading=\"lazy\" decoding=\"async\" class=\"alignleft size-full wp-image-359\" src=\"https:\/\/aic-giovannetti.info\/wp-content\/uploads\/2016\/01\/telephone-150pix.jpg\" alt=\"telephone-150pix\" width=\"150\" height=\"150\" \/><\/a><span style=\"text-decoration: underline;\"><a href=\"https:\/\/aic-giovannetti.info\/index.php\/appointment-booking\/\" target=\"_blank\">Je souhaite \u00eatre rappel\u00e9 par t\u00e9l\u00e9phone<\/a><\/span><\/h2>\n<p>Choisissez votre plage horaire[\/vc_column_text][\/vc_column_inner][\/vc_row_inner][vc_row_inner][vc_column_inner][vc_column_text]<\/p>\n<h2>Merci de remplir ce formulaire pour obtenir un devis.<\/h2>\n<div class=\"wpcf7 no-js\" id=\"wpcf7-f352-o1\" lang=\"fr-FR\" dir=\"ltr\" data-wpcf7-id=\"352\">\n<div class=\"screen-reader-response\"><p role=\"status\" aria-live=\"polite\" aria-atomic=\"true\"><\/p> <ul><\/ul><\/div>\n<form action=\"\/index.php\/wp-json\/wp\/v2\/pages\/119#wpcf7-f352-o1\" method=\"post\" class=\"wpcf7-form init\" aria-label=\"Formulaire de contact\" novalidate=\"novalidate\" data-status=\"init\">\n<fieldset class=\"hidden-fields-container\"><input type=\"hidden\" name=\"_wpcf7\" value=\"352\" \/><input type=\"hidden\" name=\"_wpcf7_version\" value=\"6.1.5\" \/><input type=\"hidden\" name=\"_wpcf7_locale\" value=\"fr_FR\" \/><input type=\"hidden\" name=\"_wpcf7_unit_tag\" value=\"wpcf7-f352-o1\" \/><input type=\"hidden\" name=\"_wpcf7_container_post\" value=\"0\" \/><input type=\"hidden\" name=\"_wpcf7_posted_data_hash\" value=\"\" \/><input type=\"hidden\" name=\"_wpcf7_recaptcha_response\" value=\"\" \/>\n<\/fieldset>\n<h3>Les champs marqu\u00e9s d'un ast\u00e9risque sont obligatoires\n<\/h3>\n<p>Votre pr\u00e9nom et votre NOM (*)\n<\/p>\n<p><span class=\"wpcf7-form-control-wrap\" data-name=\"your-name\"><input size=\"40\" maxlength=\"400\" class=\"wpcf7-form-control wpcf7-text wpcf7-validates-as-required\" aria-required=\"true\" aria-invalid=\"false\" value=\"\" type=\"text\" name=\"your-name\" \/><\/span>\n<\/p>\n<p>Entreprise\n<\/p>\n<p><span class=\"wpcf7-form-control-wrap\" data-name=\"your-entreprise\"><input size=\"40\" maxlength=\"400\" class=\"wpcf7-form-control wpcf7-text\" aria-invalid=\"false\" value=\"\" type=\"text\" name=\"your-entreprise\" \/><\/span>\n<\/p>\n<p>Sujet\n<\/p>\n<p><span class=\"wpcf7-form-control-wrap\" data-name=\"your-subject\"><input size=\"40\" maxlength=\"400\" class=\"wpcf7-form-control wpcf7-text wpcf7-validates-as-required\" aria-required=\"true\" aria-invalid=\"false\" value=\"\" type=\"text\" name=\"your-subject\" \/><\/span>\n<\/p>\n<p>Adresse\n<\/p>\n<p><span class=\"wpcf7-form-control-wrap\" data-name=\"your-address\"><input size=\"40\" maxlength=\"400\" class=\"wpcf7-form-control wpcf7-text wpcf7-validates-as-required\" aria-required=\"true\" aria-invalid=\"false\" value=\"\" type=\"text\" name=\"your-address\" \/><\/span>\n<\/p>\n<p>Code postal (*)\n<\/p>\n<p><span class=\"wpcf7-form-control-wrap\" data-name=\"codepostal\"><input class=\"wpcf7-form-control wpcf7-number wpcf7-validates-as-required wpcf7-validates-as-number\" aria-required=\"true\" aria-invalid=\"false\" value=\"\" type=\"number\" name=\"codepostal\" \/><\/span>\n<\/p>\n<p>Ville\n<\/p>\n<p><span class=\"wpcf7-form-control-wrap\" data-name=\"your-name\"><input size=\"40\" maxlength=\"400\" class=\"wpcf7-form-control wpcf7-text\" aria-invalid=\"false\" value=\"\" type=\"text\" name=\"your-name\" \/><\/span>\n<\/p>\n<p>T\u00e9l\u00e9phone\n<\/p>\n<p><span class=\"wpcf7-form-control-wrap\" data-name=\"Telephone\"><input size=\"40\" maxlength=\"400\" class=\"wpcf7-form-control wpcf7-tel wpcf7-text wpcf7-validates-as-tel\" aria-invalid=\"false\" value=\"\" type=\"tel\" name=\"Telephone\" \/><\/span>\n<\/p>\n<p>T\u00e9l\u00e9phone portable\n<\/p>\n<p><span class=\"wpcf7-form-control-wrap\" data-name=\"Telephone\"><input size=\"40\" maxlength=\"400\" class=\"wpcf7-form-control wpcf7-tel wpcf7-text wpcf7-validates-as-tel\" aria-invalid=\"false\" value=\"\" type=\"tel\" name=\"Telephone\" \/><\/span>\n<\/p>\n<p>Votre email (*)\n<\/p>\n<p><span class=\"wpcf7-form-control-wrap\" data-name=\"your-email\"><input size=\"40\" maxlength=\"400\" class=\"wpcf7-form-control wpcf7-email wpcf7-validates-as-required wpcf7-text wpcf7-validates-as-email\" aria-required=\"true\" aria-invalid=\"false\" value=\"\" type=\"email\" name=\"your-email\" \/><\/span>\n<\/p>\n<p>Votre message\n<\/p>\n<p><span class=\"wpcf7-form-control-wrap\" data-name=\"your-message\"><textarea cols=\"40\" rows=\"10\" maxlength=\"2000\" class=\"wpcf7-form-control wpcf7-textarea\" aria-invalid=\"false\" name=\"your-message\"><\/textarea><\/span>\n<\/p>\n<p><input class=\"wpcf7-form-control wpcf7-submit has-spinner\" type=\"submit\" value=\"Envoyer\" \/>\n<\/p><p style=\"display: none !important;\" class=\"akismet-fields-container\" data-prefix=\"_wpcf7_ak_\"><label>&#916;<textarea name=\"_wpcf7_ak_hp_textarea\" cols=\"45\" rows=\"8\" maxlength=\"100\"><\/textarea><\/label><input type=\"hidden\" id=\"ak_js_1\" name=\"_wpcf7_ak_js\" value=\"65\"\/><script>document.getElementById( \"ak_js_1\" ).setAttribute( \"value\", ( new Date() ).getTime() );<\/script><\/p><div class=\"wpcf7-response-output\" aria-hidden=\"true\"><\/div>\n<\/form>\n<\/div>\n[\/vc_column_text][\/vc_column_inner][\/vc_row_inner][vc_separator][\/vc_column][\/vc_row]<\/p>\n<\/div>","protected":false},"excerpt":{"rendered":"<p>[vc_row][vc_column width=\u00a0\u00bb2\/3&Prime;][vc_custom_heading text=\u00a0\u00bbPourquoi choisir un courtier plut\u00f4t qu&rsquo;un agent g\u00e9n\u00e9ral ?\u00a0\u00bb google_fonts=\u00a0\u00bbfont_family:Montserrat%3Aregular%2C700|font_style:400%20regular%3A400%3Anormal\u00a0\u00bb][vc_column_text] Un agent ge\u0301ne\u0301ral d\u02bcassurance repre\u0301sente une seule compagnie et ses contrats. Une socie\u0301te\u0301 de courtage en assurance offre un panel de compagnies et des contrats diffe\u0301rents selon les besoins de ses clients. aic giovannetti est ainsi partenaire des plus grandes compagnies d\u02bcassurance ge\u0301ne\u0301ralistes [&hellip;]<\/p>\n","protected":false},"author":1,"featured_media":0,"parent":0,"menu_order":0,"comment_status":"closed","ping_status":"closed","template":"","meta":{"footnotes":""},"class_list":["post-119","page","type-page","status-publish","hentry"],"yoast_head":"<!-- This site is optimized with the Yoast SEO plugin v27.4 - https:\/\/yoast.com\/product\/yoast-seo-wordpress\/ -->\n<title>Assureur des particuliers - aic-giovannetti<\/title>\n<meta name=\"description\" content=\"Pourquoi choisir un courtier plut\u00f4t qu&#039;un agent g\u00e9n\u00e9ral pour son assurance de particulier ?\" \/>\n<meta name=\"robots\" content=\"index, follow, max-snippet:-1, max-image-preview:large, max-video-preview:-1\" \/>\n<link rel=\"canonical\" href=\"https:\/\/aic-giovannetti.info\/index.php\/assureur-des-particuliers\/\" \/>\n<meta property=\"og:locale\" content=\"fr_FR\" \/>\n<meta property=\"og:type\" content=\"article\" \/>\n<meta property=\"og:title\" content=\"Assureur des particuliers - aic-giovannetti\" \/>\n<meta property=\"og:description\" content=\"Pourquoi choisir un courtier plut\u00f4t qu&#039;un agent g\u00e9n\u00e9ral pour son assurance de particulier ?\" \/>\n<meta property=\"og:url\" content=\"https:\/\/aic-giovannetti.info\/index.php\/assureur-des-particuliers\/\" \/>\n<meta property=\"og:site_name\" content=\"Courtier g\u00e9n\u00e9raliste en assurances, sp\u00e9cialiste des boulangers et des m\u00e9tiers de bouche\" \/>\n<meta property=\"article:publisher\" content=\"https:\/\/www.facebook.com\/aicgiovannetti\/\" \/>\n<meta property=\"article:modified_time\" content=\"2016-04-21T08:13:18+00:00\" \/>\n<meta property=\"og:image\" content=\"http:\/\/aic-giovannetti.info\/wp-content\/uploads\/2016\/01\/telephone-150pix.jpg\" \/>\n<meta name=\"twitter:card\" content=\"summary_large_image\" \/>\n<meta name=\"twitter:label1\" content=\"Dur\u00e9e de lecture estim\u00e9e\" \/>\n\t<meta name=\"twitter:data1\" content=\"2 minutes\" \/>\n<script type=\"application\/ld+json\" class=\"yoast-schema-graph\">{\"@context\":\"https:\\\/\\\/schema.org\",\"@graph\":[{\"@type\":\"WebPage\",\"@id\":\"https:\\\/\\\/aic-giovannetti.info\\\/index.php\\\/assureur-des-particuliers\\\/\",\"url\":\"https:\\\/\\\/aic-giovannetti.info\\\/index.php\\\/assureur-des-particuliers\\\/\",\"name\":\"Assureur des particuliers - aic-giovannetti\",\"isPartOf\":{\"@id\":\"https:\\\/\\\/aic-giovannetti.info\\\/#website\"},\"primaryImageOfPage\":{\"@id\":\"https:\\\/\\\/aic-giovannetti.info\\\/index.php\\\/assureur-des-particuliers\\\/#primaryimage\"},\"image\":{\"@id\":\"https:\\\/\\\/aic-giovannetti.info\\\/index.php\\\/assureur-des-particuliers\\\/#primaryimage\"},\"thumbnailUrl\":\"http:\\\/\\\/aic-giovannetti.info\\\/wp-content\\\/uploads\\\/2016\\\/01\\\/telephone-150pix.jpg\",\"datePublished\":\"2015-11-22T18:34:09+00:00\",\"dateModified\":\"2016-04-21T08:13:18+00:00\",\"description\":\"Pourquoi choisir un courtier plut\u00f4t qu'un agent g\u00e9n\u00e9ral pour son assurance de particulier ?\",\"breadcrumb\":{\"@id\":\"https:\\\/\\\/aic-giovannetti.info\\\/index.php\\\/assureur-des-particuliers\\\/#breadcrumb\"},\"inLanguage\":\"fr-FR\",\"potentialAction\":[{\"@type\":\"ReadAction\",\"target\":[\"https:\\\/\\\/aic-giovannetti.info\\\/index.php\\\/assureur-des-particuliers\\\/\"]}]},{\"@type\":\"ImageObject\",\"inLanguage\":\"fr-FR\",\"@id\":\"https:\\\/\\\/aic-giovannetti.info\\\/index.php\\\/assureur-des-particuliers\\\/#primaryimage\",\"url\":\"http:\\\/\\\/aic-giovannetti.info\\\/wp-content\\\/uploads\\\/2016\\\/01\\\/telephone-150pix.jpg\",\"contentUrl\":\"http:\\\/\\\/aic-giovannetti.info\\\/wp-content\\\/uploads\\\/2016\\\/01\\\/telephone-150pix.jpg\"},{\"@type\":\"BreadcrumbList\",\"@id\":\"https:\\\/\\\/aic-giovannetti.info\\\/index.php\\\/assureur-des-particuliers\\\/#breadcrumb\",\"itemListElement\":[{\"@type\":\"ListItem\",\"position\":1,\"name\":\"Accueil\",\"item\":\"https:\\\/\\\/aic-giovannetti.info\\\/\"},{\"@type\":\"ListItem\",\"position\":2,\"name\":\"Assureur des particuliers\"}]},{\"@type\":\"WebSite\",\"@id\":\"https:\\\/\\\/aic-giovannetti.info\\\/#website\",\"url\":\"https:\\\/\\\/aic-giovannetti.info\\\/\",\"name\":\"AIC-Giovannetti\",\"description\":\"Particuliers, entreprises, artisans, commer\u00e7ants et professions lib\u00e9rales\",\"publisher\":{\"@id\":\"https:\\\/\\\/aic-giovannetti.info\\\/#organization\"},\"potentialAction\":[{\"@type\":\"SearchAction\",\"target\":{\"@type\":\"EntryPoint\",\"urlTemplate\":\"https:\\\/\\\/aic-giovannetti.info\\\/?s={search_term_string}\"},\"query-input\":{\"@type\":\"PropertyValueSpecification\",\"valueRequired\":true,\"valueName\":\"search_term_string\"}}],\"inLanguage\":\"fr-FR\"},{\"@type\":\"Organization\",\"@id\":\"https:\\\/\\\/aic-giovannetti.info\\\/#organization\",\"name\":\"AIC-Giovannetti Courtier g\u00e9n\u00e9raliste en assurances, sp\u00e9cialiste des boulangers et des m\u00e9tiers de bouche\",\"url\":\"https:\\\/\\\/aic-giovannetti.info\\\/\",\"logo\":{\"@type\":\"ImageObject\",\"inLanguage\":\"fr-FR\",\"@id\":\"https:\\\/\\\/aic-giovannetti.info\\\/#\\\/schema\\\/logo\\\/image\\\/\",\"url\":\"http:\\\/\\\/aic-giovannetti.info\\\/wp-content\\\/uploads\\\/2023\\\/02\\\/aic.jpg\",\"contentUrl\":\"http:\\\/\\\/aic-giovannetti.info\\\/wp-content\\\/uploads\\\/2023\\\/02\\\/aic.jpg\",\"width\":180,\"height\":180,\"caption\":\"AIC-Giovannetti Courtier g\u00e9n\u00e9raliste en assurances, sp\u00e9cialiste des boulangers et des m\u00e9tiers de bouche\"},\"image\":{\"@id\":\"https:\\\/\\\/aic-giovannetti.info\\\/#\\\/schema\\\/logo\\\/image\\\/\"},\"sameAs\":[\"https:\\\/\\\/www.facebook.com\\\/aicgiovannetti\\\/\"]}]}<\/script>\n<!-- \/ Yoast SEO plugin. -->","yoast_head_json":{"title":"Assureur des particuliers - aic-giovannetti","description":"Pourquoi choisir un courtier plut\u00f4t qu'un agent g\u00e9n\u00e9ral pour son assurance de particulier ?","robots":{"index":"index","follow":"follow","max-snippet":"max-snippet:-1","max-image-preview":"max-image-preview:large","max-video-preview":"max-video-preview:-1"},"canonical":"https:\/\/aic-giovannetti.info\/index.php\/assureur-des-particuliers\/","og_locale":"fr_FR","og_type":"article","og_title":"Assureur des particuliers - aic-giovannetti","og_description":"Pourquoi choisir un courtier plut\u00f4t qu'un agent g\u00e9n\u00e9ral pour son assurance de particulier ?","og_url":"https:\/\/aic-giovannetti.info\/index.php\/assureur-des-particuliers\/","og_site_name":"Courtier g\u00e9n\u00e9raliste en assurances, sp\u00e9cialiste des boulangers et des m\u00e9tiers de bouche","article_publisher":"https:\/\/www.facebook.com\/aicgiovannetti\/","article_modified_time":"2016-04-21T08:13:18+00:00","og_image":[{"url":"http:\/\/aic-giovannetti.info\/wp-content\/uploads\/2016\/01\/telephone-150pix.jpg","type":"","width":"","height":""}],"twitter_card":"summary_large_image","twitter_misc":{"Dur\u00e9e de lecture estim\u00e9e":"2 minutes"},"schema":{"@context":"https:\/\/schema.org","@graph":[{"@type":"WebPage","@id":"https:\/\/aic-giovannetti.info\/index.php\/assureur-des-particuliers\/","url":"https:\/\/aic-giovannetti.info\/index.php\/assureur-des-particuliers\/","name":"Assureur des particuliers - aic-giovannetti","isPartOf":{"@id":"https:\/\/aic-giovannetti.info\/#website"},"primaryImageOfPage":{"@id":"https:\/\/aic-giovannetti.info\/index.php\/assureur-des-particuliers\/#primaryimage"},"image":{"@id":"https:\/\/aic-giovannetti.info\/index.php\/assureur-des-particuliers\/#primaryimage"},"thumbnailUrl":"http:\/\/aic-giovannetti.info\/wp-content\/uploads\/2016\/01\/telephone-150pix.jpg","datePublished":"2015-11-22T18:34:09+00:00","dateModified":"2016-04-21T08:13:18+00:00","description":"Pourquoi choisir un courtier plut\u00f4t qu'un agent g\u00e9n\u00e9ral pour son assurance de particulier ?","breadcrumb":{"@id":"https:\/\/aic-giovannetti.info\/index.php\/assureur-des-particuliers\/#breadcrumb"},"inLanguage":"fr-FR","potentialAction":[{"@type":"ReadAction","target":["https:\/\/aic-giovannetti.info\/index.php\/assureur-des-particuliers\/"]}]},{"@type":"ImageObject","inLanguage":"fr-FR","@id":"https:\/\/aic-giovannetti.info\/index.php\/assureur-des-particuliers\/#primaryimage","url":"http:\/\/aic-giovannetti.info\/wp-content\/uploads\/2016\/01\/telephone-150pix.jpg","contentUrl":"http:\/\/aic-giovannetti.info\/wp-content\/uploads\/2016\/01\/telephone-150pix.jpg"},{"@type":"BreadcrumbList","@id":"https:\/\/aic-giovannetti.info\/index.php\/assureur-des-particuliers\/#breadcrumb","itemListElement":[{"@type":"ListItem","position":1,"name":"Accueil","item":"https:\/\/aic-giovannetti.info\/"},{"@type":"ListItem","position":2,"name":"Assureur des particuliers"}]},{"@type":"WebSite","@id":"https:\/\/aic-giovannetti.info\/#website","url":"https:\/\/aic-giovannetti.info\/","name":"AIC-Giovannetti","description":"Particuliers, entreprises, artisans, commer\u00e7ants et professions lib\u00e9rales","publisher":{"@id":"https:\/\/aic-giovannetti.info\/#organization"},"potentialAction":[{"@type":"SearchAction","target":{"@type":"EntryPoint","urlTemplate":"https:\/\/aic-giovannetti.info\/?s={search_term_string}"},"query-input":{"@type":"PropertyValueSpecification","valueRequired":true,"valueName":"search_term_string"}}],"inLanguage":"fr-FR"},{"@type":"Organization","@id":"https:\/\/aic-giovannetti.info\/#organization","name":"AIC-Giovannetti Courtier g\u00e9n\u00e9raliste en assurances, sp\u00e9cialiste des boulangers et des m\u00e9tiers de bouche","url":"https:\/\/aic-giovannetti.info\/","logo":{"@type":"ImageObject","inLanguage":"fr-FR","@id":"https:\/\/aic-giovannetti.info\/#\/schema\/logo\/image\/","url":"http:\/\/aic-giovannetti.info\/wp-content\/uploads\/2023\/02\/aic.jpg","contentUrl":"http:\/\/aic-giovannetti.info\/wp-content\/uploads\/2023\/02\/aic.jpg","width":180,"height":180,"caption":"AIC-Giovannetti Courtier g\u00e9n\u00e9raliste en assurances, sp\u00e9cialiste des boulangers et des m\u00e9tiers de bouche"},"image":{"@id":"https:\/\/aic-giovannetti.info\/#\/schema\/logo\/image\/"},"sameAs":["https:\/\/www.facebook.com\/aicgiovannetti\/"]}]}},"_links":{"self":[{"href":"https:\/\/aic-giovannetti.info\/index.php\/wp-json\/wp\/v2\/pages\/119","targetHints":{"allow":["GET"]}}],"collection":[{"href":"https:\/\/aic-giovannetti.info\/index.php\/wp-json\/wp\/v2\/pages"}],"about":[{"href":"https:\/\/aic-giovannetti.info\/index.php\/wp-json\/wp\/v2\/types\/page"}],"author":[{"embeddable":true,"href":"https:\/\/aic-giovannetti.info\/index.php\/wp-json\/wp\/v2\/users\/1"}],"replies":[{"embeddable":true,"href":"https:\/\/aic-giovannetti.info\/index.php\/wp-json\/wp\/v2\/comments?post=119"}],"version-history":[{"count":14,"href":"https:\/\/aic-giovannetti.info\/index.php\/wp-json\/wp\/v2\/pages\/119\/revisions"}],"predecessor-version":[{"id":618,"href":"https:\/\/aic-giovannetti.info\/index.php\/wp-json\/wp\/v2\/pages\/119\/revisions\/618"}],"wp:attachment":[{"href":"https:\/\/aic-giovannetti.info\/index.php\/wp-json\/wp\/v2\/media?parent=119"}],"curies":[{"name":"wp","href":"https:\/\/api.w.org\/{rel}","templated":true}]}}